{"id":11503,"date":"2025-03-27T15:13:44","date_gmt":"2025-03-27T14:13:44","guid":{"rendered":"https:\/\/www.acetaiamarchi.com\/prodotto\/elegante-confezione-con-condimenti-balsamici-riserva-11-riserva-19\/"},"modified":"2026-01-03T14:01:25","modified_gmt":"2026-01-03T13:01:25","slug":"elegant-geschenkverpackung-mit-balsamico-gewurzen-riserva-11-riserva-19","status":"publish","type":"product","link":"https:\/\/www.acetaiamarchi.com\/de\/produkt\/elegant-geschenkverpackung-mit-balsamico-gewurzen-riserva-11-riserva-19\/","title":{"rendered":"Elegant Geschenkverpackung mit Balsamico-Gew\u00fcrzen \u201eRiserva 11\u201c &#038; \u201eRiserva 19\u201c"},"content":{"rendered":"<p>Die Balsamischen W\u00fcrzmittel \u201eRiserva 11\u201c und \u201eRiserva 19\u201c werden hergestellt, indem der eingekochte Most von autochthonen Trauben, die auf den B\u00f6den der Familie angebaut werden, und Weinessig ausgew\u00e4hlt und gemischt werden. Diese Zutaten reifen in edlen Holzf\u00e4ssern. Dank dieses Prozesses und der Verwendung hochwertiger Rohstoffe k\u00f6nnen wir Produkte mit einem einzigartigen und unverwechselbaren Geschmack anbieten.<\/p>\n<p>Dieses Geschenkset bietet Balsamische W\u00fcrzmittel mit einem intensiven und angenehm s\u00e4uerlichen Geschmack, einer tiefschwarzen und gl\u00e4nzenden Farbe sowie einem ausgepr\u00e4gten und bet\u00f6renden Duft. Sie werden in den eleganten Esmeralda-Flaschen zu 100 ml angeboten.<\/p>\n<p><strong>In der K\u00fcche:<\/strong> Sie eignen sich besonders gut, um den Geschmack von gekochtem Fleisch, Omeletts und Parmesancremes zu verfeinern.<\/p>\n","protected":false},"excerpt":{"rendered":"<p>Entstanden aus der perfekten Auswahl und Mischung von gekochtem Most und Weinessig aus den besten Trauben der Region, reifen diese wertvollen <strong>Balsamischen W\u00fcrzmittel<\/strong> in kleinen F\u00e4ssern aus verschiedenen edlen H\u00f6lzern, aus denen sie ihre charakteristische ausgewogene, intensive und angenehm s\u00e4uerliche Note aufnehmen, mit einer dunkelbraunen, klaren und gl\u00e4nzenden Farbe sowie einem duftenden Aroma mit ausgepr\u00e4gten balsamischen Noten.<\/p>\n","protected":false},"featured_media":2516,"template":"","meta":[],"product_brand":[],"product_cat":[510],"product_tag":[],"class_list":{"0":"post-11503","1":"product","2":"type-product","3":"status-publish","4":"has-post-thumbnail","6":"product_cat-geschenkpackungen","8":"first","9":"instock","10":"featured","11":"shipping-taxable","12":"purchasable","13":"product-type-simple"},"yoast_head":"<!-- This site is optimized with the Yoast SEO plugin v27.3 - https:\/\/yoast.com\/product\/yoast-seo-wordpress\/ -->\n<title>Elegant Geschenkverpackung mit Balsamico-Gew\u00fcrzen \u201eRiserva 11\u201c &amp; \u201eRiserva 19\u201c<\/title>\n<meta name=\"description\" content=\"Die Balsamischen W\u00fcrzmittel \u201eRiserva 11\u201c und \u201eRiserva 19\u201c werden hergestellt, indem der eingekochte Most von autochthonen Trauben.\" \/>\n<meta name=\"robots\" content=\"index, follow, max-snippet:-1, max-image-preview:large, max-video-preview:-1\" \/>\n<link rel=\"canonical\" href=\"https:\/\/www.acetaiamarchi.com\/de\/produkt\/elegant-geschenkverpackung-mit-balsamico-gewurzen-riserva-11-riserva-19\/\" \/>\n<meta property=\"og:locale\" content=\"de_DE\" \/>\n<meta property=\"og:type\" content=\"article\" \/>\n<meta property=\"og:title\" content=\"Elegant Geschenkverpackung mit Balsamico-Gew\u00fcrzen \u201eRiserva 11\u201c &amp; \u201eRiserva 19\u201c\" \/>\n<meta property=\"og:description\" content=\"Die Balsamischen W\u00fcrzmittel \u201eRiserva 11\u201c und \u201eRiserva 19\u201c werden hergestellt, indem der eingekochte Most von autochthonen Trauben.\" \/>\n<meta property=\"og:url\" content=\"https:\/\/www.acetaiamarchi.com\/de\/produkt\/elegant-geschenkverpackung-mit-balsamico-gewurzen-riserva-11-riserva-19\/\" \/>\n<meta property=\"og:site_name\" content=\"Acetaia Marchi\" \/>\n<meta property=\"article:modified_time\" content=\"2026-01-03T13:01:25+00:00\" \/>\n<meta property=\"og:image\" content=\"https:\/\/www.acetaiamarchi.com\/wp-content\/uploads\/2025\/03\/Confezione-regalo-condimenti-balsamici-Riserva-11-e-Riserva-19.jpg\" \/>\n\t<meta property=\"og:image:width\" content=\"1600\" \/>\n\t<meta property=\"og:image:height\" content=\"1600\" \/>\n\t<meta property=\"og:image:type\" content=\"image\/jpeg\" \/>\n<meta name=\"twitter:card\" content=\"summary_large_image\" \/>\n<meta name=\"twitter:label1\" content=\"Gesch\u00e4tzte Lesezeit\" \/>\n\t<meta name=\"twitter:data1\" content=\"1\u00a0Minute\" \/>\n<script type=\"application\/ld+json\" class=\"yoast-schema-graph\">{\"@context\":\"https:\\\/\\\/schema.org\",\"@graph\":[{\"@type\":\"WebPage\",\"@id\":\"https:\\\/\\\/www.acetaiamarchi.com\\\/de\\\/produkt\\\/elegant-geschenkverpackung-mit-balsamico-gewurzen-riserva-11-riserva-19\\\/\",\"url\":\"https:\\\/\\\/www.acetaiamarchi.com\\\/de\\\/produkt\\\/elegant-geschenkverpackung-mit-balsamico-gewurzen-riserva-11-riserva-19\\\/\",\"name\":\"Elegant Geschenkverpackung mit Balsamico-Gew\u00fcrzen \u201eRiserva 11\u201c & \u201eRiserva 19\u201c\",\"isPartOf\":{\"@id\":\"https:\\\/\\\/www.acetaiamarchi.com\\\/de\\\/#website\"},\"primaryImageOfPage\":{\"@id\":\"https:\\\/\\\/www.acetaiamarchi.com\\\/de\\\/produkt\\\/elegant-geschenkverpackung-mit-balsamico-gewurzen-riserva-11-riserva-19\\\/#primaryimage\"},\"image\":{\"@id\":\"https:\\\/\\\/www.acetaiamarchi.com\\\/de\\\/produkt\\\/elegant-geschenkverpackung-mit-balsamico-gewurzen-riserva-11-riserva-19\\\/#primaryimage\"},\"thumbnailUrl\":\"https:\\\/\\\/www.acetaiamarchi.com\\\/wp-content\\\/uploads\\\/2025\\\/03\\\/Confezione-regalo-condimenti-balsamici-Riserva-11-e-Riserva-19.jpg\",\"datePublished\":\"2025-03-27T14:13:44+00:00\",\"dateModified\":\"2026-01-03T13:01:25+00:00\",\"description\":\"Die Balsamischen W\u00fcrzmittel \u201eRiserva 11\u201c und \u201eRiserva 19\u201c werden hergestellt, indem der eingekochte Most von autochthonen Trauben.\",\"breadcrumb\":{\"@id\":\"https:\\\/\\\/www.acetaiamarchi.com\\\/de\\\/produkt\\\/elegant-geschenkverpackung-mit-balsamico-gewurzen-riserva-11-riserva-19\\\/#breadcrumb\"},\"inLanguage\":\"de\",\"potentialAction\":[{\"@type\":\"ReadAction\",\"target\":[\"https:\\\/\\\/www.acetaiamarchi.com\\\/de\\\/produkt\\\/elegant-geschenkverpackung-mit-balsamico-gewurzen-riserva-11-riserva-19\\\/\"]}]},{\"@type\":\"ImageObject\",\"inLanguage\":\"de\",\"@id\":\"https:\\\/\\\/www.acetaiamarchi.com\\\/de\\\/produkt\\\/elegant-geschenkverpackung-mit-balsamico-gewurzen-riserva-11-riserva-19\\\/#primaryimage\",\"url\":\"https:\\\/\\\/www.acetaiamarchi.com\\\/wp-content\\\/uploads\\\/2025\\\/03\\\/Confezione-regalo-condimenti-balsamici-Riserva-11-e-Riserva-19.jpg\",\"contentUrl\":\"https:\\\/\\\/www.acetaiamarchi.com\\\/wp-content\\\/uploads\\\/2025\\\/03\\\/Confezione-regalo-condimenti-balsamici-Riserva-11-e-Riserva-19.jpg\",\"width\":1600,\"height\":1600,\"caption\":\"Elegante confezione con Condimenti Balsamici Riserva 11 & Riserva 19\"},{\"@type\":\"BreadcrumbList\",\"@id\":\"https:\\\/\\\/www.acetaiamarchi.com\\\/de\\\/produkt\\\/elegant-geschenkverpackung-mit-balsamico-gewurzen-riserva-11-riserva-19\\\/#breadcrumb\",\"itemListElement\":[{\"@type\":\"ListItem\",\"position\":1,\"name\":\"Home\",\"item\":\"https:\\\/\\\/www.acetaiamarchi.com\\\/de\\\/\"},{\"@type\":\"ListItem\",\"position\":2,\"name\":\"Produkte\",\"item\":\"https:\\\/\\\/www.acetaiamarchi.com\\\/de\\\/shop\\\/\"},{\"@type\":\"ListItem\",\"position\":3,\"name\":\"Elegant Geschenkverpackung mit Balsamico-Gew\u00fcrzen \u201eRiserva 11\u201c &#038; \u201eRiserva 19\u201c\"}]},{\"@type\":\"WebSite\",\"@id\":\"https:\\\/\\\/www.acetaiamarchi.com\\\/de\\\/#website\",\"url\":\"https:\\\/\\\/www.acetaiamarchi.com\\\/de\\\/\",\"name\":\"Acetaia Marchi Srl\",\"description\":\"\",\"publisher\":{\"@id\":\"https:\\\/\\\/www.acetaiamarchi.com\\\/de\\\/#organization\"},\"potentialAction\":[{\"@type\":\"SearchAction\",\"target\":{\"@type\":\"EntryPoint\",\"urlTemplate\":\"https:\\\/\\\/www.acetaiamarchi.com\\\/de\\\/?s={search_term_string}\"},\"query-input\":{\"@type\":\"PropertyValueSpecification\",\"valueRequired\":true,\"valueName\":\"search_term_string\"}}],\"inLanguage\":\"de\"},{\"@type\":\"Organization\",\"@id\":\"https:\\\/\\\/www.acetaiamarchi.com\\\/de\\\/#organization\",\"name\":\"Acetaia Marchi Srl\",\"url\":\"https:\\\/\\\/www.acetaiamarchi.com\\\/de\\\/\",\"logo\":{\"@type\":\"ImageObject\",\"inLanguage\":\"de\",\"@id\":\"https:\\\/\\\/www.acetaiamarchi.com\\\/de\\\/#\\\/schema\\\/logo\\\/image\\\/\",\"url\":\"https:\\\/\\\/acetaiamarchi.com\\\/wp-content\\\/uploads\\\/2025\\\/03\\\/Acetaia-Marchi-Srl-Logo.png\",\"contentUrl\":\"https:\\\/\\\/acetaiamarchi.com\\\/wp-content\\\/uploads\\\/2025\\\/03\\\/Acetaia-Marchi-Srl-Logo.png\",\"width\":2000,\"height\":2000,\"caption\":\"Acetaia Marchi Srl\"},\"image\":{\"@id\":\"https:\\\/\\\/www.acetaiamarchi.com\\\/de\\\/#\\\/schema\\\/logo\\\/image\\\/\"}}]}<\/script>\n<!-- \/ Yoast SEO plugin. -->","yoast_head_json":{"title":"Elegant Geschenkverpackung mit Balsamico-Gew\u00fcrzen \u201eRiserva 11\u201c & \u201eRiserva 19\u201c","description":"Die Balsamischen W\u00fcrzmittel \u201eRiserva 11\u201c und \u201eRiserva 19\u201c werden hergestellt, indem der eingekochte Most von autochthonen Trauben.","robots":{"index":"index","follow":"follow","max-snippet":"max-snippet:-1","max-image-preview":"max-image-preview:large","max-video-preview":"max-video-preview:-1"},"canonical":"https:\/\/www.acetaiamarchi.com\/de\/produkt\/elegant-geschenkverpackung-mit-balsamico-gewurzen-riserva-11-riserva-19\/","og_locale":"de_DE","og_type":"article","og_title":"Elegant Geschenkverpackung mit Balsamico-Gew\u00fcrzen \u201eRiserva 11\u201c & \u201eRiserva 19\u201c","og_description":"Die Balsamischen W\u00fcrzmittel \u201eRiserva 11\u201c und \u201eRiserva 19\u201c werden hergestellt, indem der eingekochte Most von autochthonen Trauben.","og_url":"https:\/\/www.acetaiamarchi.com\/de\/produkt\/elegant-geschenkverpackung-mit-balsamico-gewurzen-riserva-11-riserva-19\/","og_site_name":"Acetaia Marchi","article_modified_time":"2026-01-03T13:01:25+00:00","og_image":[{"width":1600,"height":1600,"url":"https:\/\/www.acetaiamarchi.com\/wp-content\/uploads\/2025\/03\/Confezione-regalo-condimenti-balsamici-Riserva-11-e-Riserva-19.jpg","type":"image\/jpeg"}],"twitter_card":"summary_large_image","twitter_misc":{"Gesch\u00e4tzte Lesezeit":"1\u00a0Minute"},"schema":{"@context":"https:\/\/schema.org","@graph":[{"@type":"WebPage","@id":"https:\/\/www.acetaiamarchi.com\/de\/produkt\/elegant-geschenkverpackung-mit-balsamico-gewurzen-riserva-11-riserva-19\/","url":"https:\/\/www.acetaiamarchi.com\/de\/produkt\/elegant-geschenkverpackung-mit-balsamico-gewurzen-riserva-11-riserva-19\/","name":"Elegant Geschenkverpackung mit Balsamico-Gew\u00fcrzen \u201eRiserva 11\u201c & \u201eRiserva 19\u201c","isPartOf":{"@id":"https:\/\/www.acetaiamarchi.com\/de\/#website"},"primaryImageOfPage":{"@id":"https:\/\/www.acetaiamarchi.com\/de\/produkt\/elegant-geschenkverpackung-mit-balsamico-gewurzen-riserva-11-riserva-19\/#primaryimage"},"image":{"@id":"https:\/\/www.acetaiamarchi.com\/de\/produkt\/elegant-geschenkverpackung-mit-balsamico-gewurzen-riserva-11-riserva-19\/#primaryimage"},"thumbnailUrl":"https:\/\/www.acetaiamarchi.com\/wp-content\/uploads\/2025\/03\/Confezione-regalo-condimenti-balsamici-Riserva-11-e-Riserva-19.jpg","datePublished":"2025-03-27T14:13:44+00:00","dateModified":"2026-01-03T13:01:25+00:00","description":"Die Balsamischen W\u00fcrzmittel \u201eRiserva 11\u201c und \u201eRiserva 19\u201c werden hergestellt, indem der eingekochte Most von autochthonen Trauben.","breadcrumb":{"@id":"https:\/\/www.acetaiamarchi.com\/de\/produkt\/elegant-geschenkverpackung-mit-balsamico-gewurzen-riserva-11-riserva-19\/#breadcrumb"},"inLanguage":"de","potentialAction":[{"@type":"ReadAction","target":["https:\/\/www.acetaiamarchi.com\/de\/produkt\/elegant-geschenkverpackung-mit-balsamico-gewurzen-riserva-11-riserva-19\/"]}]},{"@type":"ImageObject","inLanguage":"de","@id":"https:\/\/www.acetaiamarchi.com\/de\/produkt\/elegant-geschenkverpackung-mit-balsamico-gewurzen-riserva-11-riserva-19\/#primaryimage","url":"https:\/\/www.acetaiamarchi.com\/wp-content\/uploads\/2025\/03\/Confezione-regalo-condimenti-balsamici-Riserva-11-e-Riserva-19.jpg","contentUrl":"https:\/\/www.acetaiamarchi.com\/wp-content\/uploads\/2025\/03\/Confezione-regalo-condimenti-balsamici-Riserva-11-e-Riserva-19.jpg","width":1600,"height":1600,"caption":"Elegante confezione con Condimenti Balsamici Riserva 11 & Riserva 19"},{"@type":"BreadcrumbList","@id":"https:\/\/www.acetaiamarchi.com\/de\/produkt\/elegant-geschenkverpackung-mit-balsamico-gewurzen-riserva-11-riserva-19\/#breadcrumb","itemListElement":[{"@type":"ListItem","position":1,"name":"Home","item":"https:\/\/www.acetaiamarchi.com\/de\/"},{"@type":"ListItem","position":2,"name":"Produkte","item":"https:\/\/www.acetaiamarchi.com\/de\/shop\/"},{"@type":"ListItem","position":3,"name":"Elegant Geschenkverpackung mit Balsamico-Gew\u00fcrzen \u201eRiserva 11\u201c &#038; \u201eRiserva 19\u201c"}]},{"@type":"WebSite","@id":"https:\/\/www.acetaiamarchi.com\/de\/#website","url":"https:\/\/www.acetaiamarchi.com\/de\/","name":"Acetaia Marchi Srl","description":"","publisher":{"@id":"https:\/\/www.acetaiamarchi.com\/de\/#organization"},"potentialAction":[{"@type":"SearchAction","target":{"@type":"EntryPoint","urlTemplate":"https:\/\/www.acetaiamarchi.com\/de\/?s={search_term_string}"},"query-input":{"@type":"PropertyValueSpecification","valueRequired":true,"valueName":"search_term_string"}}],"inLanguage":"de"},{"@type":"Organization","@id":"https:\/\/www.acetaiamarchi.com\/de\/#organization","name":"Acetaia Marchi Srl","url":"https:\/\/www.acetaiamarchi.com\/de\/","logo":{"@type":"ImageObject","inLanguage":"de","@id":"https:\/\/www.acetaiamarchi.com\/de\/#\/schema\/logo\/image\/","url":"https:\/\/acetaiamarchi.com\/wp-content\/uploads\/2025\/03\/Acetaia-Marchi-Srl-Logo.png","contentUrl":"https:\/\/acetaiamarchi.com\/wp-content\/uploads\/2025\/03\/Acetaia-Marchi-Srl-Logo.png","width":2000,"height":2000,"caption":"Acetaia Marchi Srl"},"image":{"@id":"https:\/\/www.acetaiamarchi.com\/de\/#\/schema\/logo\/image\/"}}]}},"_links":{"self":[{"href":"https:\/\/www.acetaiamarchi.com\/de\/wp-json\/wp\/v2\/product\/11503","targetHints":{"allow":["GET"]}}],"collection":[{"href":"https:\/\/www.acetaiamarchi.com\/de\/wp-json\/wp\/v2\/product"}],"about":[{"href":"https:\/\/www.acetaiamarchi.com\/de\/wp-json\/wp\/v2\/types\/product"}],"version-history":[{"count":5,"href":"https:\/\/www.acetaiamarchi.com\/de\/wp-json\/wp\/v2\/product\/11503\/revisions"}],"predecessor-version":[{"id":14009,"href":"https:\/\/www.acetaiamarchi.com\/de\/wp-json\/wp\/v2\/product\/11503\/revisions\/14009"}],"wp:featuredmedia":[{"embeddable":true,"href":"https:\/\/www.acetaiamarchi.com\/de\/wp-json\/wp\/v2\/media\/2516"}],"wp:attachment":[{"href":"https:\/\/www.acetaiamarchi.com\/de\/wp-json\/wp\/v2\/media?parent=11503"}],"wp:term":[{"taxonomy":"product_brand","embeddable":true,"href":"https:\/\/www.acetaiamarchi.com\/de\/wp-json\/wp\/v2\/product_brand?post=11503"},{"taxonomy":"product_cat","embeddable":true,"href":"https:\/\/www.acetaiamarchi.com\/de\/wp-json\/wp\/v2\/product_cat?post=11503"},{"taxonomy":"product_tag","embeddable":true,"href":"https:\/\/www.acetaiamarchi.com\/de\/wp-json\/wp\/v2\/product_tag?post=11503"}],"curies":[{"name":"wp","href":"https:\/\/api.w.org\/{rel}","templated":true}]}}