{"id":11224,"date":"2025-03-27T15:32:06","date_gmt":"2025-03-27T14:32:06","guid":{"rendered":"https:\/\/www.acetaiamarchi.com\/?post_type=product&#038;p=11224"},"modified":"2026-01-13T17:48:52","modified_gmt":"2026-01-13T16:48:52","slug":"elegante-geschenkverpackung-mit-balsamico-condiments-riserva-16-riserva-30","status":"publish","type":"product","link":"https:\/\/www.acetaiamarchi.com\/de\/produkt\/elegante-geschenkverpackung-mit-balsamico-condiments-riserva-16-riserva-30\/","title":{"rendered":"Elegante Geschenkverpackung mit Balsamico-Condiments \u201eRiserva 16\u201c &#038; \u201eRiserva 30\u201c"},"content":{"rendered":"<p>Dieses elegante Geschenkset enth\u00e4lt zwei erlesene Balsamico-Gew\u00fcrze: den \u201eRiserva 16\u201c und den \u201eRiserva 30\u201c. Diese Produkte fallen auf den ersten Blick durch ihre intensive, klare und gl\u00e4nzende schwarze Farbe auf. Schon beim ersten Probieren \u00fcberzeugen sie mit ihrem ausgewogenen und angenehm s\u00e4uerlichen Geschmack, begleitet von einem duftenden Aroma mit ausgepr\u00e4gten Balsamnoten.<\/p>\n<p>Was diese Balsamico-Gew\u00fcrze so liebenswert macht, sind sicherlich die traditionellen Zubereitungsmethoden, die \u00fcber Jahrhunderte von der Familie Marchi weitergegeben wurden. Unsere Produktion umfasst die Kombination optimal gekochter Traubenmoste, hergestellt aus den autochthonen modenischen Trauben unserer Familienreben, und einem hervorragenden Weinessig. Diese sorgf\u00e4ltig ausgew\u00e4hlten Zutaten werden behutsam vermischt und jahrelang ruhen gelassen, zun\u00e4chst in Eichenf\u00e4ssern und anschlie\u00dfend in alten kleinen F\u00e4ssern aus verschiedenen edlen H\u00f6lzern.<\/p>\n<p>Diese Herstellungsverfahren erm\u00f6glichen die Entstehung von Produkten h\u00f6chster Qualit\u00e4t und bemerkenswerter Reife. Dieses Geschenkset enth\u00e4lt Balsamico-Gew\u00fcrze, die als wahre Schmuckst\u00fccke f\u00fcr Ausstellung und Verkostung gelten k\u00f6nnen, pr\u00e4sentiert in eleganten Esmeralda-Flaschen \u00e0 40 ml.<\/p>\n<p><strong><em>In der K\u00fcche<\/em>:<\/strong> Hervorragend zur Zubereitung von Risotto, Omeletts und gegrillten Garnelen geeignet.<\/p>\n","protected":false},"excerpt":{"rendered":"<p>Diese kostbaren Balsamico-Gew\u00fcrze, von dunkelbrauner Farbe, klar und gl\u00e4nzend, mit einem ausgewogenen, intensiven, angenehm s\u00e4uerlichen Geschmack und einem duftenden Aroma mit ausgepr\u00e4gten balsamischen Noten, werden durch die seit Jahrhunderten von der Familie Marchi weitergegebene Meisterschaft hergestellt.<\/p>\n","protected":false},"featured_media":2516,"template":"","meta":[],"product_brand":[],"product_cat":[510],"product_tag":[322,386],"class_list":{"0":"post-11224","1":"product","2":"type-product","3":"status-publish","4":"has-post-thumbnail","6":"product_cat-geschenkpackungen","7":"product_tag-geschenkbox","8":"product_tag-gewurze","10":"first","11":"outofstock","12":"featured","13":"shipping-taxable","14":"purchasable","15":"product-type-simple"},"yoast_head":"<!-- This site is optimized with the Yoast SEO plugin v27.4 - https:\/\/yoast.com\/product\/yoast-seo-wordpress\/ -->\n<title>Elegante Geschenkverpackung mit Balsamico-Condiments \u201eRiserva 16\u201c &amp; \u201eRiserva 30\u201c - Acetaia Marchi<\/title>\n<meta name=\"description\" content=\"iese elegante Geschenkbox enth\u00e4lt zwei kostbare Balsamico-W\u00fcrze: Riserva 16 und Riserva 30.\" \/>\n<meta name=\"robots\" content=\"index, follow, max-snippet:-1, max-image-preview:large, max-video-preview:-1\" \/>\n<link rel=\"canonical\" href=\"https:\/\/www.acetaiamarchi.com\/de\/produkt\/elegante-geschenkverpackung-mit-balsamico-condiments-riserva-16-riserva-30\/\" \/>\n<meta property=\"og:locale\" content=\"de_DE\" \/>\n<meta property=\"og:type\" content=\"article\" \/>\n<meta property=\"og:title\" content=\"Elegante Geschenkverpackung mit Balsamico-Condiments \u201eRiserva 16\u201c &amp; \u201eRiserva 30\u201c - Acetaia Marchi\" \/>\n<meta property=\"og:description\" content=\"iese elegante Geschenkbox enth\u00e4lt zwei kostbare Balsamico-W\u00fcrze: Riserva 16 und Riserva 30.\" \/>\n<meta property=\"og:url\" content=\"https:\/\/www.acetaiamarchi.com\/de\/produkt\/elegante-geschenkverpackung-mit-balsamico-condiments-riserva-16-riserva-30\/\" \/>\n<meta property=\"og:site_name\" content=\"Acetaia Marchi\" \/>\n<meta property=\"article:modified_time\" content=\"2026-01-13T16:48:52+00:00\" \/>\n<meta property=\"og:image\" content=\"https:\/\/www.acetaiamarchi.com\/wp-content\/uploads\/2025\/03\/Confezione-regalo-condimenti-balsamici-Riserva-11-e-Riserva-19.jpg\" \/>\n\t<meta property=\"og:image:width\" content=\"1600\" \/>\n\t<meta property=\"og:image:height\" content=\"1600\" \/>\n\t<meta property=\"og:image:type\" content=\"image\/jpeg\" \/>\n<meta name=\"twitter:card\" content=\"summary_large_image\" \/>\n<meta name=\"twitter:label1\" content=\"Gesch\u00e4tzte Lesezeit\" \/>\n\t<meta name=\"twitter:data1\" content=\"2\u00a0Minuten\" \/>\n<script type=\"application\/ld+json\" class=\"yoast-schema-graph\">{\"@context\":\"https:\\\/\\\/schema.org\",\"@graph\":[{\"@type\":\"WebPage\",\"@id\":\"https:\\\/\\\/www.acetaiamarchi.com\\\/de\\\/produkt\\\/elegante-geschenkverpackung-mit-balsamico-condiments-riserva-16-riserva-30\\\/\",\"url\":\"https:\\\/\\\/www.acetaiamarchi.com\\\/de\\\/produkt\\\/elegante-geschenkverpackung-mit-balsamico-condiments-riserva-16-riserva-30\\\/\",\"name\":\"Elegante Geschenkverpackung mit Balsamico-Condiments \u201eRiserva 16\u201c & \u201eRiserva 30\u201c - Acetaia Marchi\",\"isPartOf\":{\"@id\":\"https:\\\/\\\/www.acetaiamarchi.com\\\/de\\\/#website\"},\"primaryImageOfPage\":{\"@id\":\"https:\\\/\\\/www.acetaiamarchi.com\\\/de\\\/produkt\\\/elegante-geschenkverpackung-mit-balsamico-condiments-riserva-16-riserva-30\\\/#primaryimage\"},\"image\":{\"@id\":\"https:\\\/\\\/www.acetaiamarchi.com\\\/de\\\/produkt\\\/elegante-geschenkverpackung-mit-balsamico-condiments-riserva-16-riserva-30\\\/#primaryimage\"},\"thumbnailUrl\":\"https:\\\/\\\/www.acetaiamarchi.com\\\/wp-content\\\/uploads\\\/2025\\\/03\\\/Confezione-regalo-condimenti-balsamici-Riserva-11-e-Riserva-19.jpg\",\"datePublished\":\"2025-03-27T14:32:06+00:00\",\"dateModified\":\"2026-01-13T16:48:52+00:00\",\"description\":\"iese elegante Geschenkbox enth\u00e4lt zwei kostbare Balsamico-W\u00fcrze: Riserva 16 und Riserva 30.\",\"breadcrumb\":{\"@id\":\"https:\\\/\\\/www.acetaiamarchi.com\\\/de\\\/produkt\\\/elegante-geschenkverpackung-mit-balsamico-condiments-riserva-16-riserva-30\\\/#breadcrumb\"},\"inLanguage\":\"de\",\"potentialAction\":[{\"@type\":\"ReadAction\",\"target\":[\"https:\\\/\\\/www.acetaiamarchi.com\\\/de\\\/produkt\\\/elegante-geschenkverpackung-mit-balsamico-condiments-riserva-16-riserva-30\\\/\"]}]},{\"@type\":\"ImageObject\",\"inLanguage\":\"de\",\"@id\":\"https:\\\/\\\/www.acetaiamarchi.com\\\/de\\\/produkt\\\/elegante-geschenkverpackung-mit-balsamico-condiments-riserva-16-riserva-30\\\/#primaryimage\",\"url\":\"https:\\\/\\\/www.acetaiamarchi.com\\\/wp-content\\\/uploads\\\/2025\\\/03\\\/Confezione-regalo-condimenti-balsamici-Riserva-11-e-Riserva-19.jpg\",\"contentUrl\":\"https:\\\/\\\/www.acetaiamarchi.com\\\/wp-content\\\/uploads\\\/2025\\\/03\\\/Confezione-regalo-condimenti-balsamici-Riserva-11-e-Riserva-19.jpg\",\"width\":1600,\"height\":1600,\"caption\":\"Elegante confezione con Condimenti Balsamici Riserva 11 & Riserva 19\"},{\"@type\":\"BreadcrumbList\",\"@id\":\"https:\\\/\\\/www.acetaiamarchi.com\\\/de\\\/produkt\\\/elegante-geschenkverpackung-mit-balsamico-condiments-riserva-16-riserva-30\\\/#breadcrumb\",\"itemListElement\":[{\"@type\":\"ListItem\",\"position\":1,\"name\":\"Home\",\"item\":\"https:\\\/\\\/www.acetaiamarchi.com\\\/de\\\/\"},{\"@type\":\"ListItem\",\"position\":2,\"name\":\"Produkte\",\"item\":\"https:\\\/\\\/www.acetaiamarchi.com\\\/de\\\/shop\\\/\"},{\"@type\":\"ListItem\",\"position\":3,\"name\":\"Elegante Geschenkverpackung mit Balsamico-Condiments \u201eRiserva 16\u201c &#038; \u201eRiserva 30\u201c\"}]},{\"@type\":\"WebSite\",\"@id\":\"https:\\\/\\\/www.acetaiamarchi.com\\\/de\\\/#website\",\"url\":\"https:\\\/\\\/www.acetaiamarchi.com\\\/de\\\/\",\"name\":\"Acetaia Marchi Srl\",\"description\":\"\",\"publisher\":{\"@id\":\"https:\\\/\\\/www.acetaiamarchi.com\\\/de\\\/#organization\"},\"potentialAction\":[{\"@type\":\"SearchAction\",\"target\":{\"@type\":\"EntryPoint\",\"urlTemplate\":\"https:\\\/\\\/www.acetaiamarchi.com\\\/de\\\/?s={search_term_string}\"},\"query-input\":{\"@type\":\"PropertyValueSpecification\",\"valueRequired\":true,\"valueName\":\"search_term_string\"}}],\"inLanguage\":\"de\"},{\"@type\":\"Organization\",\"@id\":\"https:\\\/\\\/www.acetaiamarchi.com\\\/de\\\/#organization\",\"name\":\"Acetaia Marchi Srl\",\"url\":\"https:\\\/\\\/www.acetaiamarchi.com\\\/de\\\/\",\"logo\":{\"@type\":\"ImageObject\",\"inLanguage\":\"de\",\"@id\":\"https:\\\/\\\/www.acetaiamarchi.com\\\/de\\\/#\\\/schema\\\/logo\\\/image\\\/\",\"url\":\"https:\\\/\\\/acetaiamarchi.com\\\/wp-content\\\/uploads\\\/2025\\\/03\\\/Acetaia-Marchi-Srl-Logo.png\",\"contentUrl\":\"https:\\\/\\\/acetaiamarchi.com\\\/wp-content\\\/uploads\\\/2025\\\/03\\\/Acetaia-Marchi-Srl-Logo.png\",\"width\":2000,\"height\":2000,\"caption\":\"Acetaia Marchi Srl\"},\"image\":{\"@id\":\"https:\\\/\\\/www.acetaiamarchi.com\\\/de\\\/#\\\/schema\\\/logo\\\/image\\\/\"}}]}<\/script>\n<!-- \/ Yoast SEO plugin. -->","yoast_head_json":{"title":"Elegante Geschenkverpackung mit Balsamico-Condiments \u201eRiserva 16\u201c & \u201eRiserva 30\u201c - Acetaia Marchi","description":"iese elegante Geschenkbox enth\u00e4lt zwei kostbare Balsamico-W\u00fcrze: Riserva 16 und Riserva 30.","robots":{"index":"index","follow":"follow","max-snippet":"max-snippet:-1","max-image-preview":"max-image-preview:large","max-video-preview":"max-video-preview:-1"},"canonical":"https:\/\/www.acetaiamarchi.com\/de\/produkt\/elegante-geschenkverpackung-mit-balsamico-condiments-riserva-16-riserva-30\/","og_locale":"de_DE","og_type":"article","og_title":"Elegante Geschenkverpackung mit Balsamico-Condiments \u201eRiserva 16\u201c & \u201eRiserva 30\u201c - Acetaia Marchi","og_description":"iese elegante Geschenkbox enth\u00e4lt zwei kostbare Balsamico-W\u00fcrze: Riserva 16 und Riserva 30.","og_url":"https:\/\/www.acetaiamarchi.com\/de\/produkt\/elegante-geschenkverpackung-mit-balsamico-condiments-riserva-16-riserva-30\/","og_site_name":"Acetaia Marchi","article_modified_time":"2026-01-13T16:48:52+00:00","og_image":[{"width":1600,"height":1600,"url":"https:\/\/www.acetaiamarchi.com\/wp-content\/uploads\/2025\/03\/Confezione-regalo-condimenti-balsamici-Riserva-11-e-Riserva-19.jpg","type":"image\/jpeg"}],"twitter_card":"summary_large_image","twitter_misc":{"Gesch\u00e4tzte Lesezeit":"2\u00a0Minuten"},"schema":{"@context":"https:\/\/schema.org","@graph":[{"@type":"WebPage","@id":"https:\/\/www.acetaiamarchi.com\/de\/produkt\/elegante-geschenkverpackung-mit-balsamico-condiments-riserva-16-riserva-30\/","url":"https:\/\/www.acetaiamarchi.com\/de\/produkt\/elegante-geschenkverpackung-mit-balsamico-condiments-riserva-16-riserva-30\/","name":"Elegante Geschenkverpackung mit Balsamico-Condiments \u201eRiserva 16\u201c & \u201eRiserva 30\u201c - Acetaia Marchi","isPartOf":{"@id":"https:\/\/www.acetaiamarchi.com\/de\/#website"},"primaryImageOfPage":{"@id":"https:\/\/www.acetaiamarchi.com\/de\/produkt\/elegante-geschenkverpackung-mit-balsamico-condiments-riserva-16-riserva-30\/#primaryimage"},"image":{"@id":"https:\/\/www.acetaiamarchi.com\/de\/produkt\/elegante-geschenkverpackung-mit-balsamico-condiments-riserva-16-riserva-30\/#primaryimage"},"thumbnailUrl":"https:\/\/www.acetaiamarchi.com\/wp-content\/uploads\/2025\/03\/Confezione-regalo-condimenti-balsamici-Riserva-11-e-Riserva-19.jpg","datePublished":"2025-03-27T14:32:06+00:00","dateModified":"2026-01-13T16:48:52+00:00","description":"iese elegante Geschenkbox enth\u00e4lt zwei kostbare Balsamico-W\u00fcrze: Riserva 16 und Riserva 30.","breadcrumb":{"@id":"https:\/\/www.acetaiamarchi.com\/de\/produkt\/elegante-geschenkverpackung-mit-balsamico-condiments-riserva-16-riserva-30\/#breadcrumb"},"inLanguage":"de","potentialAction":[{"@type":"ReadAction","target":["https:\/\/www.acetaiamarchi.com\/de\/produkt\/elegante-geschenkverpackung-mit-balsamico-condiments-riserva-16-riserva-30\/"]}]},{"@type":"ImageObject","inLanguage":"de","@id":"https:\/\/www.acetaiamarchi.com\/de\/produkt\/elegante-geschenkverpackung-mit-balsamico-condiments-riserva-16-riserva-30\/#primaryimage","url":"https:\/\/www.acetaiamarchi.com\/wp-content\/uploads\/2025\/03\/Confezione-regalo-condimenti-balsamici-Riserva-11-e-Riserva-19.jpg","contentUrl":"https:\/\/www.acetaiamarchi.com\/wp-content\/uploads\/2025\/03\/Confezione-regalo-condimenti-balsamici-Riserva-11-e-Riserva-19.jpg","width":1600,"height":1600,"caption":"Elegante confezione con Condimenti Balsamici Riserva 11 & Riserva 19"},{"@type":"BreadcrumbList","@id":"https:\/\/www.acetaiamarchi.com\/de\/produkt\/elegante-geschenkverpackung-mit-balsamico-condiments-riserva-16-riserva-30\/#breadcrumb","itemListElement":[{"@type":"ListItem","position":1,"name":"Home","item":"https:\/\/www.acetaiamarchi.com\/de\/"},{"@type":"ListItem","position":2,"name":"Produkte","item":"https:\/\/www.acetaiamarchi.com\/de\/shop\/"},{"@type":"ListItem","position":3,"name":"Elegante Geschenkverpackung mit Balsamico-Condiments \u201eRiserva 16\u201c &#038; \u201eRiserva 30\u201c"}]},{"@type":"WebSite","@id":"https:\/\/www.acetaiamarchi.com\/de\/#website","url":"https:\/\/www.acetaiamarchi.com\/de\/","name":"Acetaia Marchi Srl","description":"","publisher":{"@id":"https:\/\/www.acetaiamarchi.com\/de\/#organization"},"potentialAction":[{"@type":"SearchAction","target":{"@type":"EntryPoint","urlTemplate":"https:\/\/www.acetaiamarchi.com\/de\/?s={search_term_string}"},"query-input":{"@type":"PropertyValueSpecification","valueRequired":true,"valueName":"search_term_string"}}],"inLanguage":"de"},{"@type":"Organization","@id":"https:\/\/www.acetaiamarchi.com\/de\/#organization","name":"Acetaia Marchi Srl","url":"https:\/\/www.acetaiamarchi.com\/de\/","logo":{"@type":"ImageObject","inLanguage":"de","@id":"https:\/\/www.acetaiamarchi.com\/de\/#\/schema\/logo\/image\/","url":"https:\/\/acetaiamarchi.com\/wp-content\/uploads\/2025\/03\/Acetaia-Marchi-Srl-Logo.png","contentUrl":"https:\/\/acetaiamarchi.com\/wp-content\/uploads\/2025\/03\/Acetaia-Marchi-Srl-Logo.png","width":2000,"height":2000,"caption":"Acetaia Marchi Srl"},"image":{"@id":"https:\/\/www.acetaiamarchi.com\/de\/#\/schema\/logo\/image\/"}}]}},"_links":{"self":[{"href":"https:\/\/www.acetaiamarchi.com\/de\/wp-json\/wp\/v2\/product\/11224","targetHints":{"allow":["GET"]}}],"collection":[{"href":"https:\/\/www.acetaiamarchi.com\/de\/wp-json\/wp\/v2\/product"}],"about":[{"href":"https:\/\/www.acetaiamarchi.com\/de\/wp-json\/wp\/v2\/types\/product"}],"version-history":[{"count":6,"href":"https:\/\/www.acetaiamarchi.com\/de\/wp-json\/wp\/v2\/product\/11224\/revisions"}],"predecessor-version":[{"id":11491,"href":"https:\/\/www.acetaiamarchi.com\/de\/wp-json\/wp\/v2\/product\/11224\/revisions\/11491"}],"wp:featuredmedia":[{"embeddable":true,"href":"https:\/\/www.acetaiamarchi.com\/de\/wp-json\/wp\/v2\/media\/2516"}],"wp:attachment":[{"href":"https:\/\/www.acetaiamarchi.com\/de\/wp-json\/wp\/v2\/media?parent=11224"}],"wp:term":[{"taxonomy":"product_brand","embeddable":true,"href":"https:\/\/www.acetaiamarchi.com\/de\/wp-json\/wp\/v2\/product_brand?post=11224"},{"taxonomy":"product_cat","embeddable":true,"href":"https:\/\/www.acetaiamarchi.com\/de\/wp-json\/wp\/v2\/product_cat?post=11224"},{"taxonomy":"product_tag","embeddable":true,"href":"https:\/\/www.acetaiamarchi.com\/de\/wp-json\/wp\/v2\/product_tag?post=11224"}],"curies":[{"name":"wp","href":"https:\/\/api.w.org\/{rel}","templated":true}]}}