{"id":11182,"date":"2025-03-25T14:35:41","date_gmt":"2025-03-25T13:35:41","guid":{"rendered":"https:\/\/www.acetaiamarchi.com\/prodotto\/leggendario-26-balsamico-gewurz\/"},"modified":"2025-11-20T09:34:06","modified_gmt":"2025-11-20T08:34:06","slug":"balsamico-gewurz-leggendario-32","status":"publish","type":"product","link":"https:\/\/www.acetaiamarchi.com\/de\/produkt\/balsamico-gewurz-leggendario-32\/","title":{"rendered":"Balsamico-Gew\u00fcrz &#8222;Leggendario 32&#8220;"},"content":{"rendered":"<p>Das Balsamico-Dressing \u201eLeggendario 32\u201c entsteht aus der Auswahl edler einheimischer Trauben, die auf den B\u00f6den der Familie angebaut werden und anschlie\u00dfend zu Mosto Cotto verarbeitet werden. Letzterer wird <strong>langsam und auf nat\u00fcrliche Weise gereift und fermentiert<\/strong>, in kleinen und antiken F\u00e4ssern aus verschiedenen Holzarten.<\/p>\n<p>Eiche, Kirsche, Kastanie, Maulbeere, Wacholder, Robinie und Akazie verleihen diesem Balsamico-Dressing und unseren anderen Produkten ein noch <strong>intensiveres und umh\u00fcllendes Aroma<\/strong> und unterstreichen einen <strong>ausgewogenen, runden, vollen und weichen Geschmack<\/strong>, begleitet von ausgepr\u00e4gteren Tanninnoten, die bei den meisten unserer Balsamico-Dressings pr\u00e4sent sind.<\/p>\n<p>Das Balsamico-Dressing \u201eLeggendario 32\u201c mit seiner intensiv schwarzen und gl\u00e4nzenden Farbe wird im antiken 50-ml-Tintenfass angeboten und wird so zu einem wertvollen Sammlerst\u00fcck.<\/p>\n<div class=\"row-container\">\n<div class=\"row row-parent style- no-top-padding no-h-padding no-bottom-padding\">\n<div class=\"tab-container wootabs\">\n<div class=\"tab-content\">\n<div id=\"tab-ingredienti-527\" class=\"tab-pane fade single-h-padding half-internal-gutter single-block-padding active in\">\n<p><em><strong>In der K\u00fcche<\/strong><\/em>: Dieses Balsamico-Dressing sollte unbedingt mit Risotto und Steaks probiert werden, aber auch auf verschiedenen Eissorten.<\/p>\n<\/div>\n<\/div>\n<\/div>\n<\/div>\n<\/div>\n","protected":false},"excerpt":{"rendered":"<div class=\"woocommerce-product-details__short-description\">\n<p>Das Balsamico-Dressing \u201eLeggendario 32\u201c, von intensiv schwarzer und gl\u00e4nzender Farbe, wird im antiken 50-ml-Tintenfass angeboten und wird so zu einem wertvollen Sammlerst\u00fcck.<\/p>\n<div class=\"box-prodotto-titoloetesto\"><\/div>\n<\/div>\n<form class=\"cart\" action=\"https:\/\/www.acetaiamarchi.com\/prodotto\/condimento-balsamico-leggendario-32\/\" enctype=\"multipart\/form-data\" method=\"post\">\n<div class=\"quantity\"><\/div>\n<\/form>\n","protected":false},"featured_media":14165,"template":"","meta":[],"product_brand":[],"product_cat":[494],"product_tag":[386],"class_list":{"0":"post-11182","1":"product","2":"type-product","3":"status-publish","4":"has-post-thumbnail","6":"product_cat-balsamische-wuerzmittel","7":"product_tag-gewurze","9":"first","10":"instock","11":"featured","12":"shipping-taxable","13":"purchasable","14":"product-type-simple"},"yoast_head":"<!-- This site is optimized with the Yoast SEO plugin v27.4 - https:\/\/yoast.com\/product\/yoast-seo-wordpress\/ -->\n<title>Balsamico-Gew\u00fcrz &quot;Leggendario 32&quot; | Acetaia Marchi<\/title>\n<meta name=\"description\" content=\"Das Balsamico-W\u00fcrzmittel &quot;Leggendario 32&quot;, mit seiner intensiven und leuchtenden schwarzen Farbe, wird im antiken 50 ml Tintenfass angeboten.\" \/>\n<meta name=\"robots\" content=\"index, follow, max-snippet:-1, max-image-preview:large, max-video-preview:-1\" \/>\n<link rel=\"canonical\" href=\"https:\/\/www.acetaiamarchi.com\/de\/produkt\/balsamico-gewurz-leggendario-32\/\" \/>\n<meta property=\"og:locale\" content=\"de_DE\" \/>\n<meta property=\"og:type\" content=\"article\" \/>\n<meta property=\"og:title\" content=\"Balsamico-Gew\u00fcrz &quot;Leggendario 32&quot; | Acetaia Marchi\" \/>\n<meta property=\"og:description\" content=\"Das Balsamico-W\u00fcrzmittel &quot;Leggendario 32&quot;, mit seiner intensiven und leuchtenden schwarzen Farbe, wird im antiken 50 ml Tintenfass angeboten.\" \/>\n<meta property=\"og:url\" content=\"https:\/\/www.acetaiamarchi.com\/de\/produkt\/balsamico-gewurz-leggendario-32\/\" \/>\n<meta property=\"og:site_name\" content=\"Acetaia Marchi\" \/>\n<meta property=\"article:modified_time\" content=\"2025-11-20T08:34:06+00:00\" \/>\n<meta property=\"og:image\" content=\"https:\/\/www.acetaiamarchi.com\/wp-content\/uploads\/2025\/03\/il-leggendario-SCATOLA-e-ACETO-1024x1024.jpg\" \/>\n\t<meta property=\"og:image:width\" content=\"1024\" \/>\n\t<meta property=\"og:image:height\" content=\"1024\" \/>\n\t<meta property=\"og:image:type\" content=\"image\/jpeg\" \/>\n<meta name=\"twitter:card\" content=\"summary_large_image\" \/>\n<meta name=\"twitter:label1\" content=\"Gesch\u00e4tzte Lesezeit\" \/>\n\t<meta name=\"twitter:data1\" content=\"1\u00a0Minute\" \/>\n<script type=\"application\/ld+json\" class=\"yoast-schema-graph\">{\"@context\":\"https:\\\/\\\/schema.org\",\"@graph\":[{\"@type\":\"WebPage\",\"@id\":\"https:\\\/\\\/www.acetaiamarchi.com\\\/de\\\/produkt\\\/balsamico-gewurz-leggendario-32\\\/\",\"url\":\"https:\\\/\\\/www.acetaiamarchi.com\\\/de\\\/produkt\\\/balsamico-gewurz-leggendario-32\\\/\",\"name\":\"Balsamico-Gew\u00fcrz \\\"Leggendario 32\\\" | Acetaia Marchi\",\"isPartOf\":{\"@id\":\"https:\\\/\\\/www.acetaiamarchi.com\\\/de\\\/#website\"},\"primaryImageOfPage\":{\"@id\":\"https:\\\/\\\/www.acetaiamarchi.com\\\/de\\\/produkt\\\/balsamico-gewurz-leggendario-32\\\/#primaryimage\"},\"image\":{\"@id\":\"https:\\\/\\\/www.acetaiamarchi.com\\\/de\\\/produkt\\\/balsamico-gewurz-leggendario-32\\\/#primaryimage\"},\"thumbnailUrl\":\"https:\\\/\\\/www.acetaiamarchi.com\\\/wp-content\\\/uploads\\\/2025\\\/03\\\/il-leggendario-SCATOLA-e-ACETO.jpg\",\"datePublished\":\"2025-03-25T13:35:41+00:00\",\"dateModified\":\"2025-11-20T08:34:06+00:00\",\"description\":\"Das Balsamico-W\u00fcrzmittel \\\"Leggendario 32\\\", mit seiner intensiven und leuchtenden schwarzen Farbe, wird im antiken 50 ml Tintenfass angeboten.\",\"breadcrumb\":{\"@id\":\"https:\\\/\\\/www.acetaiamarchi.com\\\/de\\\/produkt\\\/balsamico-gewurz-leggendario-32\\\/#breadcrumb\"},\"inLanguage\":\"de\",\"potentialAction\":[{\"@type\":\"ReadAction\",\"target\":[\"https:\\\/\\\/www.acetaiamarchi.com\\\/de\\\/produkt\\\/balsamico-gewurz-leggendario-32\\\/\"]}]},{\"@type\":\"ImageObject\",\"inLanguage\":\"de\",\"@id\":\"https:\\\/\\\/www.acetaiamarchi.com\\\/de\\\/produkt\\\/balsamico-gewurz-leggendario-32\\\/#primaryimage\",\"url\":\"https:\\\/\\\/www.acetaiamarchi.com\\\/wp-content\\\/uploads\\\/2025\\\/03\\\/il-leggendario-SCATOLA-e-ACETO.jpg\",\"contentUrl\":\"https:\\\/\\\/www.acetaiamarchi.com\\\/wp-content\\\/uploads\\\/2025\\\/03\\\/il-leggendario-SCATOLA-e-ACETO.jpg\",\"width\":2000,\"height\":2000,\"caption\":\"Il Pregiato 18\"},{\"@type\":\"BreadcrumbList\",\"@id\":\"https:\\\/\\\/www.acetaiamarchi.com\\\/de\\\/produkt\\\/balsamico-gewurz-leggendario-32\\\/#breadcrumb\",\"itemListElement\":[{\"@type\":\"ListItem\",\"position\":1,\"name\":\"Home\",\"item\":\"https:\\\/\\\/www.acetaiamarchi.com\\\/de\\\/\"},{\"@type\":\"ListItem\",\"position\":2,\"name\":\"Produkte\",\"item\":\"https:\\\/\\\/www.acetaiamarchi.com\\\/de\\\/shop\\\/\"},{\"@type\":\"ListItem\",\"position\":3,\"name\":\"Balsamico-Gew\u00fcrz &#8220;Leggendario 32&#8221;\"}]},{\"@type\":\"WebSite\",\"@id\":\"https:\\\/\\\/www.acetaiamarchi.com\\\/de\\\/#website\",\"url\":\"https:\\\/\\\/www.acetaiamarchi.com\\\/de\\\/\",\"name\":\"Acetaia Marchi Srl\",\"description\":\"\",\"publisher\":{\"@id\":\"https:\\\/\\\/www.acetaiamarchi.com\\\/de\\\/#organization\"},\"potentialAction\":[{\"@type\":\"SearchAction\",\"target\":{\"@type\":\"EntryPoint\",\"urlTemplate\":\"https:\\\/\\\/www.acetaiamarchi.com\\\/de\\\/?s={search_term_string}\"},\"query-input\":{\"@type\":\"PropertyValueSpecification\",\"valueRequired\":true,\"valueName\":\"search_term_string\"}}],\"inLanguage\":\"de\"},{\"@type\":\"Organization\",\"@id\":\"https:\\\/\\\/www.acetaiamarchi.com\\\/de\\\/#organization\",\"name\":\"Acetaia Marchi Srl\",\"url\":\"https:\\\/\\\/www.acetaiamarchi.com\\\/de\\\/\",\"logo\":{\"@type\":\"ImageObject\",\"inLanguage\":\"de\",\"@id\":\"https:\\\/\\\/www.acetaiamarchi.com\\\/de\\\/#\\\/schema\\\/logo\\\/image\\\/\",\"url\":\"https:\\\/\\\/acetaiamarchi.com\\\/wp-content\\\/uploads\\\/2025\\\/03\\\/Acetaia-Marchi-Srl-Logo.png\",\"contentUrl\":\"https:\\\/\\\/acetaiamarchi.com\\\/wp-content\\\/uploads\\\/2025\\\/03\\\/Acetaia-Marchi-Srl-Logo.png\",\"width\":2000,\"height\":2000,\"caption\":\"Acetaia Marchi Srl\"},\"image\":{\"@id\":\"https:\\\/\\\/www.acetaiamarchi.com\\\/de\\\/#\\\/schema\\\/logo\\\/image\\\/\"}}]}<\/script>\n<!-- \/ Yoast SEO plugin. -->","yoast_head_json":{"title":"Balsamico-Gew\u00fcrz \"Leggendario 32\" | Acetaia Marchi","description":"Das Balsamico-W\u00fcrzmittel \"Leggendario 32\", mit seiner intensiven und leuchtenden schwarzen Farbe, wird im antiken 50 ml Tintenfass angeboten.","robots":{"index":"index","follow":"follow","max-snippet":"max-snippet:-1","max-image-preview":"max-image-preview:large","max-video-preview":"max-video-preview:-1"},"canonical":"https:\/\/www.acetaiamarchi.com\/de\/produkt\/balsamico-gewurz-leggendario-32\/","og_locale":"de_DE","og_type":"article","og_title":"Balsamico-Gew\u00fcrz \"Leggendario 32\" | Acetaia Marchi","og_description":"Das Balsamico-W\u00fcrzmittel \"Leggendario 32\", mit seiner intensiven und leuchtenden schwarzen Farbe, wird im antiken 50 ml Tintenfass angeboten.","og_url":"https:\/\/www.acetaiamarchi.com\/de\/produkt\/balsamico-gewurz-leggendario-32\/","og_site_name":"Acetaia Marchi","article_modified_time":"2025-11-20T08:34:06+00:00","og_image":[{"width":1024,"height":1024,"url":"https:\/\/www.acetaiamarchi.com\/wp-content\/uploads\/2025\/03\/il-leggendario-SCATOLA-e-ACETO-1024x1024.jpg","type":"image\/jpeg"}],"twitter_card":"summary_large_image","twitter_misc":{"Gesch\u00e4tzte Lesezeit":"1\u00a0Minute"},"schema":{"@context":"https:\/\/schema.org","@graph":[{"@type":"WebPage","@id":"https:\/\/www.acetaiamarchi.com\/de\/produkt\/balsamico-gewurz-leggendario-32\/","url":"https:\/\/www.acetaiamarchi.com\/de\/produkt\/balsamico-gewurz-leggendario-32\/","name":"Balsamico-Gew\u00fcrz \"Leggendario 32\" | Acetaia Marchi","isPartOf":{"@id":"https:\/\/www.acetaiamarchi.com\/de\/#website"},"primaryImageOfPage":{"@id":"https:\/\/www.acetaiamarchi.com\/de\/produkt\/balsamico-gewurz-leggendario-32\/#primaryimage"},"image":{"@id":"https:\/\/www.acetaiamarchi.com\/de\/produkt\/balsamico-gewurz-leggendario-32\/#primaryimage"},"thumbnailUrl":"https:\/\/www.acetaiamarchi.com\/wp-content\/uploads\/2025\/03\/il-leggendario-SCATOLA-e-ACETO.jpg","datePublished":"2025-03-25T13:35:41+00:00","dateModified":"2025-11-20T08:34:06+00:00","description":"Das Balsamico-W\u00fcrzmittel \"Leggendario 32\", mit seiner intensiven und leuchtenden schwarzen Farbe, wird im antiken 50 ml Tintenfass angeboten.","breadcrumb":{"@id":"https:\/\/www.acetaiamarchi.com\/de\/produkt\/balsamico-gewurz-leggendario-32\/#breadcrumb"},"inLanguage":"de","potentialAction":[{"@type":"ReadAction","target":["https:\/\/www.acetaiamarchi.com\/de\/produkt\/balsamico-gewurz-leggendario-32\/"]}]},{"@type":"ImageObject","inLanguage":"de","@id":"https:\/\/www.acetaiamarchi.com\/de\/produkt\/balsamico-gewurz-leggendario-32\/#primaryimage","url":"https:\/\/www.acetaiamarchi.com\/wp-content\/uploads\/2025\/03\/il-leggendario-SCATOLA-e-ACETO.jpg","contentUrl":"https:\/\/www.acetaiamarchi.com\/wp-content\/uploads\/2025\/03\/il-leggendario-SCATOLA-e-ACETO.jpg","width":2000,"height":2000,"caption":"Il Pregiato 18"},{"@type":"BreadcrumbList","@id":"https:\/\/www.acetaiamarchi.com\/de\/produkt\/balsamico-gewurz-leggendario-32\/#breadcrumb","itemListElement":[{"@type":"ListItem","position":1,"name":"Home","item":"https:\/\/www.acetaiamarchi.com\/de\/"},{"@type":"ListItem","position":2,"name":"Produkte","item":"https:\/\/www.acetaiamarchi.com\/de\/shop\/"},{"@type":"ListItem","position":3,"name":"Balsamico-Gew\u00fcrz &#8220;Leggendario 32&#8221;"}]},{"@type":"WebSite","@id":"https:\/\/www.acetaiamarchi.com\/de\/#website","url":"https:\/\/www.acetaiamarchi.com\/de\/","name":"Acetaia Marchi Srl","description":"","publisher":{"@id":"https:\/\/www.acetaiamarchi.com\/de\/#organization"},"potentialAction":[{"@type":"SearchAction","target":{"@type":"EntryPoint","urlTemplate":"https:\/\/www.acetaiamarchi.com\/de\/?s={search_term_string}"},"query-input":{"@type":"PropertyValueSpecification","valueRequired":true,"valueName":"search_term_string"}}],"inLanguage":"de"},{"@type":"Organization","@id":"https:\/\/www.acetaiamarchi.com\/de\/#organization","name":"Acetaia Marchi Srl","url":"https:\/\/www.acetaiamarchi.com\/de\/","logo":{"@type":"ImageObject","inLanguage":"de","@id":"https:\/\/www.acetaiamarchi.com\/de\/#\/schema\/logo\/image\/","url":"https:\/\/acetaiamarchi.com\/wp-content\/uploads\/2025\/03\/Acetaia-Marchi-Srl-Logo.png","contentUrl":"https:\/\/acetaiamarchi.com\/wp-content\/uploads\/2025\/03\/Acetaia-Marchi-Srl-Logo.png","width":2000,"height":2000,"caption":"Acetaia Marchi Srl"},"image":{"@id":"https:\/\/www.acetaiamarchi.com\/de\/#\/schema\/logo\/image\/"}}]}},"_links":{"self":[{"href":"https:\/\/www.acetaiamarchi.com\/de\/wp-json\/wp\/v2\/product\/11182","targetHints":{"allow":["GET"]}}],"collection":[{"href":"https:\/\/www.acetaiamarchi.com\/de\/wp-json\/wp\/v2\/product"}],"about":[{"href":"https:\/\/www.acetaiamarchi.com\/de\/wp-json\/wp\/v2\/types\/product"}],"version-history":[{"count":2,"href":"https:\/\/www.acetaiamarchi.com\/de\/wp-json\/wp\/v2\/product\/11182\/revisions"}],"predecessor-version":[{"id":11618,"href":"https:\/\/www.acetaiamarchi.com\/de\/wp-json\/wp\/v2\/product\/11182\/revisions\/11618"}],"wp:featuredmedia":[{"embeddable":true,"href":"https:\/\/www.acetaiamarchi.com\/de\/wp-json\/wp\/v2\/media\/14165"}],"wp:attachment":[{"href":"https:\/\/www.acetaiamarchi.com\/de\/wp-json\/wp\/v2\/media?parent=11182"}],"wp:term":[{"taxonomy":"product_brand","embeddable":true,"href":"https:\/\/www.acetaiamarchi.com\/de\/wp-json\/wp\/v2\/product_brand?post=11182"},{"taxonomy":"product_cat","embeddable":true,"href":"https:\/\/www.acetaiamarchi.com\/de\/wp-json\/wp\/v2\/product_cat?post=11182"},{"taxonomy":"product_tag","embeddable":true,"href":"https:\/\/www.acetaiamarchi.com\/de\/wp-json\/wp\/v2\/product_tag?post=11182"}],"curies":[{"name":"wp","href":"https:\/\/api.w.org\/{rel}","templated":true}]}}