{"id":11155,"date":"2025-03-25T16:30:23","date_gmt":"2025-03-25T15:30:23","guid":{"rendered":"https:\/\/www.acetaiamarchi.com\/prodotto\/il-delicato-6-balsamico-wurze\/"},"modified":"2026-01-13T18:37:41","modified_gmt":"2026-01-13T17:37:41","slug":"balsamico-dressing-la-riserva-30","status":"publish","type":"product","link":"https:\/\/www.acetaiamarchi.com\/de\/produkt\/balsamico-dressing-la-riserva-30\/","title":{"rendered":"Balsamico-Dressing \u201eLa Riserva 30\u201c"},"content":{"rendered":"<p>Der Balsamico-Condimento \u201eLa Riserva 30\u201c pr\u00e4sentiert sich als ein <strong>hochwertiges enogastronomisches Produkt<\/strong> mit intensiv schwarzer Farbe. Er zieht Blicke durch seine gl\u00e4nzenden T\u00f6ne auf sich und erfreut den Gaumen mit seinem <strong>harmonischen, ausgewogenen, runden, vollen, weichen, umh\u00fcllenden<\/strong> und strukturell komplexen Geschmack. Er kann jedes Gericht mit ausgepr\u00e4gten Tanninnoten und einem klaren, anhaltenden Duft veredeln.<\/p>\n<p>Der Balsamico-Condimento wird dank der \u00fcber Jahrhunderte weitergegebenen Meisterschaft der Familie Marchi hergestellt. F\u00fcr seine Produktion werden Mosto Cotto aus autochthonen Trauben, die auf den B\u00f6den der Familie angebaut werden, und Wein-Essig kombiniert, die zun\u00e4chst in Eichenf\u00e4ssern und anschlie\u00dfend in alten kleinen F\u00e4ssern aus verschiedenen edlen H\u00f6lzern reifen. Diese beiden Zutaten vereinen sich zu einem Produkt von h\u00f6chster Qualit\u00e4t und bemerkenswerter Reife.<\/p>\n<p>Der Balsamico-Condimento \u201eLa Riserva 30\u201c ist eines unserer eleganten Schmuckst\u00fccke zur Ausstellung und Verkostung, angeboten in der eleganten 40-ml-Flasche Esmeralda.<\/p>\n<div class=\"row-container\">\n<div class=\"row row-parent style- no-top-padding no-h-padding no-bottom-padding\">\n<div class=\"tab-container wootabs\">\n<div class=\"tab-content\">\n<div id=\"tab-ingredienti-822\" class=\"tab-pane fade single-h-padding half-internal-gutter single-block-padding active in\">\n<p><strong><em>In der K\u00fcche<\/em>:<\/strong> Dieser Balsamico-Condimento eignet sich besonders zur Zubereitung von Risotto, Omeletts und gegrillten Garnelen.<\/p>\n<\/div>\n<\/div>\n<\/div>\n<\/div>\n<\/div>\n<div class=\"row-container row-related\">\n<div class=\"row row-parent style- no-top-padding\">\n<div class=\"related products\"><\/div>\n<\/div>\n<\/div>\n","protected":false},"excerpt":{"rendered":"<p>Dieser kostbare Balsamico-Gew\u00fcrz, von intensiv schwarzer Farbe, klar und gl\u00e4nzend, mit einem harmonischen, ausgewogenen, runden, vollen, weichen, umh\u00fcllenden und strukturell komplexen Geschmack mit ausgepr\u00e4gten Tanninnoten, einem klaren, feinen und anhaltenden Duft, wird durch die \u00fcber Jahrhunderte von der Familie Marchi \u00fcberlieferte Meisterschaft hergestellt.<\/p>\n","protected":false},"featured_media":14093,"template":"","meta":[],"product_brand":[],"product_cat":[494],"product_tag":[386],"class_list":{"0":"post-11155","1":"product","2":"type-product","3":"status-publish","4":"has-post-thumbnail","6":"product_cat-balsamische-wuerzmittel","7":"product_tag-gewurze","9":"first","10":"instock","11":"featured","12":"shipping-taxable","13":"purchasable","14":"product-type-simple"},"yoast_head":"<!-- This site is optimized with the Yoast SEO plugin v27.4 - https:\/\/yoast.com\/product\/yoast-seo-wordpress\/ -->\n<title>Balsamico-Dressing \u201eLa Riserva 30\u201c | Acetaia Marchi<\/title>\n<meta name=\"description\" content=\"Das Balsamico-W\u00fcrzmittel &quot;La Riserva 30&quot; pr\u00e4sentiert sich als edles Lebensmittel und Weinprodukt mit einer intensiven schwarzen Farbe.\" \/>\n<meta name=\"robots\" content=\"index, follow, max-snippet:-1, max-image-preview:large, max-video-preview:-1\" \/>\n<link rel=\"canonical\" href=\"https:\/\/www.acetaiamarchi.com\/de\/produkt\/balsamico-dressing-la-riserva-30\/\" \/>\n<meta property=\"og:locale\" content=\"de_DE\" \/>\n<meta property=\"og:type\" content=\"article\" \/>\n<meta property=\"og:title\" content=\"Balsamico-Dressing \u201eLa Riserva 30\u201c | Acetaia Marchi\" \/>\n<meta property=\"og:description\" content=\"Das Balsamico-W\u00fcrzmittel &quot;La Riserva 30&quot; pr\u00e4sentiert sich als edles Lebensmittel und Weinprodukt mit einer intensiven schwarzen Farbe.\" \/>\n<meta property=\"og:url\" content=\"https:\/\/www.acetaiamarchi.com\/de\/produkt\/balsamico-dressing-la-riserva-30\/\" \/>\n<meta property=\"og:site_name\" content=\"Acetaia Marchi\" \/>\n<meta property=\"article:modified_time\" content=\"2026-01-13T17:37:41+00:00\" \/>\n<meta property=\"og:image\" content=\"https:\/\/www.acetaiamarchi.com\/wp-content\/uploads\/2025\/03\/acetai-la-riserva-30-40ml.jpg\" \/>\n\t<meta property=\"og:image:width\" content=\"2000\" \/>\n\t<meta property=\"og:image:height\" content=\"2000\" \/>\n\t<meta property=\"og:image:type\" content=\"image\/jpeg\" \/>\n<meta name=\"twitter:card\" content=\"summary_large_image\" \/>\n<meta name=\"twitter:label1\" content=\"Gesch\u00e4tzte Lesezeit\" \/>\n\t<meta name=\"twitter:data1\" content=\"2\u00a0Minuten\" \/>\n<script type=\"application\/ld+json\" class=\"yoast-schema-graph\">{\"@context\":\"https:\\\/\\\/schema.org\",\"@graph\":[{\"@type\":\"WebPage\",\"@id\":\"https:\\\/\\\/www.acetaiamarchi.com\\\/de\\\/produkt\\\/balsamico-dressing-la-riserva-30\\\/\",\"url\":\"https:\\\/\\\/www.acetaiamarchi.com\\\/de\\\/produkt\\\/balsamico-dressing-la-riserva-30\\\/\",\"name\":\"Balsamico-Dressing \u201eLa Riserva 30\u201c | Acetaia Marchi\",\"isPartOf\":{\"@id\":\"https:\\\/\\\/www.acetaiamarchi.com\\\/de\\\/#website\"},\"primaryImageOfPage\":{\"@id\":\"https:\\\/\\\/www.acetaiamarchi.com\\\/de\\\/produkt\\\/balsamico-dressing-la-riserva-30\\\/#primaryimage\"},\"image\":{\"@id\":\"https:\\\/\\\/www.acetaiamarchi.com\\\/de\\\/produkt\\\/balsamico-dressing-la-riserva-30\\\/#primaryimage\"},\"thumbnailUrl\":\"https:\\\/\\\/www.acetaiamarchi.com\\\/wp-content\\\/uploads\\\/2025\\\/03\\\/acetai-la-riserva-30-40ml.jpg\",\"datePublished\":\"2025-03-25T15:30:23+00:00\",\"dateModified\":\"2026-01-13T17:37:41+00:00\",\"description\":\"Das Balsamico-W\u00fcrzmittel \\\"La Riserva 30\\\" pr\u00e4sentiert sich als edles Lebensmittel und Weinprodukt mit einer intensiven schwarzen Farbe.\",\"breadcrumb\":{\"@id\":\"https:\\\/\\\/www.acetaiamarchi.com\\\/de\\\/produkt\\\/balsamico-dressing-la-riserva-30\\\/#breadcrumb\"},\"inLanguage\":\"de\",\"potentialAction\":[{\"@type\":\"ReadAction\",\"target\":[\"https:\\\/\\\/www.acetaiamarchi.com\\\/de\\\/produkt\\\/balsamico-dressing-la-riserva-30\\\/\"]}]},{\"@type\":\"ImageObject\",\"inLanguage\":\"de\",\"@id\":\"https:\\\/\\\/www.acetaiamarchi.com\\\/de\\\/produkt\\\/balsamico-dressing-la-riserva-30\\\/#primaryimage\",\"url\":\"https:\\\/\\\/www.acetaiamarchi.com\\\/wp-content\\\/uploads\\\/2025\\\/03\\\/acetai-la-riserva-30-40ml.jpg\",\"contentUrl\":\"https:\\\/\\\/www.acetaiamarchi.com\\\/wp-content\\\/uploads\\\/2025\\\/03\\\/acetai-la-riserva-30-40ml.jpg\",\"width\":2000,\"height\":2000},{\"@type\":\"BreadcrumbList\",\"@id\":\"https:\\\/\\\/www.acetaiamarchi.com\\\/de\\\/produkt\\\/balsamico-dressing-la-riserva-30\\\/#breadcrumb\",\"itemListElement\":[{\"@type\":\"ListItem\",\"position\":1,\"name\":\"Home\",\"item\":\"https:\\\/\\\/www.acetaiamarchi.com\\\/de\\\/\"},{\"@type\":\"ListItem\",\"position\":2,\"name\":\"Produkte\",\"item\":\"https:\\\/\\\/www.acetaiamarchi.com\\\/de\\\/shop\\\/\"},{\"@type\":\"ListItem\",\"position\":3,\"name\":\"Balsamico-Dressing \u201eLa Riserva 30\u201c\"}]},{\"@type\":\"WebSite\",\"@id\":\"https:\\\/\\\/www.acetaiamarchi.com\\\/de\\\/#website\",\"url\":\"https:\\\/\\\/www.acetaiamarchi.com\\\/de\\\/\",\"name\":\"Acetaia Marchi Srl\",\"description\":\"\",\"publisher\":{\"@id\":\"https:\\\/\\\/www.acetaiamarchi.com\\\/de\\\/#organization\"},\"potentialAction\":[{\"@type\":\"SearchAction\",\"target\":{\"@type\":\"EntryPoint\",\"urlTemplate\":\"https:\\\/\\\/www.acetaiamarchi.com\\\/de\\\/?s={search_term_string}\"},\"query-input\":{\"@type\":\"PropertyValueSpecification\",\"valueRequired\":true,\"valueName\":\"search_term_string\"}}],\"inLanguage\":\"de\"},{\"@type\":\"Organization\",\"@id\":\"https:\\\/\\\/www.acetaiamarchi.com\\\/de\\\/#organization\",\"name\":\"Acetaia Marchi Srl\",\"url\":\"https:\\\/\\\/www.acetaiamarchi.com\\\/de\\\/\",\"logo\":{\"@type\":\"ImageObject\",\"inLanguage\":\"de\",\"@id\":\"https:\\\/\\\/www.acetaiamarchi.com\\\/de\\\/#\\\/schema\\\/logo\\\/image\\\/\",\"url\":\"https:\\\/\\\/acetaiamarchi.com\\\/wp-content\\\/uploads\\\/2025\\\/03\\\/Acetaia-Marchi-Srl-Logo.png\",\"contentUrl\":\"https:\\\/\\\/acetaiamarchi.com\\\/wp-content\\\/uploads\\\/2025\\\/03\\\/Acetaia-Marchi-Srl-Logo.png\",\"width\":2000,\"height\":2000,\"caption\":\"Acetaia Marchi Srl\"},\"image\":{\"@id\":\"https:\\\/\\\/www.acetaiamarchi.com\\\/de\\\/#\\\/schema\\\/logo\\\/image\\\/\"}}]}<\/script>\n<!-- \/ Yoast SEO plugin. -->","yoast_head_json":{"title":"Balsamico-Dressing \u201eLa Riserva 30\u201c | Acetaia Marchi","description":"Das Balsamico-W\u00fcrzmittel \"La Riserva 30\" pr\u00e4sentiert sich als edles Lebensmittel und Weinprodukt mit einer intensiven schwarzen Farbe.","robots":{"index":"index","follow":"follow","max-snippet":"max-snippet:-1","max-image-preview":"max-image-preview:large","max-video-preview":"max-video-preview:-1"},"canonical":"https:\/\/www.acetaiamarchi.com\/de\/produkt\/balsamico-dressing-la-riserva-30\/","og_locale":"de_DE","og_type":"article","og_title":"Balsamico-Dressing \u201eLa Riserva 30\u201c | Acetaia Marchi","og_description":"Das Balsamico-W\u00fcrzmittel \"La Riserva 30\" pr\u00e4sentiert sich als edles Lebensmittel und Weinprodukt mit einer intensiven schwarzen Farbe.","og_url":"https:\/\/www.acetaiamarchi.com\/de\/produkt\/balsamico-dressing-la-riserva-30\/","og_site_name":"Acetaia Marchi","article_modified_time":"2026-01-13T17:37:41+00:00","og_image":[{"width":2000,"height":2000,"url":"https:\/\/www.acetaiamarchi.com\/wp-content\/uploads\/2025\/03\/acetai-la-riserva-30-40ml.jpg","type":"image\/jpeg"}],"twitter_card":"summary_large_image","twitter_misc":{"Gesch\u00e4tzte Lesezeit":"2\u00a0Minuten"},"schema":{"@context":"https:\/\/schema.org","@graph":[{"@type":"WebPage","@id":"https:\/\/www.acetaiamarchi.com\/de\/produkt\/balsamico-dressing-la-riserva-30\/","url":"https:\/\/www.acetaiamarchi.com\/de\/produkt\/balsamico-dressing-la-riserva-30\/","name":"Balsamico-Dressing \u201eLa Riserva 30\u201c | Acetaia Marchi","isPartOf":{"@id":"https:\/\/www.acetaiamarchi.com\/de\/#website"},"primaryImageOfPage":{"@id":"https:\/\/www.acetaiamarchi.com\/de\/produkt\/balsamico-dressing-la-riserva-30\/#primaryimage"},"image":{"@id":"https:\/\/www.acetaiamarchi.com\/de\/produkt\/balsamico-dressing-la-riserva-30\/#primaryimage"},"thumbnailUrl":"https:\/\/www.acetaiamarchi.com\/wp-content\/uploads\/2025\/03\/acetai-la-riserva-30-40ml.jpg","datePublished":"2025-03-25T15:30:23+00:00","dateModified":"2026-01-13T17:37:41+00:00","description":"Das Balsamico-W\u00fcrzmittel \"La Riserva 30\" pr\u00e4sentiert sich als edles Lebensmittel und Weinprodukt mit einer intensiven schwarzen Farbe.","breadcrumb":{"@id":"https:\/\/www.acetaiamarchi.com\/de\/produkt\/balsamico-dressing-la-riserva-30\/#breadcrumb"},"inLanguage":"de","potentialAction":[{"@type":"ReadAction","target":["https:\/\/www.acetaiamarchi.com\/de\/produkt\/balsamico-dressing-la-riserva-30\/"]}]},{"@type":"ImageObject","inLanguage":"de","@id":"https:\/\/www.acetaiamarchi.com\/de\/produkt\/balsamico-dressing-la-riserva-30\/#primaryimage","url":"https:\/\/www.acetaiamarchi.com\/wp-content\/uploads\/2025\/03\/acetai-la-riserva-30-40ml.jpg","contentUrl":"https:\/\/www.acetaiamarchi.com\/wp-content\/uploads\/2025\/03\/acetai-la-riserva-30-40ml.jpg","width":2000,"height":2000},{"@type":"BreadcrumbList","@id":"https:\/\/www.acetaiamarchi.com\/de\/produkt\/balsamico-dressing-la-riserva-30\/#breadcrumb","itemListElement":[{"@type":"ListItem","position":1,"name":"Home","item":"https:\/\/www.acetaiamarchi.com\/de\/"},{"@type":"ListItem","position":2,"name":"Produkte","item":"https:\/\/www.acetaiamarchi.com\/de\/shop\/"},{"@type":"ListItem","position":3,"name":"Balsamico-Dressing \u201eLa Riserva 30\u201c"}]},{"@type":"WebSite","@id":"https:\/\/www.acetaiamarchi.com\/de\/#website","url":"https:\/\/www.acetaiamarchi.com\/de\/","name":"Acetaia Marchi Srl","description":"","publisher":{"@id":"https:\/\/www.acetaiamarchi.com\/de\/#organization"},"potentialAction":[{"@type":"SearchAction","target":{"@type":"EntryPoint","urlTemplate":"https:\/\/www.acetaiamarchi.com\/de\/?s={search_term_string}"},"query-input":{"@type":"PropertyValueSpecification","valueRequired":true,"valueName":"search_term_string"}}],"inLanguage":"de"},{"@type":"Organization","@id":"https:\/\/www.acetaiamarchi.com\/de\/#organization","name":"Acetaia Marchi Srl","url":"https:\/\/www.acetaiamarchi.com\/de\/","logo":{"@type":"ImageObject","inLanguage":"de","@id":"https:\/\/www.acetaiamarchi.com\/de\/#\/schema\/logo\/image\/","url":"https:\/\/acetaiamarchi.com\/wp-content\/uploads\/2025\/03\/Acetaia-Marchi-Srl-Logo.png","contentUrl":"https:\/\/acetaiamarchi.com\/wp-content\/uploads\/2025\/03\/Acetaia-Marchi-Srl-Logo.png","width":2000,"height":2000,"caption":"Acetaia Marchi Srl"},"image":{"@id":"https:\/\/www.acetaiamarchi.com\/de\/#\/schema\/logo\/image\/"}}]}},"_links":{"self":[{"href":"https:\/\/www.acetaiamarchi.com\/de\/wp-json\/wp\/v2\/product\/11155","targetHints":{"allow":["GET"]}}],"collection":[{"href":"https:\/\/www.acetaiamarchi.com\/de\/wp-json\/wp\/v2\/product"}],"about":[{"href":"https:\/\/www.acetaiamarchi.com\/de\/wp-json\/wp\/v2\/types\/product"}],"version-history":[{"count":7,"href":"https:\/\/www.acetaiamarchi.com\/de\/wp-json\/wp\/v2\/product\/11155\/revisions"}],"predecessor-version":[{"id":11570,"href":"https:\/\/www.acetaiamarchi.com\/de\/wp-json\/wp\/v2\/product\/11155\/revisions\/11570"}],"wp:featuredmedia":[{"embeddable":true,"href":"https:\/\/www.acetaiamarchi.com\/de\/wp-json\/wp\/v2\/media\/14093"}],"wp:attachment":[{"href":"https:\/\/www.acetaiamarchi.com\/de\/wp-json\/wp\/v2\/media?parent=11155"}],"wp:term":[{"taxonomy":"product_brand","embeddable":true,"href":"https:\/\/www.acetaiamarchi.com\/de\/wp-json\/wp\/v2\/product_brand?post=11155"},{"taxonomy":"product_cat","embeddable":true,"href":"https:\/\/www.acetaiamarchi.com\/de\/wp-json\/wp\/v2\/product_cat?post=11155"},{"taxonomy":"product_tag","embeddable":true,"href":"https:\/\/www.acetaiamarchi.com\/de\/wp-json\/wp\/v2\/product_tag?post=11155"}],"curies":[{"name":"wp","href":"https:\/\/api.w.org\/{rel}","templated":true}]}}