{"id":11099,"date":"2025-03-26T11:18:43","date_gmt":"2025-03-26T10:18:43","guid":{"rendered":"https:\/\/www.acetaiamarchi.com\/prodotto\/traditioneller-balsamico-essig-aus-modena-pdo-extravecchio-francesco-holzverpackung\/"},"modified":"2026-01-13T18:38:34","modified_gmt":"2026-01-13T17:38:34","slug":"bio-balsamico-essig-aus-modena-igp-126","status":"publish","type":"product","link":"https:\/\/www.acetaiamarchi.com\/de\/produkt\/bio-balsamico-essig-aus-modena-igp-126\/","title":{"rendered":"Bio-Balsamico-Essig aus Modena g.g.A. &#8211; 1.26"},"content":{"rendered":"<p data-start=\"110\" data-end=\"492\"><strong data-start=\"112\" data-end=\"155\">Bio-Balsamico-Essig aus Modena g.g.A.<\/strong> ist ein hochwertiges Produkt, das sorgf\u00e4ltig in Holz gereift ist und aus einer Mischung von gekochtem Traubenmost aus Trebbiano, Lambrusco und Weinessig hergestellt wird. Dieser Bio-Balsamessig zeichnet sich durch eine unverwechselbare dunkelbraune, klare und helle Farbe aus, hat ein intensives Aroma und einen harmonischen, weichen und leicht essigartigen Geschmack.<\/p>\n<p data-start=\"494\" data-end=\"807\">Sein fruchtiger und frischer Nachgeschmack macht ihn ideal f\u00fcr alle, die ein raffiniertes Geschmackserlebnis suchen. Der Bio-Balsamico-Essig aus Modena g.g.A. wird ausschlie\u00dflich aus biologisch angebauten Trauben hergestellt und eignet sich perfekt f\u00fcr eine immer anspruchsvollere und aufmerksamere Kundschaft, die ein einzigartiges und authentisches Produkt w\u00fcnscht.<\/p>\n","protected":false},"excerpt":{"rendered":"<p>Der<strong data-start=\"100\" data-end=\"143\">Bio-Balsamico-Essig aus Modena g.g.A.<\/strong> ist das Ergebnis der Reifung einer Mischung aus gekochtem Traubenmost aus Trebbiano, Lambrusco und Weinessig in Holz. Ein Spitzenprodukt, das aus biologisch angebauten Trauben gewonnen wird.<\/p>\n","protected":false},"featured_media":1254,"template":"","meta":[],"product_brand":[],"product_cat":[],"product_tag":[],"class_list":{"0":"post-11099","1":"product","2":"type-product","3":"status-publish","4":"has-post-thumbnail","7":"first","8":"instock","9":"shipping-taxable","10":"product-type-simple"},"yoast_head":"<!-- This site is optimized with the Yoast SEO plugin v27.4 - https:\/\/yoast.com\/product\/yoast-seo-wordpress\/ -->\n<title>|<\/title>\n<meta name=\"description\" content=\"Herstellung und Verkauf von biologischem Balsamico-Essig aus Modena g.g.A.: ein ausgezeichnetes Produkt, das aus Trauben aus biologischem Anbau in unseren Weinbergen gewonnen wird\" \/>\n<meta name=\"robots\" content=\"index, follow, max-snippet:-1, max-image-preview:large, max-video-preview:-1\" \/>\n<link rel=\"canonical\" href=\"https:\/\/www.acetaiamarchi.com\/de\/produkt\/bio-balsamico-essig-aus-modena-igp-126\/\" \/>\n<meta property=\"og:locale\" content=\"de_DE\" \/>\n<meta property=\"og:type\" content=\"article\" \/>\n<meta property=\"og:title\" content=\"|\" \/>\n<meta property=\"og:description\" content=\"Herstellung und Verkauf von biologischem Balsamico-Essig aus Modena g.g.A.: ein ausgezeichnetes Produkt, das aus Trauben aus biologischem Anbau in unseren Weinbergen gewonnen wird\" \/>\n<meta property=\"og:url\" content=\"https:\/\/www.acetaiamarchi.com\/de\/produkt\/bio-balsamico-essig-aus-modena-igp-126\/\" \/>\n<meta property=\"og:site_name\" content=\"Acetaia Marchi\" \/>\n<meta property=\"article:modified_time\" content=\"2026-01-13T17:38:34+00:00\" \/>\n<meta property=\"og:image\" content=\"https:\/\/www.acetaiamarchi.com\/wp-content\/uploads\/2025\/03\/BIO-BRONZO.jpg\" \/>\n\t<meta property=\"og:image:width\" content=\"2000\" \/>\n\t<meta property=\"og:image:height\" content=\"2000\" \/>\n\t<meta property=\"og:image:type\" content=\"image\/jpeg\" \/>\n<meta name=\"twitter:card\" content=\"summary_large_image\" \/>\n<meta name=\"twitter:label1\" content=\"Gesch\u00e4tzte Lesezeit\" \/>\n\t<meta name=\"twitter:data1\" content=\"1\u00a0Minute\" \/>\n<script type=\"application\/ld+json\" class=\"yoast-schema-graph\">{\"@context\":\"https:\\\/\\\/schema.org\",\"@graph\":[{\"@type\":\"WebPage\",\"@id\":\"https:\\\/\\\/www.acetaiamarchi.com\\\/de\\\/produkt\\\/bio-balsamico-essig-aus-modena-igp-126\\\/\",\"url\":\"https:\\\/\\\/www.acetaiamarchi.com\\\/de\\\/produkt\\\/bio-balsamico-essig-aus-modena-igp-126\\\/\",\"name\":\"|\",\"isPartOf\":{\"@id\":\"https:\\\/\\\/www.acetaiamarchi.com\\\/de\\\/#website\"},\"primaryImageOfPage\":{\"@id\":\"https:\\\/\\\/www.acetaiamarchi.com\\\/de\\\/produkt\\\/bio-balsamico-essig-aus-modena-igp-126\\\/#primaryimage\"},\"image\":{\"@id\":\"https:\\\/\\\/www.acetaiamarchi.com\\\/de\\\/produkt\\\/bio-balsamico-essig-aus-modena-igp-126\\\/#primaryimage\"},\"thumbnailUrl\":\"https:\\\/\\\/www.acetaiamarchi.com\\\/wp-content\\\/uploads\\\/2025\\\/03\\\/Aceto-Balsamico-di-Modena-IGP-Biologico-Bronzo.jpg\",\"datePublished\":\"2025-03-26T10:18:43+00:00\",\"dateModified\":\"2026-01-13T17:38:34+00:00\",\"description\":\"Herstellung und Verkauf von biologischem Balsamico-Essig aus Modena g.g.A.: ein ausgezeichnetes Produkt, das aus Trauben aus biologischem Anbau in unseren Weinbergen gewonnen wird\",\"breadcrumb\":{\"@id\":\"https:\\\/\\\/www.acetaiamarchi.com\\\/de\\\/produkt\\\/bio-balsamico-essig-aus-modena-igp-126\\\/#breadcrumb\"},\"inLanguage\":\"de\",\"potentialAction\":[{\"@type\":\"ReadAction\",\"target\":[\"https:\\\/\\\/www.acetaiamarchi.com\\\/de\\\/produkt\\\/bio-balsamico-essig-aus-modena-igp-126\\\/\"]}]},{\"@type\":\"ImageObject\",\"inLanguage\":\"de\",\"@id\":\"https:\\\/\\\/www.acetaiamarchi.com\\\/de\\\/produkt\\\/bio-balsamico-essig-aus-modena-igp-126\\\/#primaryimage\",\"url\":\"https:\\\/\\\/www.acetaiamarchi.com\\\/wp-content\\\/uploads\\\/2025\\\/03\\\/Aceto-Balsamico-di-Modena-IGP-Biologico-Bronzo.jpg\",\"contentUrl\":\"https:\\\/\\\/www.acetaiamarchi.com\\\/wp-content\\\/uploads\\\/2025\\\/03\\\/Aceto-Balsamico-di-Modena-IGP-Biologico-Bronzo.jpg\",\"width\":1600,\"height\":1600,\"caption\":\"Vendita e produzione Aceto Balsamico di Modena IGP Biologico\"},{\"@type\":\"BreadcrumbList\",\"@id\":\"https:\\\/\\\/www.acetaiamarchi.com\\\/de\\\/produkt\\\/bio-balsamico-essig-aus-modena-igp-126\\\/#breadcrumb\",\"itemListElement\":[{\"@type\":\"ListItem\",\"position\":1,\"name\":\"Home\",\"item\":\"https:\\\/\\\/www.acetaiamarchi.com\\\/de\\\/\"},{\"@type\":\"ListItem\",\"position\":2,\"name\":\"Produkte\",\"item\":\"https:\\\/\\\/www.acetaiamarchi.com\\\/de\\\/shop\\\/\"},{\"@type\":\"ListItem\",\"position\":3,\"name\":\"Bio-Balsamico-Essig aus Modena g.g.A. &#8211; 1.26\"}]},{\"@type\":\"WebSite\",\"@id\":\"https:\\\/\\\/www.acetaiamarchi.com\\\/de\\\/#website\",\"url\":\"https:\\\/\\\/www.acetaiamarchi.com\\\/de\\\/\",\"name\":\"Acetaia Marchi Srl\",\"description\":\"\",\"publisher\":{\"@id\":\"https:\\\/\\\/www.acetaiamarchi.com\\\/de\\\/#organization\"},\"potentialAction\":[{\"@type\":\"SearchAction\",\"target\":{\"@type\":\"EntryPoint\",\"urlTemplate\":\"https:\\\/\\\/www.acetaiamarchi.com\\\/de\\\/?s={search_term_string}\"},\"query-input\":{\"@type\":\"PropertyValueSpecification\",\"valueRequired\":true,\"valueName\":\"search_term_string\"}}],\"inLanguage\":\"de\"},{\"@type\":\"Organization\",\"@id\":\"https:\\\/\\\/www.acetaiamarchi.com\\\/de\\\/#organization\",\"name\":\"Acetaia Marchi Srl\",\"url\":\"https:\\\/\\\/www.acetaiamarchi.com\\\/de\\\/\",\"logo\":{\"@type\":\"ImageObject\",\"inLanguage\":\"de\",\"@id\":\"https:\\\/\\\/www.acetaiamarchi.com\\\/de\\\/#\\\/schema\\\/logo\\\/image\\\/\",\"url\":\"https:\\\/\\\/acetaiamarchi.com\\\/wp-content\\\/uploads\\\/2025\\\/03\\\/Acetaia-Marchi-Srl-Logo.png\",\"contentUrl\":\"https:\\\/\\\/acetaiamarchi.com\\\/wp-content\\\/uploads\\\/2025\\\/03\\\/Acetaia-Marchi-Srl-Logo.png\",\"width\":2000,\"height\":2000,\"caption\":\"Acetaia Marchi Srl\"},\"image\":{\"@id\":\"https:\\\/\\\/www.acetaiamarchi.com\\\/de\\\/#\\\/schema\\\/logo\\\/image\\\/\"}}]}<\/script>\n<!-- \/ Yoast SEO plugin. -->","yoast_head_json":{"title":"|","description":"Herstellung und Verkauf von biologischem Balsamico-Essig aus Modena g.g.A.: ein ausgezeichnetes Produkt, das aus Trauben aus biologischem Anbau in unseren Weinbergen gewonnen wird","robots":{"index":"index","follow":"follow","max-snippet":"max-snippet:-1","max-image-preview":"max-image-preview:large","max-video-preview":"max-video-preview:-1"},"canonical":"https:\/\/www.acetaiamarchi.com\/de\/produkt\/bio-balsamico-essig-aus-modena-igp-126\/","og_locale":"de_DE","og_type":"article","og_title":"|","og_description":"Herstellung und Verkauf von biologischem Balsamico-Essig aus Modena g.g.A.: ein ausgezeichnetes Produkt, das aus Trauben aus biologischem Anbau in unseren Weinbergen gewonnen wird","og_url":"https:\/\/www.acetaiamarchi.com\/de\/produkt\/bio-balsamico-essig-aus-modena-igp-126\/","og_site_name":"Acetaia Marchi","article_modified_time":"2026-01-13T17:38:34+00:00","og_image":[{"width":2000,"height":2000,"url":"https:\/\/www.acetaiamarchi.com\/wp-content\/uploads\/2025\/03\/BIO-BRONZO.jpg","type":"image\/jpeg"}],"twitter_card":"summary_large_image","twitter_misc":{"Gesch\u00e4tzte Lesezeit":"1\u00a0Minute"},"schema":{"@context":"https:\/\/schema.org","@graph":[{"@type":"WebPage","@id":"https:\/\/www.acetaiamarchi.com\/de\/produkt\/bio-balsamico-essig-aus-modena-igp-126\/","url":"https:\/\/www.acetaiamarchi.com\/de\/produkt\/bio-balsamico-essig-aus-modena-igp-126\/","name":"|","isPartOf":{"@id":"https:\/\/www.acetaiamarchi.com\/de\/#website"},"primaryImageOfPage":{"@id":"https:\/\/www.acetaiamarchi.com\/de\/produkt\/bio-balsamico-essig-aus-modena-igp-126\/#primaryimage"},"image":{"@id":"https:\/\/www.acetaiamarchi.com\/de\/produkt\/bio-balsamico-essig-aus-modena-igp-126\/#primaryimage"},"thumbnailUrl":"https:\/\/www.acetaiamarchi.com\/wp-content\/uploads\/2025\/03\/Aceto-Balsamico-di-Modena-IGP-Biologico-Bronzo.jpg","datePublished":"2025-03-26T10:18:43+00:00","dateModified":"2026-01-13T17:38:34+00:00","description":"Herstellung und Verkauf von biologischem Balsamico-Essig aus Modena g.g.A.: ein ausgezeichnetes Produkt, das aus Trauben aus biologischem Anbau in unseren Weinbergen gewonnen wird","breadcrumb":{"@id":"https:\/\/www.acetaiamarchi.com\/de\/produkt\/bio-balsamico-essig-aus-modena-igp-126\/#breadcrumb"},"inLanguage":"de","potentialAction":[{"@type":"ReadAction","target":["https:\/\/www.acetaiamarchi.com\/de\/produkt\/bio-balsamico-essig-aus-modena-igp-126\/"]}]},{"@type":"ImageObject","inLanguage":"de","@id":"https:\/\/www.acetaiamarchi.com\/de\/produkt\/bio-balsamico-essig-aus-modena-igp-126\/#primaryimage","url":"https:\/\/www.acetaiamarchi.com\/wp-content\/uploads\/2025\/03\/Aceto-Balsamico-di-Modena-IGP-Biologico-Bronzo.jpg","contentUrl":"https:\/\/www.acetaiamarchi.com\/wp-content\/uploads\/2025\/03\/Aceto-Balsamico-di-Modena-IGP-Biologico-Bronzo.jpg","width":1600,"height":1600,"caption":"Vendita e produzione Aceto Balsamico di Modena IGP Biologico"},{"@type":"BreadcrumbList","@id":"https:\/\/www.acetaiamarchi.com\/de\/produkt\/bio-balsamico-essig-aus-modena-igp-126\/#breadcrumb","itemListElement":[{"@type":"ListItem","position":1,"name":"Home","item":"https:\/\/www.acetaiamarchi.com\/de\/"},{"@type":"ListItem","position":2,"name":"Produkte","item":"https:\/\/www.acetaiamarchi.com\/de\/shop\/"},{"@type":"ListItem","position":3,"name":"Bio-Balsamico-Essig aus Modena g.g.A. &#8211; 1.26"}]},{"@type":"WebSite","@id":"https:\/\/www.acetaiamarchi.com\/de\/#website","url":"https:\/\/www.acetaiamarchi.com\/de\/","name":"Acetaia Marchi Srl","description":"","publisher":{"@id":"https:\/\/www.acetaiamarchi.com\/de\/#organization"},"potentialAction":[{"@type":"SearchAction","target":{"@type":"EntryPoint","urlTemplate":"https:\/\/www.acetaiamarchi.com\/de\/?s={search_term_string}"},"query-input":{"@type":"PropertyValueSpecification","valueRequired":true,"valueName":"search_term_string"}}],"inLanguage":"de"},{"@type":"Organization","@id":"https:\/\/www.acetaiamarchi.com\/de\/#organization","name":"Acetaia Marchi Srl","url":"https:\/\/www.acetaiamarchi.com\/de\/","logo":{"@type":"ImageObject","inLanguage":"de","@id":"https:\/\/www.acetaiamarchi.com\/de\/#\/schema\/logo\/image\/","url":"https:\/\/acetaiamarchi.com\/wp-content\/uploads\/2025\/03\/Acetaia-Marchi-Srl-Logo.png","contentUrl":"https:\/\/acetaiamarchi.com\/wp-content\/uploads\/2025\/03\/Acetaia-Marchi-Srl-Logo.png","width":2000,"height":2000,"caption":"Acetaia Marchi Srl"},"image":{"@id":"https:\/\/www.acetaiamarchi.com\/de\/#\/schema\/logo\/image\/"}}]}},"_links":{"self":[{"href":"https:\/\/www.acetaiamarchi.com\/de\/wp-json\/wp\/v2\/product\/11099","targetHints":{"allow":["GET"]}}],"collection":[{"href":"https:\/\/www.acetaiamarchi.com\/de\/wp-json\/wp\/v2\/product"}],"about":[{"href":"https:\/\/www.acetaiamarchi.com\/de\/wp-json\/wp\/v2\/types\/product"}],"version-history":[{"count":13,"href":"https:\/\/www.acetaiamarchi.com\/de\/wp-json\/wp\/v2\/product\/11099\/revisions"}],"predecessor-version":[{"id":14079,"href":"https:\/\/www.acetaiamarchi.com\/de\/wp-json\/wp\/v2\/product\/11099\/revisions\/14079"}],"wp:featuredmedia":[{"embeddable":true,"href":"https:\/\/www.acetaiamarchi.com\/de\/wp-json\/wp\/v2\/media\/1254"}],"wp:attachment":[{"href":"https:\/\/www.acetaiamarchi.com\/de\/wp-json\/wp\/v2\/media?parent=11099"}],"wp:term":[{"taxonomy":"product_brand","embeddable":true,"href":"https:\/\/www.acetaiamarchi.com\/de\/wp-json\/wp\/v2\/product_brand?post=11099"},{"taxonomy":"product_cat","embeddable":true,"href":"https:\/\/www.acetaiamarchi.com\/de\/wp-json\/wp\/v2\/product_cat?post=11099"},{"taxonomy":"product_tag","embeddable":true,"href":"https:\/\/www.acetaiamarchi.com\/de\/wp-json\/wp\/v2\/product_tag?post=11099"}],"curies":[{"name":"wp","href":"https:\/\/api.w.org\/{rel}","templated":true}]}}