{"id":10234,"date":"2025-03-26T17:24:09","date_gmt":"2025-03-26T16:24:09","guid":{"rendered":"https:\/\/www.acetaiamarchi.com\/de\/?post_type=product&#038;p=10234"},"modified":"2025-11-19T12:33:13","modified_gmt":"2025-11-19T11:33:13","slug":"bio-sus-sauer-sauce-aprikosen-balsamico-essig-aus-modena-igp-bio","status":"publish","type":"product","link":"https:\/\/www.acetaiamarchi.com\/de\/produkt\/bio-sus-sauer-sauce-aprikosen-balsamico-essig-aus-modena-igp-bio\/","title":{"rendered":"Bio-S\u00fc\u00df-Sauer-Sauce Aprikosen &#038; Balsamico-Essig aus Modena IGP Bio"},"content":{"rendered":"<p>Die Qualit\u00e4t unserer <strong>Bio-S\u00fc\u00df-Sauren Sauce Aprikosen &amp; Balsamico-Essig aus Modena IGP Bio<\/strong> wird durch die Echtheit der verwendeten Rohstoffe garantiert. Diese werden sorgf\u00e4ltig ausgew\u00e4hlt. Das Bio-Obst wird den langsamsten und traditionellsten Kochprozessen unterzogen: Es wird in offenen Kesseln \u00fcber direktem Feuer schonend gekocht. Nach handwerklicher Methode beh\u00e4lt das Obst seinen unverf\u00e4lschten Geschmack und erm\u00f6glicht es uns, noch bessere Saucen herzustellen.<\/p>\n<p>Wir bevorzugen die einfachsten Rezepte, die nach Tradition zubereitet werden. Unsere s\u00fc\u00df-sauren Saucen werden besonders, weil wir sie mit unserem besten Balsamico-Essig aus Modena IGP Bio zubereiten. So k\u00f6nnen wir einen wirklich einzigartigen Kontrast zwischen der S\u00e4ure und der S\u00fc\u00dfe des Obstes garantieren.<\/p>\n<p><em><strong>In der K\u00fcche<\/strong><\/em>: Unsere Bio-S\u00fc\u00df-Saure Sauce Aprikosen &amp; Balsamico-Essig aus Modena IGP Bio passt perfekt zu Parmigiano und gereiftem Pecorino. Sie ist hervorragend auf Polenta-Crostini und eignet sich zur Zubereitung von Fleisch (insbesondere Wild) sowie zum Verfeinern des zarten Ricottas.<\/p>\n<p>&nbsp;<\/p>\n","protected":false},"excerpt":{"rendered":"<p>Wir bevorzugen die einfachsten Rezepte, die nach Tradition zubereitet werden, und garantieren die Echtheit der verwendeten Rohstoffe.<br \/>\nEinzelproduktgr\u00f6\u00dfe: 120 g.<\/p>\n","protected":false},"featured_media":4111,"template":"","meta":[],"product_brand":[],"product_cat":[501],"product_tag":[],"class_list":{"0":"post-10234","1":"product","2":"type-product","3":"status-publish","4":"has-post-thumbnail","6":"product_cat-suess-saure-konfitueren","8":"first","9":"instock","10":"featured","11":"shipping-taxable","12":"purchasable","13":"product-type-simple"},"yoast_head":"<!-- This site is optimized with the Yoast SEO plugin v27.4 - https:\/\/yoast.com\/product\/yoast-seo-wordpress\/ -->\n<title>Salsa agrodolce Biologica Albicocche &amp; Aceto Balsamico di Modena IGP<\/title>\n<meta name=\"description\" content=\"La Salsa Agrodolce Biologica Albicocche &amp; Aceto Balsamico di Modena IGP Biologico si sposa perfettamente con il Parmigiano e con il pecorino stagionato\" \/>\n<meta name=\"robots\" content=\"index, follow, max-snippet:-1, max-image-preview:large, max-video-preview:-1\" \/>\n<link rel=\"canonical\" href=\"https:\/\/www.acetaiamarchi.com\/de\/produkt\/bio-sus-sauer-sauce-aprikosen-balsamico-essig-aus-modena-igp-bio\/\" \/>\n<meta property=\"og:locale\" content=\"de_DE\" \/>\n<meta property=\"og:type\" content=\"article\" \/>\n<meta property=\"og:title\" content=\"Salsa agrodolce Biologica Albicocche &amp; Aceto Balsamico di Modena IGP\" \/>\n<meta property=\"og:description\" content=\"La Salsa Agrodolce Biologica Albicocche &amp; Aceto Balsamico di Modena IGP Biologico si sposa perfettamente con il Parmigiano e con il pecorino stagionato\" \/>\n<meta property=\"og:url\" content=\"https:\/\/www.acetaiamarchi.com\/de\/produkt\/bio-sus-sauer-sauce-aprikosen-balsamico-essig-aus-modena-igp-bio\/\" \/>\n<meta property=\"og:site_name\" content=\"Acetaia Marchi\" \/>\n<meta property=\"article:modified_time\" content=\"2025-11-19T11:33:13+00:00\" \/>\n<meta property=\"og:image\" content=\"https:\/\/www.acetaiamarchi.com\/wp-content\/uploads\/2025\/03\/Salsa-agrodolce-albicocche-e-aceto-biologica.jpg\" \/>\n\t<meta property=\"og:image:width\" content=\"1600\" \/>\n\t<meta property=\"og:image:height\" content=\"1600\" \/>\n\t<meta property=\"og:image:type\" content=\"image\/jpeg\" \/>\n<meta name=\"twitter:card\" content=\"summary_large_image\" \/>\n<meta name=\"twitter:label1\" content=\"Gesch\u00e4tzte Lesezeit\" \/>\n\t<meta name=\"twitter:data1\" content=\"2\u00a0Minuten\" \/>\n<script type=\"application\/ld+json\" class=\"yoast-schema-graph\">{\"@context\":\"https:\\\/\\\/schema.org\",\"@graph\":[{\"@type\":\"WebPage\",\"@id\":\"https:\\\/\\\/www.acetaiamarchi.com\\\/de\\\/produkt\\\/bio-sus-sauer-sauce-aprikosen-balsamico-essig-aus-modena-igp-bio\\\/\",\"url\":\"https:\\\/\\\/www.acetaiamarchi.com\\\/de\\\/produkt\\\/bio-sus-sauer-sauce-aprikosen-balsamico-essig-aus-modena-igp-bio\\\/\",\"name\":\"Salsa agrodolce Biologica Albicocche & Aceto Balsamico di Modena IGP\",\"isPartOf\":{\"@id\":\"https:\\\/\\\/www.acetaiamarchi.com\\\/de\\\/#website\"},\"primaryImageOfPage\":{\"@id\":\"https:\\\/\\\/www.acetaiamarchi.com\\\/de\\\/produkt\\\/bio-sus-sauer-sauce-aprikosen-balsamico-essig-aus-modena-igp-bio\\\/#primaryimage\"},\"image\":{\"@id\":\"https:\\\/\\\/www.acetaiamarchi.com\\\/de\\\/produkt\\\/bio-sus-sauer-sauce-aprikosen-balsamico-essig-aus-modena-igp-bio\\\/#primaryimage\"},\"thumbnailUrl\":\"https:\\\/\\\/www.acetaiamarchi.com\\\/wp-content\\\/uploads\\\/2025\\\/03\\\/Salsa-agrodolce-albicocche-e-aceto-biologica.jpg\",\"datePublished\":\"2025-03-26T16:24:09+00:00\",\"dateModified\":\"2025-11-19T11:33:13+00:00\",\"description\":\"La Salsa Agrodolce Biologica Albicocche & Aceto Balsamico di Modena IGP Biologico si sposa perfettamente con il Parmigiano e con il pecorino stagionato\",\"breadcrumb\":{\"@id\":\"https:\\\/\\\/www.acetaiamarchi.com\\\/de\\\/produkt\\\/bio-sus-sauer-sauce-aprikosen-balsamico-essig-aus-modena-igp-bio\\\/#breadcrumb\"},\"inLanguage\":\"de\",\"potentialAction\":[{\"@type\":\"ReadAction\",\"target\":[\"https:\\\/\\\/www.acetaiamarchi.com\\\/de\\\/produkt\\\/bio-sus-sauer-sauce-aprikosen-balsamico-essig-aus-modena-igp-bio\\\/\"]}]},{\"@type\":\"ImageObject\",\"inLanguage\":\"de\",\"@id\":\"https:\\\/\\\/www.acetaiamarchi.com\\\/de\\\/produkt\\\/bio-sus-sauer-sauce-aprikosen-balsamico-essig-aus-modena-igp-bio\\\/#primaryimage\",\"url\":\"https:\\\/\\\/www.acetaiamarchi.com\\\/wp-content\\\/uploads\\\/2025\\\/03\\\/Salsa-agrodolce-albicocche-e-aceto-biologica.jpg\",\"contentUrl\":\"https:\\\/\\\/www.acetaiamarchi.com\\\/wp-content\\\/uploads\\\/2025\\\/03\\\/Salsa-agrodolce-albicocche-e-aceto-biologica.jpg\",\"width\":1600,\"height\":1600,\"caption\":\"Salsa agrodolce albicocche e aceto biologica\"},{\"@type\":\"BreadcrumbList\",\"@id\":\"https:\\\/\\\/www.acetaiamarchi.com\\\/de\\\/produkt\\\/bio-sus-sauer-sauce-aprikosen-balsamico-essig-aus-modena-igp-bio\\\/#breadcrumb\",\"itemListElement\":[{\"@type\":\"ListItem\",\"position\":1,\"name\":\"Home\",\"item\":\"https:\\\/\\\/www.acetaiamarchi.com\\\/de\\\/\"},{\"@type\":\"ListItem\",\"position\":2,\"name\":\"Produkte\",\"item\":\"https:\\\/\\\/www.acetaiamarchi.com\\\/de\\\/shop\\\/\"},{\"@type\":\"ListItem\",\"position\":3,\"name\":\"Bio-S\u00fc\u00df-Sauer-Sauce Aprikosen &#038; Balsamico-Essig aus Modena IGP Bio\"}]},{\"@type\":\"WebSite\",\"@id\":\"https:\\\/\\\/www.acetaiamarchi.com\\\/de\\\/#website\",\"url\":\"https:\\\/\\\/www.acetaiamarchi.com\\\/de\\\/\",\"name\":\"Acetaia Marchi Srl\",\"description\":\"\",\"publisher\":{\"@id\":\"https:\\\/\\\/www.acetaiamarchi.com\\\/de\\\/#organization\"},\"potentialAction\":[{\"@type\":\"SearchAction\",\"target\":{\"@type\":\"EntryPoint\",\"urlTemplate\":\"https:\\\/\\\/www.acetaiamarchi.com\\\/de\\\/?s={search_term_string}\"},\"query-input\":{\"@type\":\"PropertyValueSpecification\",\"valueRequired\":true,\"valueName\":\"search_term_string\"}}],\"inLanguage\":\"de\"},{\"@type\":\"Organization\",\"@id\":\"https:\\\/\\\/www.acetaiamarchi.com\\\/de\\\/#organization\",\"name\":\"Acetaia Marchi Srl\",\"url\":\"https:\\\/\\\/www.acetaiamarchi.com\\\/de\\\/\",\"logo\":{\"@type\":\"ImageObject\",\"inLanguage\":\"de\",\"@id\":\"https:\\\/\\\/www.acetaiamarchi.com\\\/de\\\/#\\\/schema\\\/logo\\\/image\\\/\",\"url\":\"https:\\\/\\\/acetaiamarchi.com\\\/wp-content\\\/uploads\\\/2025\\\/03\\\/Acetaia-Marchi-Srl-Logo.png\",\"contentUrl\":\"https:\\\/\\\/acetaiamarchi.com\\\/wp-content\\\/uploads\\\/2025\\\/03\\\/Acetaia-Marchi-Srl-Logo.png\",\"width\":2000,\"height\":2000,\"caption\":\"Acetaia Marchi Srl\"},\"image\":{\"@id\":\"https:\\\/\\\/www.acetaiamarchi.com\\\/de\\\/#\\\/schema\\\/logo\\\/image\\\/\"}}]}<\/script>\n<!-- \/ Yoast SEO plugin. -->","yoast_head_json":{"title":"Salsa agrodolce Biologica Albicocche & Aceto Balsamico di Modena IGP","description":"La Salsa Agrodolce Biologica Albicocche & Aceto Balsamico di Modena IGP Biologico si sposa perfettamente con il Parmigiano e con il pecorino stagionato","robots":{"index":"index","follow":"follow","max-snippet":"max-snippet:-1","max-image-preview":"max-image-preview:large","max-video-preview":"max-video-preview:-1"},"canonical":"https:\/\/www.acetaiamarchi.com\/de\/produkt\/bio-sus-sauer-sauce-aprikosen-balsamico-essig-aus-modena-igp-bio\/","og_locale":"de_DE","og_type":"article","og_title":"Salsa agrodolce Biologica Albicocche & Aceto Balsamico di Modena IGP","og_description":"La Salsa Agrodolce Biologica Albicocche & Aceto Balsamico di Modena IGP Biologico si sposa perfettamente con il Parmigiano e con il pecorino stagionato","og_url":"https:\/\/www.acetaiamarchi.com\/de\/produkt\/bio-sus-sauer-sauce-aprikosen-balsamico-essig-aus-modena-igp-bio\/","og_site_name":"Acetaia Marchi","article_modified_time":"2025-11-19T11:33:13+00:00","og_image":[{"width":1600,"height":1600,"url":"https:\/\/www.acetaiamarchi.com\/wp-content\/uploads\/2025\/03\/Salsa-agrodolce-albicocche-e-aceto-biologica.jpg","type":"image\/jpeg"}],"twitter_card":"summary_large_image","twitter_misc":{"Gesch\u00e4tzte Lesezeit":"2\u00a0Minuten"},"schema":{"@context":"https:\/\/schema.org","@graph":[{"@type":"WebPage","@id":"https:\/\/www.acetaiamarchi.com\/de\/produkt\/bio-sus-sauer-sauce-aprikosen-balsamico-essig-aus-modena-igp-bio\/","url":"https:\/\/www.acetaiamarchi.com\/de\/produkt\/bio-sus-sauer-sauce-aprikosen-balsamico-essig-aus-modena-igp-bio\/","name":"Salsa agrodolce Biologica Albicocche & Aceto Balsamico di Modena IGP","isPartOf":{"@id":"https:\/\/www.acetaiamarchi.com\/de\/#website"},"primaryImageOfPage":{"@id":"https:\/\/www.acetaiamarchi.com\/de\/produkt\/bio-sus-sauer-sauce-aprikosen-balsamico-essig-aus-modena-igp-bio\/#primaryimage"},"image":{"@id":"https:\/\/www.acetaiamarchi.com\/de\/produkt\/bio-sus-sauer-sauce-aprikosen-balsamico-essig-aus-modena-igp-bio\/#primaryimage"},"thumbnailUrl":"https:\/\/www.acetaiamarchi.com\/wp-content\/uploads\/2025\/03\/Salsa-agrodolce-albicocche-e-aceto-biologica.jpg","datePublished":"2025-03-26T16:24:09+00:00","dateModified":"2025-11-19T11:33:13+00:00","description":"La Salsa Agrodolce Biologica Albicocche & Aceto Balsamico di Modena IGP Biologico si sposa perfettamente con il Parmigiano e con il pecorino stagionato","breadcrumb":{"@id":"https:\/\/www.acetaiamarchi.com\/de\/produkt\/bio-sus-sauer-sauce-aprikosen-balsamico-essig-aus-modena-igp-bio\/#breadcrumb"},"inLanguage":"de","potentialAction":[{"@type":"ReadAction","target":["https:\/\/www.acetaiamarchi.com\/de\/produkt\/bio-sus-sauer-sauce-aprikosen-balsamico-essig-aus-modena-igp-bio\/"]}]},{"@type":"ImageObject","inLanguage":"de","@id":"https:\/\/www.acetaiamarchi.com\/de\/produkt\/bio-sus-sauer-sauce-aprikosen-balsamico-essig-aus-modena-igp-bio\/#primaryimage","url":"https:\/\/www.acetaiamarchi.com\/wp-content\/uploads\/2025\/03\/Salsa-agrodolce-albicocche-e-aceto-biologica.jpg","contentUrl":"https:\/\/www.acetaiamarchi.com\/wp-content\/uploads\/2025\/03\/Salsa-agrodolce-albicocche-e-aceto-biologica.jpg","width":1600,"height":1600,"caption":"Salsa agrodolce albicocche e aceto biologica"},{"@type":"BreadcrumbList","@id":"https:\/\/www.acetaiamarchi.com\/de\/produkt\/bio-sus-sauer-sauce-aprikosen-balsamico-essig-aus-modena-igp-bio\/#breadcrumb","itemListElement":[{"@type":"ListItem","position":1,"name":"Home","item":"https:\/\/www.acetaiamarchi.com\/de\/"},{"@type":"ListItem","position":2,"name":"Produkte","item":"https:\/\/www.acetaiamarchi.com\/de\/shop\/"},{"@type":"ListItem","position":3,"name":"Bio-S\u00fc\u00df-Sauer-Sauce Aprikosen &#038; Balsamico-Essig aus Modena IGP Bio"}]},{"@type":"WebSite","@id":"https:\/\/www.acetaiamarchi.com\/de\/#website","url":"https:\/\/www.acetaiamarchi.com\/de\/","name":"Acetaia Marchi Srl","description":"","publisher":{"@id":"https:\/\/www.acetaiamarchi.com\/de\/#organization"},"potentialAction":[{"@type":"SearchAction","target":{"@type":"EntryPoint","urlTemplate":"https:\/\/www.acetaiamarchi.com\/de\/?s={search_term_string}"},"query-input":{"@type":"PropertyValueSpecification","valueRequired":true,"valueName":"search_term_string"}}],"inLanguage":"de"},{"@type":"Organization","@id":"https:\/\/www.acetaiamarchi.com\/de\/#organization","name":"Acetaia Marchi Srl","url":"https:\/\/www.acetaiamarchi.com\/de\/","logo":{"@type":"ImageObject","inLanguage":"de","@id":"https:\/\/www.acetaiamarchi.com\/de\/#\/schema\/logo\/image\/","url":"https:\/\/acetaiamarchi.com\/wp-content\/uploads\/2025\/03\/Acetaia-Marchi-Srl-Logo.png","contentUrl":"https:\/\/acetaiamarchi.com\/wp-content\/uploads\/2025\/03\/Acetaia-Marchi-Srl-Logo.png","width":2000,"height":2000,"caption":"Acetaia Marchi Srl"},"image":{"@id":"https:\/\/www.acetaiamarchi.com\/de\/#\/schema\/logo\/image\/"}}]}},"_links":{"self":[{"href":"https:\/\/www.acetaiamarchi.com\/de\/wp-json\/wp\/v2\/product\/10234","targetHints":{"allow":["GET"]}}],"collection":[{"href":"https:\/\/www.acetaiamarchi.com\/de\/wp-json\/wp\/v2\/product"}],"about":[{"href":"https:\/\/www.acetaiamarchi.com\/de\/wp-json\/wp\/v2\/types\/product"}],"version-history":[{"count":3,"href":"https:\/\/www.acetaiamarchi.com\/de\/wp-json\/wp\/v2\/product\/10234\/revisions"}],"predecessor-version":[{"id":11524,"href":"https:\/\/www.acetaiamarchi.com\/de\/wp-json\/wp\/v2\/product\/10234\/revisions\/11524"}],"wp:featuredmedia":[{"embeddable":true,"href":"https:\/\/www.acetaiamarchi.com\/de\/wp-json\/wp\/v2\/media\/4111"}],"wp:attachment":[{"href":"https:\/\/www.acetaiamarchi.com\/de\/wp-json\/wp\/v2\/media?parent=10234"}],"wp:term":[{"taxonomy":"product_brand","embeddable":true,"href":"https:\/\/www.acetaiamarchi.com\/de\/wp-json\/wp\/v2\/product_brand?post=10234"},{"taxonomy":"product_cat","embeddable":true,"href":"https:\/\/www.acetaiamarchi.com\/de\/wp-json\/wp\/v2\/product_cat?post=10234"},{"taxonomy":"product_tag","embeddable":true,"href":"https:\/\/www.acetaiamarchi.com\/de\/wp-json\/wp\/v2\/product_tag?post=10234"}],"curies":[{"name":"wp","href":"https:\/\/api.w.org\/{rel}","templated":true}]}}