{"id":10228,"date":"2025-03-26T16:55:47","date_gmt":"2025-03-26T15:55:47","guid":{"rendered":"https:\/\/www.acetaiamarchi.com\/de\/?post_type=product&#038;p=10228"},"modified":"2025-11-19T12:39:04","modified_gmt":"2025-11-19T11:39:04","slug":"bio-sus-sauer-sauce-heidelbeeren-balsamico-essig-aus-modena-igp-bio","status":"publish","type":"product","link":"https:\/\/www.acetaiamarchi.com\/de\/produkt\/bio-sus-sauer-sauce-heidelbeeren-balsamico-essig-aus-modena-igp-bio\/","title":{"rendered":"Bio-S\u00fc\u00df-Sauer-Sauce Heidelbeeren &#038; Balsamico-Essig aus Modena IGP Bio"},"content":{"rendered":"<p>Das Kombinieren von Fr\u00fcchten mit Aceto Balsamico di Modena IGP ist schon immer eine schmackhafte L\u00f6sung gewesen. Dies gilt auch f\u00fcr unsere <strong>Bio-S\u00fc\u00df-Sauer-Sauce aus Heidelbeeren &amp; Bio-Aceto Balsamico di Modena IGP<\/strong>, die aus hochwertigen und nat\u00fcrlichen Rohstoffen hergestellt wird. Die von uns verwendeten Fr\u00fcchte stammen aus biologischem Anbau. Sie werden sorgf\u00e4ltig geerntet und ausgew\u00e4hlt, um dann langsamen Kochprozessen unterzogen zu werden, die die traditionellen b\u00e4uerlichen Verfahren nachahmen. Nach handwerklicher Methode beh\u00e4lt die Frucht ihren unverf\u00e4lschten Geschmack.<\/p>\n<p>Um unsere Saucen noch einzigartiger zu machen, verwenden wir unseren besten Bio-Aceto Balsamico di Modena IGP. So gelingt es uns, einen hervorragenden Kontrast zwischen der S\u00e4ure und der S\u00fc\u00dfe der Fr\u00fcchte zu bieten. Wir garantieren unseren Kunden besondere Aromen und D\u00fcfte sowie eine umh\u00fcllende Konsistenz, die auch die anspruchsvollsten Gaumen zufriedenstellt.<\/p>\n<p><em><strong>In der K\u00fcche<\/strong><\/em>: Unsere Bio-S\u00fc\u00df-Sauer-Sauce aus Heidelbeeren &amp; Bio-Aceto Balsamico di Modena IGP ist perfekt in Kombination mit Parmigiano und gereiftem Pecorino. Sie ist ausgezeichnet auf Polenta-Crostini und besonders geeignet f\u00fcr die Kombination mit Fleisch (insbesondere Wild) und Ricotta.<\/p>\n","protected":false},"excerpt":{"rendered":"<p>Die Kombination von Fr\u00fcchten mit Aceto Balsamico di Modena IGP ist seit jeher eine schmackhafte L\u00f6sung. Dies gilt auch f\u00fcr unsere <strong>Bio-S\u00fc\u00df-Saure Sauce aus Heidelbeeren &amp; Bio-Aceto Balsamico di Modena IGP<\/strong>, die aus hochwertigen und nat\u00fcrlichen Rohstoffen hergestellt wird.<\/p>\n<p>Einzelproduktgr\u00f6\u00dfe: 120 g.<\/p>\n","protected":false},"featured_media":1280,"template":"","meta":[],"product_brand":[],"product_cat":[501],"product_tag":[],"class_list":{"0":"post-10228","1":"product","2":"type-product","3":"status-publish","4":"has-post-thumbnail","6":"product_cat-suess-saure-konfitueren","8":"first","9":"instock","10":"featured","11":"shipping-taxable","12":"purchasable","13":"product-type-simple"},"yoast_head":"<!-- This site is optimized with the Yoast SEO plugin v27.4 - https:\/\/yoast.com\/product\/yoast-seo-wordpress\/ -->\n<title>Salsa Agrodolce Biologica Mirtilli &amp; Aceto Balsamico di Modena IGP<\/title>\n<meta name=\"description\" content=\"Salsa Agrodolce Biologica di Mirtilli &amp; Aceto Balsamico di Modena IGP Biologico: preparata con frutta proveniente da coltivazioni Biologiche del territorio\" \/>\n<meta name=\"robots\" content=\"index, follow, max-snippet:-1, max-image-preview:large, max-video-preview:-1\" \/>\n<link rel=\"canonical\" href=\"https:\/\/www.acetaiamarchi.com\/de\/produkt\/bio-sus-sauer-sauce-heidelbeeren-balsamico-essig-aus-modena-igp-bio\/\" \/>\n<meta property=\"og:locale\" content=\"de_DE\" \/>\n<meta property=\"og:type\" content=\"article\" \/>\n<meta property=\"og:title\" content=\"Salsa Agrodolce Biologica Mirtilli &amp; Aceto Balsamico di Modena IGP\" \/>\n<meta property=\"og:description\" content=\"Salsa Agrodolce Biologica di Mirtilli &amp; Aceto Balsamico di Modena IGP Biologico: preparata con frutta proveniente da coltivazioni Biologiche del territorio\" \/>\n<meta property=\"og:url\" content=\"https:\/\/www.acetaiamarchi.com\/de\/produkt\/bio-sus-sauer-sauce-heidelbeeren-balsamico-essig-aus-modena-igp-bio\/\" \/>\n<meta property=\"og:site_name\" content=\"Acetaia Marchi\" \/>\n<meta property=\"article:modified_time\" content=\"2025-11-19T11:39:04+00:00\" \/>\n<meta property=\"og:image\" content=\"https:\/\/www.acetaiamarchi.com\/wp-content\/uploads\/2025\/03\/salsa-mirtilli-e-aceto-.jpg\" \/>\n\t<meta property=\"og:image:width\" content=\"1600\" \/>\n\t<meta property=\"og:image:height\" content=\"1600\" \/>\n\t<meta property=\"og:image:type\" content=\"image\/jpeg\" \/>\n<meta name=\"twitter:card\" content=\"summary_large_image\" \/>\n<meta name=\"twitter:label1\" content=\"Gesch\u00e4tzte Lesezeit\" \/>\n\t<meta name=\"twitter:data1\" content=\"2\u00a0Minuten\" \/>\n<script type=\"application\/ld+json\" class=\"yoast-schema-graph\">{\"@context\":\"https:\\\/\\\/schema.org\",\"@graph\":[{\"@type\":\"WebPage\",\"@id\":\"https:\\\/\\\/www.acetaiamarchi.com\\\/de\\\/produkt\\\/bio-sus-sauer-sauce-heidelbeeren-balsamico-essig-aus-modena-igp-bio\\\/\",\"url\":\"https:\\\/\\\/www.acetaiamarchi.com\\\/de\\\/produkt\\\/bio-sus-sauer-sauce-heidelbeeren-balsamico-essig-aus-modena-igp-bio\\\/\",\"name\":\"Salsa Agrodolce Biologica Mirtilli & Aceto Balsamico di Modena IGP\",\"isPartOf\":{\"@id\":\"https:\\\/\\\/www.acetaiamarchi.com\\\/de\\\/#website\"},\"primaryImageOfPage\":{\"@id\":\"https:\\\/\\\/www.acetaiamarchi.com\\\/de\\\/produkt\\\/bio-sus-sauer-sauce-heidelbeeren-balsamico-essig-aus-modena-igp-bio\\\/#primaryimage\"},\"image\":{\"@id\":\"https:\\\/\\\/www.acetaiamarchi.com\\\/de\\\/produkt\\\/bio-sus-sauer-sauce-heidelbeeren-balsamico-essig-aus-modena-igp-bio\\\/#primaryimage\"},\"thumbnailUrl\":\"https:\\\/\\\/www.acetaiamarchi.com\\\/wp-content\\\/uploads\\\/2025\\\/03\\\/salsa-mirtilli-e-aceto-.jpg\",\"datePublished\":\"2025-03-26T15:55:47+00:00\",\"dateModified\":\"2025-11-19T11:39:04+00:00\",\"description\":\"Salsa Agrodolce Biologica di Mirtilli & Aceto Balsamico di Modena IGP Biologico: preparata con frutta proveniente da coltivazioni Biologiche del territorio\",\"breadcrumb\":{\"@id\":\"https:\\\/\\\/www.acetaiamarchi.com\\\/de\\\/produkt\\\/bio-sus-sauer-sauce-heidelbeeren-balsamico-essig-aus-modena-igp-bio\\\/#breadcrumb\"},\"inLanguage\":\"de\",\"potentialAction\":[{\"@type\":\"ReadAction\",\"target\":[\"https:\\\/\\\/www.acetaiamarchi.com\\\/de\\\/produkt\\\/bio-sus-sauer-sauce-heidelbeeren-balsamico-essig-aus-modena-igp-bio\\\/\"]}]},{\"@type\":\"ImageObject\",\"inLanguage\":\"de\",\"@id\":\"https:\\\/\\\/www.acetaiamarchi.com\\\/de\\\/produkt\\\/bio-sus-sauer-sauce-heidelbeeren-balsamico-essig-aus-modena-igp-bio\\\/#primaryimage\",\"url\":\"https:\\\/\\\/www.acetaiamarchi.com\\\/wp-content\\\/uploads\\\/2025\\\/03\\\/salsa-mirtilli-e-aceto-.jpg\",\"contentUrl\":\"https:\\\/\\\/www.acetaiamarchi.com\\\/wp-content\\\/uploads\\\/2025\\\/03\\\/salsa-mirtilli-e-aceto-.jpg\",\"width\":1600,\"height\":1600,\"caption\":\"Salsa Agrodolce Biologica di Mirtilli & Aceto Balsamico di Modena IGP Biologico\"},{\"@type\":\"BreadcrumbList\",\"@id\":\"https:\\\/\\\/www.acetaiamarchi.com\\\/de\\\/produkt\\\/bio-sus-sauer-sauce-heidelbeeren-balsamico-essig-aus-modena-igp-bio\\\/#breadcrumb\",\"itemListElement\":[{\"@type\":\"ListItem\",\"position\":1,\"name\":\"Home\",\"item\":\"https:\\\/\\\/www.acetaiamarchi.com\\\/de\\\/\"},{\"@type\":\"ListItem\",\"position\":2,\"name\":\"Produkte\",\"item\":\"https:\\\/\\\/www.acetaiamarchi.com\\\/de\\\/shop\\\/\"},{\"@type\":\"ListItem\",\"position\":3,\"name\":\"Bio-S\u00fc\u00df-Sauer-Sauce Heidelbeeren &#038; Balsamico-Essig aus Modena IGP Bio\"}]},{\"@type\":\"WebSite\",\"@id\":\"https:\\\/\\\/www.acetaiamarchi.com\\\/de\\\/#website\",\"url\":\"https:\\\/\\\/www.acetaiamarchi.com\\\/de\\\/\",\"name\":\"Acetaia Marchi Srl\",\"description\":\"\",\"publisher\":{\"@id\":\"https:\\\/\\\/www.acetaiamarchi.com\\\/de\\\/#organization\"},\"potentialAction\":[{\"@type\":\"SearchAction\",\"target\":{\"@type\":\"EntryPoint\",\"urlTemplate\":\"https:\\\/\\\/www.acetaiamarchi.com\\\/de\\\/?s={search_term_string}\"},\"query-input\":{\"@type\":\"PropertyValueSpecification\",\"valueRequired\":true,\"valueName\":\"search_term_string\"}}],\"inLanguage\":\"de\"},{\"@type\":\"Organization\",\"@id\":\"https:\\\/\\\/www.acetaiamarchi.com\\\/de\\\/#organization\",\"name\":\"Acetaia Marchi Srl\",\"url\":\"https:\\\/\\\/www.acetaiamarchi.com\\\/de\\\/\",\"logo\":{\"@type\":\"ImageObject\",\"inLanguage\":\"de\",\"@id\":\"https:\\\/\\\/www.acetaiamarchi.com\\\/de\\\/#\\\/schema\\\/logo\\\/image\\\/\",\"url\":\"https:\\\/\\\/acetaiamarchi.com\\\/wp-content\\\/uploads\\\/2025\\\/03\\\/Acetaia-Marchi-Srl-Logo.png\",\"contentUrl\":\"https:\\\/\\\/acetaiamarchi.com\\\/wp-content\\\/uploads\\\/2025\\\/03\\\/Acetaia-Marchi-Srl-Logo.png\",\"width\":2000,\"height\":2000,\"caption\":\"Acetaia Marchi Srl\"},\"image\":{\"@id\":\"https:\\\/\\\/www.acetaiamarchi.com\\\/de\\\/#\\\/schema\\\/logo\\\/image\\\/\"}}]}<\/script>\n<!-- \/ Yoast SEO plugin. -->","yoast_head_json":{"title":"Salsa Agrodolce Biologica Mirtilli & Aceto Balsamico di Modena IGP","description":"Salsa Agrodolce Biologica di Mirtilli & Aceto Balsamico di Modena IGP Biologico: preparata con frutta proveniente da coltivazioni Biologiche del territorio","robots":{"index":"index","follow":"follow","max-snippet":"max-snippet:-1","max-image-preview":"max-image-preview:large","max-video-preview":"max-video-preview:-1"},"canonical":"https:\/\/www.acetaiamarchi.com\/de\/produkt\/bio-sus-sauer-sauce-heidelbeeren-balsamico-essig-aus-modena-igp-bio\/","og_locale":"de_DE","og_type":"article","og_title":"Salsa Agrodolce Biologica Mirtilli & Aceto Balsamico di Modena IGP","og_description":"Salsa Agrodolce Biologica di Mirtilli & Aceto Balsamico di Modena IGP Biologico: preparata con frutta proveniente da coltivazioni Biologiche del territorio","og_url":"https:\/\/www.acetaiamarchi.com\/de\/produkt\/bio-sus-sauer-sauce-heidelbeeren-balsamico-essig-aus-modena-igp-bio\/","og_site_name":"Acetaia Marchi","article_modified_time":"2025-11-19T11:39:04+00:00","og_image":[{"width":1600,"height":1600,"url":"https:\/\/www.acetaiamarchi.com\/wp-content\/uploads\/2025\/03\/salsa-mirtilli-e-aceto-.jpg","type":"image\/jpeg"}],"twitter_card":"summary_large_image","twitter_misc":{"Gesch\u00e4tzte Lesezeit":"2\u00a0Minuten"},"schema":{"@context":"https:\/\/schema.org","@graph":[{"@type":"WebPage","@id":"https:\/\/www.acetaiamarchi.com\/de\/produkt\/bio-sus-sauer-sauce-heidelbeeren-balsamico-essig-aus-modena-igp-bio\/","url":"https:\/\/www.acetaiamarchi.com\/de\/produkt\/bio-sus-sauer-sauce-heidelbeeren-balsamico-essig-aus-modena-igp-bio\/","name":"Salsa Agrodolce Biologica Mirtilli & Aceto Balsamico di Modena IGP","isPartOf":{"@id":"https:\/\/www.acetaiamarchi.com\/de\/#website"},"primaryImageOfPage":{"@id":"https:\/\/www.acetaiamarchi.com\/de\/produkt\/bio-sus-sauer-sauce-heidelbeeren-balsamico-essig-aus-modena-igp-bio\/#primaryimage"},"image":{"@id":"https:\/\/www.acetaiamarchi.com\/de\/produkt\/bio-sus-sauer-sauce-heidelbeeren-balsamico-essig-aus-modena-igp-bio\/#primaryimage"},"thumbnailUrl":"https:\/\/www.acetaiamarchi.com\/wp-content\/uploads\/2025\/03\/salsa-mirtilli-e-aceto-.jpg","datePublished":"2025-03-26T15:55:47+00:00","dateModified":"2025-11-19T11:39:04+00:00","description":"Salsa Agrodolce Biologica di Mirtilli & Aceto Balsamico di Modena IGP Biologico: preparata con frutta proveniente da coltivazioni Biologiche del territorio","breadcrumb":{"@id":"https:\/\/www.acetaiamarchi.com\/de\/produkt\/bio-sus-sauer-sauce-heidelbeeren-balsamico-essig-aus-modena-igp-bio\/#breadcrumb"},"inLanguage":"de","potentialAction":[{"@type":"ReadAction","target":["https:\/\/www.acetaiamarchi.com\/de\/produkt\/bio-sus-sauer-sauce-heidelbeeren-balsamico-essig-aus-modena-igp-bio\/"]}]},{"@type":"ImageObject","inLanguage":"de","@id":"https:\/\/www.acetaiamarchi.com\/de\/produkt\/bio-sus-sauer-sauce-heidelbeeren-balsamico-essig-aus-modena-igp-bio\/#primaryimage","url":"https:\/\/www.acetaiamarchi.com\/wp-content\/uploads\/2025\/03\/salsa-mirtilli-e-aceto-.jpg","contentUrl":"https:\/\/www.acetaiamarchi.com\/wp-content\/uploads\/2025\/03\/salsa-mirtilli-e-aceto-.jpg","width":1600,"height":1600,"caption":"Salsa Agrodolce Biologica di Mirtilli & Aceto Balsamico di Modena IGP Biologico"},{"@type":"BreadcrumbList","@id":"https:\/\/www.acetaiamarchi.com\/de\/produkt\/bio-sus-sauer-sauce-heidelbeeren-balsamico-essig-aus-modena-igp-bio\/#breadcrumb","itemListElement":[{"@type":"ListItem","position":1,"name":"Home","item":"https:\/\/www.acetaiamarchi.com\/de\/"},{"@type":"ListItem","position":2,"name":"Produkte","item":"https:\/\/www.acetaiamarchi.com\/de\/shop\/"},{"@type":"ListItem","position":3,"name":"Bio-S\u00fc\u00df-Sauer-Sauce Heidelbeeren &#038; Balsamico-Essig aus Modena IGP Bio"}]},{"@type":"WebSite","@id":"https:\/\/www.acetaiamarchi.com\/de\/#website","url":"https:\/\/www.acetaiamarchi.com\/de\/","name":"Acetaia Marchi Srl","description":"","publisher":{"@id":"https:\/\/www.acetaiamarchi.com\/de\/#organization"},"potentialAction":[{"@type":"SearchAction","target":{"@type":"EntryPoint","urlTemplate":"https:\/\/www.acetaiamarchi.com\/de\/?s={search_term_string}"},"query-input":{"@type":"PropertyValueSpecification","valueRequired":true,"valueName":"search_term_string"}}],"inLanguage":"de"},{"@type":"Organization","@id":"https:\/\/www.acetaiamarchi.com\/de\/#organization","name":"Acetaia Marchi Srl","url":"https:\/\/www.acetaiamarchi.com\/de\/","logo":{"@type":"ImageObject","inLanguage":"de","@id":"https:\/\/www.acetaiamarchi.com\/de\/#\/schema\/logo\/image\/","url":"https:\/\/acetaiamarchi.com\/wp-content\/uploads\/2025\/03\/Acetaia-Marchi-Srl-Logo.png","contentUrl":"https:\/\/acetaiamarchi.com\/wp-content\/uploads\/2025\/03\/Acetaia-Marchi-Srl-Logo.png","width":2000,"height":2000,"caption":"Acetaia Marchi Srl"},"image":{"@id":"https:\/\/www.acetaiamarchi.com\/de\/#\/schema\/logo\/image\/"}}]}},"_links":{"self":[{"href":"https:\/\/www.acetaiamarchi.com\/de\/wp-json\/wp\/v2\/product\/10228","targetHints":{"allow":["GET"]}}],"collection":[{"href":"https:\/\/www.acetaiamarchi.com\/de\/wp-json\/wp\/v2\/product"}],"about":[{"href":"https:\/\/www.acetaiamarchi.com\/de\/wp-json\/wp\/v2\/types\/product"}],"version-history":[{"count":2,"href":"https:\/\/www.acetaiamarchi.com\/de\/wp-json\/wp\/v2\/product\/10228\/revisions"}],"predecessor-version":[{"id":11527,"href":"https:\/\/www.acetaiamarchi.com\/de\/wp-json\/wp\/v2\/product\/10228\/revisions\/11527"}],"wp:featuredmedia":[{"embeddable":true,"href":"https:\/\/www.acetaiamarchi.com\/de\/wp-json\/wp\/v2\/media\/1280"}],"wp:attachment":[{"href":"https:\/\/www.acetaiamarchi.com\/de\/wp-json\/wp\/v2\/media?parent=10228"}],"wp:term":[{"taxonomy":"product_brand","embeddable":true,"href":"https:\/\/www.acetaiamarchi.com\/de\/wp-json\/wp\/v2\/product_brand?post=10228"},{"taxonomy":"product_cat","embeddable":true,"href":"https:\/\/www.acetaiamarchi.com\/de\/wp-json\/wp\/v2\/product_cat?post=10228"},{"taxonomy":"product_tag","embeddable":true,"href":"https:\/\/www.acetaiamarchi.com\/de\/wp-json\/wp\/v2\/product_tag?post=10228"}],"curies":[{"name":"wp","href":"https:\/\/api.w.org\/{rel}","templated":true}]}}