{"id":10222,"date":"2025-03-26T16:47:57","date_gmt":"2025-03-26T15:47:57","guid":{"rendered":"https:\/\/www.acetaiamarchi.com\/de\/?post_type=product&#038;p=10222"},"modified":"2025-11-19T16:44:34","modified_gmt":"2025-11-19T15:44:34","slug":"bio-sus-sauer-sauce-erdbeeren-balsamico-essig-aus-modena-igp-bio","status":"publish","type":"product","link":"https:\/\/www.acetaiamarchi.com\/de\/produkt\/bio-sus-sauer-sauce-erdbeeren-balsamico-essig-aus-modena-igp-bio\/","title":{"rendered":"Bio-S\u00fc\u00df-Sauer-Sauce Erdbeeren &#038; Balsamico-Essig aus Modena IGP Bio"},"content":{"rendered":"<p>Die Bio-S\u00fc\u00df-Sauer-Sauce Erdbeeren und Balsamico-Essig aus Modena IGP Bio ist ein Produkt mit <strong>einzigartigem und unverwechselbarem Geschmack<\/strong>. Die Qualit\u00e4t und Echtheit der Rohstoffe erm\u00f6glichen es uns, eine sehr gesch\u00e4tzte und vielseitige Sauce anzubieten, die ideal f\u00fcr Vorspeisen und andere Zubereitungen ist.<\/p>\n<p>Die Fr\u00fcchte, sorgf\u00e4ltig ausgew\u00e4hlt und geerntet, werden in offenen Kesseln \u00fcber direktem Feuer sanft nach <strong>handwerklicher Methode<\/strong> gekocht. So bleibt der Geschmack der Fr\u00fcchte unver\u00e4ndert erhalten.<\/p>\n<p>Unsere Bio-S\u00fc\u00df-Sauer-Sauce Erdbeeren &amp; Balsamico-Essig aus Modena IGP Bio besteht ausschlie\u00dflich aus <strong>Fr\u00fcchten aus biologischem Anbau<\/strong>. Das Rezept ist sehr einfach und wird traditionell zubereitet. Um unsere Saucen noch spezieller und unverwechselbarer zu machen, haben wir unseren Bio-Balsamico-Essig aus Modena IGP hinzugef\u00fcgt. Dieser erm\u00f6glicht einen starken Kontrast zwischen der S\u00e4ure und der S\u00fc\u00dfe der Fr\u00fcchte und schenkt so einzigartige Aromen und D\u00fcfte.<\/p>\n<p><em><strong>In der K\u00fcche<\/strong><\/em>: Diese Sauce vermag selbst die anspruchsvollsten Kenner zu \u00fcberzeugen und passt hervorragend zu Pecorino, gereiftem Kuhmilchk\u00e4se und Fontina. Sie harmoniert auch perfekt mit gekochtem Fleisch, Cr\u00eapes und Omeletts.<br \/>\nWir empfehlen, sie mit Schokolade zu probieren.<\/p>\n","protected":false},"excerpt":{"rendered":"<p>Unsere Bio-S\u00fc\u00df-Sauer-Sauce Erdbeeren &amp; Balsamico-Essig aus Modena IGP Bio besteht ausschlie\u00dflich aus Fr\u00fcchten aus biologischem Anbau.<br \/>\nEinzelproduktgr\u00f6\u00dfe: 120 g.<\/p>\n","protected":false},"featured_media":1276,"template":"","meta":[],"product_brand":[],"product_cat":[501],"product_tag":[],"class_list":{"0":"post-10222","1":"product","2":"type-product","3":"status-publish","4":"has-post-thumbnail","6":"product_cat-suess-saure-konfitueren","8":"first","9":"instock","10":"featured","11":"shipping-taxable","12":"purchasable","13":"product-type-simple"},"yoast_head":"<!-- This site is optimized with the Yoast SEO plugin v27.3 - https:\/\/yoast.com\/product\/yoast-seo-wordpress\/ -->\n<title>Salsa agrodolce biologica fragole e Aceto Balsamico di Modena IGP<\/title>\n<meta name=\"description\" content=\"Salsa Agrodolce Biologica Fragole e Aceto Balsamico di Modena IGP Biologico: ideale per pecorino, formaggi di mucca stagionati, fontina e carni bollite.\" \/>\n<meta name=\"robots\" content=\"index, follow, max-snippet:-1, max-image-preview:large, max-video-preview:-1\" \/>\n<link rel=\"canonical\" href=\"https:\/\/www.acetaiamarchi.com\/de\/produkt\/bio-sus-sauer-sauce-erdbeeren-balsamico-essig-aus-modena-igp-bio\/\" \/>\n<meta property=\"og:locale\" content=\"de_DE\" \/>\n<meta property=\"og:type\" content=\"article\" \/>\n<meta property=\"og:title\" content=\"Salsa agrodolce biologica fragole e Aceto Balsamico di Modena IGP\" \/>\n<meta property=\"og:description\" content=\"Salsa Agrodolce Biologica Fragole e Aceto Balsamico di Modena IGP Biologico: ideale per pecorino, formaggi di mucca stagionati, fontina e carni bollite.\" \/>\n<meta property=\"og:url\" content=\"https:\/\/www.acetaiamarchi.com\/de\/produkt\/bio-sus-sauer-sauce-erdbeeren-balsamico-essig-aus-modena-igp-bio\/\" \/>\n<meta property=\"og:site_name\" content=\"Acetaia Marchi\" \/>\n<meta property=\"article:modified_time\" content=\"2025-11-19T15:44:34+00:00\" \/>\n<meta property=\"og:image\" content=\"https:\/\/www.acetaiamarchi.com\/wp-content\/uploads\/2025\/03\/salsa-fragole-e-aceto-.jpg\" \/>\n\t<meta property=\"og:image:width\" content=\"1600\" \/>\n\t<meta property=\"og:image:height\" content=\"1600\" \/>\n\t<meta property=\"og:image:type\" content=\"image\/jpeg\" \/>\n<meta name=\"twitter:card\" content=\"summary_large_image\" \/>\n<meta name=\"twitter:label1\" content=\"Gesch\u00e4tzte Lesezeit\" \/>\n\t<meta name=\"twitter:data1\" content=\"2\u00a0Minuten\" \/>\n<script type=\"application\/ld+json\" class=\"yoast-schema-graph\">{\"@context\":\"https:\\\/\\\/schema.org\",\"@graph\":[{\"@type\":\"WebPage\",\"@id\":\"https:\\\/\\\/www.acetaiamarchi.com\\\/de\\\/produkt\\\/bio-sus-sauer-sauce-erdbeeren-balsamico-essig-aus-modena-igp-bio\\\/\",\"url\":\"https:\\\/\\\/www.acetaiamarchi.com\\\/de\\\/produkt\\\/bio-sus-sauer-sauce-erdbeeren-balsamico-essig-aus-modena-igp-bio\\\/\",\"name\":\"Salsa agrodolce biologica fragole e Aceto Balsamico di Modena IGP\",\"isPartOf\":{\"@id\":\"https:\\\/\\\/www.acetaiamarchi.com\\\/de\\\/#website\"},\"primaryImageOfPage\":{\"@id\":\"https:\\\/\\\/www.acetaiamarchi.com\\\/de\\\/produkt\\\/bio-sus-sauer-sauce-erdbeeren-balsamico-essig-aus-modena-igp-bio\\\/#primaryimage\"},\"image\":{\"@id\":\"https:\\\/\\\/www.acetaiamarchi.com\\\/de\\\/produkt\\\/bio-sus-sauer-sauce-erdbeeren-balsamico-essig-aus-modena-igp-bio\\\/#primaryimage\"},\"thumbnailUrl\":\"https:\\\/\\\/www.acetaiamarchi.com\\\/wp-content\\\/uploads\\\/2025\\\/03\\\/salsa-fragole-e-aceto-.jpg\",\"datePublished\":\"2025-03-26T15:47:57+00:00\",\"dateModified\":\"2025-11-19T15:44:34+00:00\",\"description\":\"Salsa Agrodolce Biologica Fragole e Aceto Balsamico di Modena IGP Biologico: ideale per pecorino, formaggi di mucca stagionati, fontina e carni bollite.\",\"breadcrumb\":{\"@id\":\"https:\\\/\\\/www.acetaiamarchi.com\\\/de\\\/produkt\\\/bio-sus-sauer-sauce-erdbeeren-balsamico-essig-aus-modena-igp-bio\\\/#breadcrumb\"},\"inLanguage\":\"de\",\"potentialAction\":[{\"@type\":\"ReadAction\",\"target\":[\"https:\\\/\\\/www.acetaiamarchi.com\\\/de\\\/produkt\\\/bio-sus-sauer-sauce-erdbeeren-balsamico-essig-aus-modena-igp-bio\\\/\"]}]},{\"@type\":\"ImageObject\",\"inLanguage\":\"de\",\"@id\":\"https:\\\/\\\/www.acetaiamarchi.com\\\/de\\\/produkt\\\/bio-sus-sauer-sauce-erdbeeren-balsamico-essig-aus-modena-igp-bio\\\/#primaryimage\",\"url\":\"https:\\\/\\\/www.acetaiamarchi.com\\\/wp-content\\\/uploads\\\/2025\\\/03\\\/salsa-fragole-e-aceto-.jpg\",\"contentUrl\":\"https:\\\/\\\/www.acetaiamarchi.com\\\/wp-content\\\/uploads\\\/2025\\\/03\\\/salsa-fragole-e-aceto-.jpg\",\"width\":1600,\"height\":1600,\"caption\":\"Composta di Fragole e Aceto Balsamico di Modena IGP Biologico\"},{\"@type\":\"BreadcrumbList\",\"@id\":\"https:\\\/\\\/www.acetaiamarchi.com\\\/de\\\/produkt\\\/bio-sus-sauer-sauce-erdbeeren-balsamico-essig-aus-modena-igp-bio\\\/#breadcrumb\",\"itemListElement\":[{\"@type\":\"ListItem\",\"position\":1,\"name\":\"Home\",\"item\":\"https:\\\/\\\/www.acetaiamarchi.com\\\/de\\\/\"},{\"@type\":\"ListItem\",\"position\":2,\"name\":\"Produkte\",\"item\":\"https:\\\/\\\/www.acetaiamarchi.com\\\/de\\\/shop\\\/\"},{\"@type\":\"ListItem\",\"position\":3,\"name\":\"Bio-S\u00fc\u00df-Sauer-Sauce Erdbeeren &#038; Balsamico-Essig aus Modena IGP Bio\"}]},{\"@type\":\"WebSite\",\"@id\":\"https:\\\/\\\/www.acetaiamarchi.com\\\/de\\\/#website\",\"url\":\"https:\\\/\\\/www.acetaiamarchi.com\\\/de\\\/\",\"name\":\"Acetaia Marchi Srl\",\"description\":\"\",\"publisher\":{\"@id\":\"https:\\\/\\\/www.acetaiamarchi.com\\\/de\\\/#organization\"},\"potentialAction\":[{\"@type\":\"SearchAction\",\"target\":{\"@type\":\"EntryPoint\",\"urlTemplate\":\"https:\\\/\\\/www.acetaiamarchi.com\\\/de\\\/?s={search_term_string}\"},\"query-input\":{\"@type\":\"PropertyValueSpecification\",\"valueRequired\":true,\"valueName\":\"search_term_string\"}}],\"inLanguage\":\"de\"},{\"@type\":\"Organization\",\"@id\":\"https:\\\/\\\/www.acetaiamarchi.com\\\/de\\\/#organization\",\"name\":\"Acetaia Marchi Srl\",\"url\":\"https:\\\/\\\/www.acetaiamarchi.com\\\/de\\\/\",\"logo\":{\"@type\":\"ImageObject\",\"inLanguage\":\"de\",\"@id\":\"https:\\\/\\\/www.acetaiamarchi.com\\\/de\\\/#\\\/schema\\\/logo\\\/image\\\/\",\"url\":\"https:\\\/\\\/acetaiamarchi.com\\\/wp-content\\\/uploads\\\/2025\\\/03\\\/Acetaia-Marchi-Srl-Logo.png\",\"contentUrl\":\"https:\\\/\\\/acetaiamarchi.com\\\/wp-content\\\/uploads\\\/2025\\\/03\\\/Acetaia-Marchi-Srl-Logo.png\",\"width\":2000,\"height\":2000,\"caption\":\"Acetaia Marchi Srl\"},\"image\":{\"@id\":\"https:\\\/\\\/www.acetaiamarchi.com\\\/de\\\/#\\\/schema\\\/logo\\\/image\\\/\"}}]}<\/script>\n<!-- \/ Yoast SEO plugin. -->","yoast_head_json":{"title":"Salsa agrodolce biologica fragole e Aceto Balsamico di Modena IGP","description":"Salsa Agrodolce Biologica Fragole e Aceto Balsamico di Modena IGP Biologico: ideale per pecorino, formaggi di mucca stagionati, fontina e carni bollite.","robots":{"index":"index","follow":"follow","max-snippet":"max-snippet:-1","max-image-preview":"max-image-preview:large","max-video-preview":"max-video-preview:-1"},"canonical":"https:\/\/www.acetaiamarchi.com\/de\/produkt\/bio-sus-sauer-sauce-erdbeeren-balsamico-essig-aus-modena-igp-bio\/","og_locale":"de_DE","og_type":"article","og_title":"Salsa agrodolce biologica fragole e Aceto Balsamico di Modena IGP","og_description":"Salsa Agrodolce Biologica Fragole e Aceto Balsamico di Modena IGP Biologico: ideale per pecorino, formaggi di mucca stagionati, fontina e carni bollite.","og_url":"https:\/\/www.acetaiamarchi.com\/de\/produkt\/bio-sus-sauer-sauce-erdbeeren-balsamico-essig-aus-modena-igp-bio\/","og_site_name":"Acetaia Marchi","article_modified_time":"2025-11-19T15:44:34+00:00","og_image":[{"width":1600,"height":1600,"url":"https:\/\/www.acetaiamarchi.com\/wp-content\/uploads\/2025\/03\/salsa-fragole-e-aceto-.jpg","type":"image\/jpeg"}],"twitter_card":"summary_large_image","twitter_misc":{"Gesch\u00e4tzte Lesezeit":"2\u00a0Minuten"},"schema":{"@context":"https:\/\/schema.org","@graph":[{"@type":"WebPage","@id":"https:\/\/www.acetaiamarchi.com\/de\/produkt\/bio-sus-sauer-sauce-erdbeeren-balsamico-essig-aus-modena-igp-bio\/","url":"https:\/\/www.acetaiamarchi.com\/de\/produkt\/bio-sus-sauer-sauce-erdbeeren-balsamico-essig-aus-modena-igp-bio\/","name":"Salsa agrodolce biologica fragole e Aceto Balsamico di Modena IGP","isPartOf":{"@id":"https:\/\/www.acetaiamarchi.com\/de\/#website"},"primaryImageOfPage":{"@id":"https:\/\/www.acetaiamarchi.com\/de\/produkt\/bio-sus-sauer-sauce-erdbeeren-balsamico-essig-aus-modena-igp-bio\/#primaryimage"},"image":{"@id":"https:\/\/www.acetaiamarchi.com\/de\/produkt\/bio-sus-sauer-sauce-erdbeeren-balsamico-essig-aus-modena-igp-bio\/#primaryimage"},"thumbnailUrl":"https:\/\/www.acetaiamarchi.com\/wp-content\/uploads\/2025\/03\/salsa-fragole-e-aceto-.jpg","datePublished":"2025-03-26T15:47:57+00:00","dateModified":"2025-11-19T15:44:34+00:00","description":"Salsa Agrodolce Biologica Fragole e Aceto Balsamico di Modena IGP Biologico: ideale per pecorino, formaggi di mucca stagionati, fontina e carni bollite.","breadcrumb":{"@id":"https:\/\/www.acetaiamarchi.com\/de\/produkt\/bio-sus-sauer-sauce-erdbeeren-balsamico-essig-aus-modena-igp-bio\/#breadcrumb"},"inLanguage":"de","potentialAction":[{"@type":"ReadAction","target":["https:\/\/www.acetaiamarchi.com\/de\/produkt\/bio-sus-sauer-sauce-erdbeeren-balsamico-essig-aus-modena-igp-bio\/"]}]},{"@type":"ImageObject","inLanguage":"de","@id":"https:\/\/www.acetaiamarchi.com\/de\/produkt\/bio-sus-sauer-sauce-erdbeeren-balsamico-essig-aus-modena-igp-bio\/#primaryimage","url":"https:\/\/www.acetaiamarchi.com\/wp-content\/uploads\/2025\/03\/salsa-fragole-e-aceto-.jpg","contentUrl":"https:\/\/www.acetaiamarchi.com\/wp-content\/uploads\/2025\/03\/salsa-fragole-e-aceto-.jpg","width":1600,"height":1600,"caption":"Composta di Fragole e Aceto Balsamico di Modena IGP Biologico"},{"@type":"BreadcrumbList","@id":"https:\/\/www.acetaiamarchi.com\/de\/produkt\/bio-sus-sauer-sauce-erdbeeren-balsamico-essig-aus-modena-igp-bio\/#breadcrumb","itemListElement":[{"@type":"ListItem","position":1,"name":"Home","item":"https:\/\/www.acetaiamarchi.com\/de\/"},{"@type":"ListItem","position":2,"name":"Produkte","item":"https:\/\/www.acetaiamarchi.com\/de\/shop\/"},{"@type":"ListItem","position":3,"name":"Bio-S\u00fc\u00df-Sauer-Sauce Erdbeeren &#038; Balsamico-Essig aus Modena IGP Bio"}]},{"@type":"WebSite","@id":"https:\/\/www.acetaiamarchi.com\/de\/#website","url":"https:\/\/www.acetaiamarchi.com\/de\/","name":"Acetaia Marchi Srl","description":"","publisher":{"@id":"https:\/\/www.acetaiamarchi.com\/de\/#organization"},"potentialAction":[{"@type":"SearchAction","target":{"@type":"EntryPoint","urlTemplate":"https:\/\/www.acetaiamarchi.com\/de\/?s={search_term_string}"},"query-input":{"@type":"PropertyValueSpecification","valueRequired":true,"valueName":"search_term_string"}}],"inLanguage":"de"},{"@type":"Organization","@id":"https:\/\/www.acetaiamarchi.com\/de\/#organization","name":"Acetaia Marchi Srl","url":"https:\/\/www.acetaiamarchi.com\/de\/","logo":{"@type":"ImageObject","inLanguage":"de","@id":"https:\/\/www.acetaiamarchi.com\/de\/#\/schema\/logo\/image\/","url":"https:\/\/acetaiamarchi.com\/wp-content\/uploads\/2025\/03\/Acetaia-Marchi-Srl-Logo.png","contentUrl":"https:\/\/acetaiamarchi.com\/wp-content\/uploads\/2025\/03\/Acetaia-Marchi-Srl-Logo.png","width":2000,"height":2000,"caption":"Acetaia Marchi Srl"},"image":{"@id":"https:\/\/www.acetaiamarchi.com\/de\/#\/schema\/logo\/image\/"}}]}},"_links":{"self":[{"href":"https:\/\/www.acetaiamarchi.com\/de\/wp-json\/wp\/v2\/product\/10222","targetHints":{"allow":["GET"]}}],"collection":[{"href":"https:\/\/www.acetaiamarchi.com\/de\/wp-json\/wp\/v2\/product"}],"about":[{"href":"https:\/\/www.acetaiamarchi.com\/de\/wp-json\/wp\/v2\/types\/product"}],"version-history":[{"count":3,"href":"https:\/\/www.acetaiamarchi.com\/de\/wp-json\/wp\/v2\/product\/10222\/revisions"}],"predecessor-version":[{"id":11539,"href":"https:\/\/www.acetaiamarchi.com\/de\/wp-json\/wp\/v2\/product\/10222\/revisions\/11539"}],"wp:featuredmedia":[{"embeddable":true,"href":"https:\/\/www.acetaiamarchi.com\/de\/wp-json\/wp\/v2\/media\/1276"}],"wp:attachment":[{"href":"https:\/\/www.acetaiamarchi.com\/de\/wp-json\/wp\/v2\/media?parent=10222"}],"wp:term":[{"taxonomy":"product_brand","embeddable":true,"href":"https:\/\/www.acetaiamarchi.com\/de\/wp-json\/wp\/v2\/product_brand?post=10222"},{"taxonomy":"product_cat","embeddable":true,"href":"https:\/\/www.acetaiamarchi.com\/de\/wp-json\/wp\/v2\/product_cat?post=10222"},{"taxonomy":"product_tag","embeddable":true,"href":"https:\/\/www.acetaiamarchi.com\/de\/wp-json\/wp\/v2\/product_tag?post=10222"}],"curies":[{"name":"wp","href":"https:\/\/api.w.org\/{rel}","templated":true}]}}