{"id":10216,"date":"2025-03-26T15:30:17","date_gmt":"2025-03-26T14:30:17","guid":{"rendered":"https:\/\/www.acetaiamarchi.com\/de\/?post_type=product&#038;p=10216"},"modified":"2025-11-19T12:40:21","modified_gmt":"2025-11-19T11:40:21","slug":"bio-sus-sauer-sauce-feigen-balsamico-essig-aus-modena-igp-bio","status":"publish","type":"product","link":"https:\/\/www.acetaiamarchi.com\/de\/produkt\/bio-sus-sauer-sauce-feigen-balsamico-essig-aus-modena-igp-bio\/","title":{"rendered":"Bio-S\u00fc\u00df-Sauer-Sauce Feigen &#038; Balsamico-Essig aus Modena IGP Bio"},"content":{"rendered":"<p>Unsere <strong>Bio-S\u00fc\u00df-Sauer-Sauce Feigen &amp; Balsamico-Essig aus Modena IGP Bio<\/strong> wird aus sorgf\u00e4ltig ausgew\u00e4hlten Fr\u00fcchten hergestellt. Diese werden in offenen Kesseln \u00fcber direktem Feuer schonend nach traditioneller Handwerkskunst gekocht. Dieses Verfahren erm\u00f6glicht es, den Geschmack der Fr\u00fcchte unver\u00e4ndert zu bewahren.<\/p>\n<p>Wir bevorzugen die einfachsten Rezepte, ohne Farbstoffe, Konservierungsmittel, Verdickungsmittel oder Antioxidantien. So k\u00f6nnen wir Produkte mit einem der h\u00f6chsten Fruchtanteile auf dem Markt anbieten.<\/p>\n<p>Um unsere Saucen noch besonderer und unverwechselbarer zu machen, f\u00fcgen wir unseren Bio-Balsamico-Essig aus Modena IGP hinzu. Diese Kombination bietet einen angenehmen Kontrast zwischen der S\u00e4ure und der S\u00fc\u00dfe der Fr\u00fcchte und pr\u00e4sentiert einzigartige Aromen und D\u00fcfte. Unsere Saucen, die ausschlie\u00dflich aus Fr\u00fcchten aus biologischem Anbau hergestellt werden, erm\u00f6glichen es uns, eine hohe Qualit\u00e4t sowie echte und k\u00f6stliche Produkte zu garantieren.<\/p>\n<p>Unsere Bio-S\u00fc\u00df-Sauer-Sauce Feigen &amp; Balsamico-Essig aus Modena IGP Bio \u00fcberzeugt durch ihren <strong>authentischen Geschmack<\/strong> und ihre <strong>umh\u00fcllende Konsistenz<\/strong>.<\/p>\n<p><em><strong>In der K\u00fcche<\/strong><\/em>: Dank ihrer zahlreichen organoleptischen Eigenschaften eignet sie sich hervorragend in Kombination mit Pecorino und ist perfekt f\u00fcr Omeletts und Tigelle. Sie harmoniert auch gut mit Wurstwaren und gereiften Aufschnittsorten, mit allen wei\u00dfen Fleischsorten, s\u00fc\u00dfen Pfannkuchen und Vanilleeis.<\/p>\n","protected":false},"excerpt":{"rendered":"<p>Bio-S\u00fc\u00df-Sauer-Sauce Feigen &amp; Balsamico-Essig aus Modena IGP Bio, hergestellt aus sorgf\u00e4ltig ausgew\u00e4hlten Fr\u00fcchten und schonend nach traditioneller Handwerkskunst gekocht. Dieses Verfahren erm\u00f6glicht es der Frucht, ihren unverf\u00e4lschten Geschmack zu bewahren.<\/p>\n<p>Einzelproduktgr\u00f6\u00dfe: 120 g.<\/p>\n<p>&nbsp;<\/p>\n","protected":false},"featured_media":1296,"template":"","meta":[],"product_brand":[],"product_cat":[501],"product_tag":[],"class_list":{"0":"post-10216","1":"product","2":"type-product","3":"status-publish","4":"has-post-thumbnail","6":"product_cat-suess-saure-konfitueren","8":"first","9":"instock","10":"featured","11":"shipping-taxable","12":"purchasable","13":"product-type-simple"},"yoast_head":"<!-- This site is optimized with the Yoast SEO plugin v27.4 - https:\/\/yoast.com\/product\/yoast-seo-wordpress\/ -->\n<title>Salsa agrodolce Biologica Fichi &amp; Aceto Balsamico di Modena IGP<\/title>\n<meta name=\"description\" content=\"Salsa Agrodolce Biologica Fichi &amp; Aceto Balsamico di Modena IGP Biologico preparata con frutti scelti e fatti cuocere secondo il metodo artigianale.\" \/>\n<meta name=\"robots\" content=\"index, follow, max-snippet:-1, max-image-preview:large, max-video-preview:-1\" \/>\n<link rel=\"canonical\" href=\"https:\/\/www.acetaiamarchi.com\/de\/produkt\/bio-sus-sauer-sauce-feigen-balsamico-essig-aus-modena-igp-bio\/\" \/>\n<meta property=\"og:locale\" content=\"de_DE\" \/>\n<meta property=\"og:type\" content=\"article\" \/>\n<meta property=\"og:title\" content=\"Salsa agrodolce Biologica Fichi &amp; Aceto Balsamico di Modena IGP\" \/>\n<meta property=\"og:description\" content=\"Salsa Agrodolce Biologica Fichi &amp; Aceto Balsamico di Modena IGP Biologico preparata con frutti scelti e fatti cuocere secondo il metodo artigianale.\" \/>\n<meta property=\"og:url\" content=\"https:\/\/www.acetaiamarchi.com\/de\/produkt\/bio-sus-sauer-sauce-feigen-balsamico-essig-aus-modena-igp-bio\/\" \/>\n<meta property=\"og:site_name\" content=\"Acetaia Marchi\" \/>\n<meta property=\"article:modified_time\" content=\"2025-11-19T11:40:21+00:00\" \/>\n<meta property=\"og:image\" content=\"https:\/\/www.acetaiamarchi.com\/wp-content\/uploads\/2025\/03\/salsa-fichi-e-aceto.jpg\" \/>\n\t<meta property=\"og:image:width\" content=\"1600\" \/>\n\t<meta property=\"og:image:height\" content=\"1600\" \/>\n\t<meta property=\"og:image:type\" content=\"image\/jpeg\" \/>\n<meta name=\"twitter:card\" content=\"summary_large_image\" \/>\n<meta name=\"twitter:label1\" content=\"Gesch\u00e4tzte Lesezeit\" \/>\n\t<meta name=\"twitter:data1\" content=\"2\u00a0Minuten\" \/>\n<script type=\"application\/ld+json\" class=\"yoast-schema-graph\">{\"@context\":\"https:\\\/\\\/schema.org\",\"@graph\":[{\"@type\":\"WebPage\",\"@id\":\"https:\\\/\\\/www.acetaiamarchi.com\\\/de\\\/produkt\\\/bio-sus-sauer-sauce-feigen-balsamico-essig-aus-modena-igp-bio\\\/\",\"url\":\"https:\\\/\\\/www.acetaiamarchi.com\\\/de\\\/produkt\\\/bio-sus-sauer-sauce-feigen-balsamico-essig-aus-modena-igp-bio\\\/\",\"name\":\"Salsa agrodolce Biologica Fichi & Aceto Balsamico di Modena IGP\",\"isPartOf\":{\"@id\":\"https:\\\/\\\/www.acetaiamarchi.com\\\/de\\\/#website\"},\"primaryImageOfPage\":{\"@id\":\"https:\\\/\\\/www.acetaiamarchi.com\\\/de\\\/produkt\\\/bio-sus-sauer-sauce-feigen-balsamico-essig-aus-modena-igp-bio\\\/#primaryimage\"},\"image\":{\"@id\":\"https:\\\/\\\/www.acetaiamarchi.com\\\/de\\\/produkt\\\/bio-sus-sauer-sauce-feigen-balsamico-essig-aus-modena-igp-bio\\\/#primaryimage\"},\"thumbnailUrl\":\"https:\\\/\\\/www.acetaiamarchi.com\\\/wp-content\\\/uploads\\\/2025\\\/03\\\/salsa-fichi-e-aceto.jpg\",\"datePublished\":\"2025-03-26T14:30:17+00:00\",\"dateModified\":\"2025-11-19T11:40:21+00:00\",\"description\":\"Salsa Agrodolce Biologica Fichi & Aceto Balsamico di Modena IGP Biologico preparata con frutti scelti e fatti cuocere secondo il metodo artigianale.\",\"breadcrumb\":{\"@id\":\"https:\\\/\\\/www.acetaiamarchi.com\\\/de\\\/produkt\\\/bio-sus-sauer-sauce-feigen-balsamico-essig-aus-modena-igp-bio\\\/#breadcrumb\"},\"inLanguage\":\"de\",\"potentialAction\":[{\"@type\":\"ReadAction\",\"target\":[\"https:\\\/\\\/www.acetaiamarchi.com\\\/de\\\/produkt\\\/bio-sus-sauer-sauce-feigen-balsamico-essig-aus-modena-igp-bio\\\/\"]}]},{\"@type\":\"ImageObject\",\"inLanguage\":\"de\",\"@id\":\"https:\\\/\\\/www.acetaiamarchi.com\\\/de\\\/produkt\\\/bio-sus-sauer-sauce-feigen-balsamico-essig-aus-modena-igp-bio\\\/#primaryimage\",\"url\":\"https:\\\/\\\/www.acetaiamarchi.com\\\/wp-content\\\/uploads\\\/2025\\\/03\\\/salsa-fichi-e-aceto.jpg\",\"contentUrl\":\"https:\\\/\\\/www.acetaiamarchi.com\\\/wp-content\\\/uploads\\\/2025\\\/03\\\/salsa-fichi-e-aceto.jpg\",\"width\":1600,\"height\":1600,\"caption\":\"Salsa agrodolce biologica di Fichi e Aceto Balsamico di Modena IGP\"},{\"@type\":\"BreadcrumbList\",\"@id\":\"https:\\\/\\\/www.acetaiamarchi.com\\\/de\\\/produkt\\\/bio-sus-sauer-sauce-feigen-balsamico-essig-aus-modena-igp-bio\\\/#breadcrumb\",\"itemListElement\":[{\"@type\":\"ListItem\",\"position\":1,\"name\":\"Home\",\"item\":\"https:\\\/\\\/www.acetaiamarchi.com\\\/de\\\/\"},{\"@type\":\"ListItem\",\"position\":2,\"name\":\"Produkte\",\"item\":\"https:\\\/\\\/www.acetaiamarchi.com\\\/de\\\/shop\\\/\"},{\"@type\":\"ListItem\",\"position\":3,\"name\":\"Bio-S\u00fc\u00df-Sauer-Sauce Feigen &#038; Balsamico-Essig aus Modena IGP Bio\"}]},{\"@type\":\"WebSite\",\"@id\":\"https:\\\/\\\/www.acetaiamarchi.com\\\/de\\\/#website\",\"url\":\"https:\\\/\\\/www.acetaiamarchi.com\\\/de\\\/\",\"name\":\"Acetaia Marchi Srl\",\"description\":\"\",\"publisher\":{\"@id\":\"https:\\\/\\\/www.acetaiamarchi.com\\\/de\\\/#organization\"},\"potentialAction\":[{\"@type\":\"SearchAction\",\"target\":{\"@type\":\"EntryPoint\",\"urlTemplate\":\"https:\\\/\\\/www.acetaiamarchi.com\\\/de\\\/?s={search_term_string}\"},\"query-input\":{\"@type\":\"PropertyValueSpecification\",\"valueRequired\":true,\"valueName\":\"search_term_string\"}}],\"inLanguage\":\"de\"},{\"@type\":\"Organization\",\"@id\":\"https:\\\/\\\/www.acetaiamarchi.com\\\/de\\\/#organization\",\"name\":\"Acetaia Marchi Srl\",\"url\":\"https:\\\/\\\/www.acetaiamarchi.com\\\/de\\\/\",\"logo\":{\"@type\":\"ImageObject\",\"inLanguage\":\"de\",\"@id\":\"https:\\\/\\\/www.acetaiamarchi.com\\\/de\\\/#\\\/schema\\\/logo\\\/image\\\/\",\"url\":\"https:\\\/\\\/acetaiamarchi.com\\\/wp-content\\\/uploads\\\/2025\\\/03\\\/Acetaia-Marchi-Srl-Logo.png\",\"contentUrl\":\"https:\\\/\\\/acetaiamarchi.com\\\/wp-content\\\/uploads\\\/2025\\\/03\\\/Acetaia-Marchi-Srl-Logo.png\",\"width\":2000,\"height\":2000,\"caption\":\"Acetaia Marchi Srl\"},\"image\":{\"@id\":\"https:\\\/\\\/www.acetaiamarchi.com\\\/de\\\/#\\\/schema\\\/logo\\\/image\\\/\"}}]}<\/script>\n<!-- \/ Yoast SEO plugin. -->","yoast_head_json":{"title":"Salsa agrodolce Biologica Fichi & Aceto Balsamico di Modena IGP","description":"Salsa Agrodolce Biologica Fichi & Aceto Balsamico di Modena IGP Biologico preparata con frutti scelti e fatti cuocere secondo il metodo artigianale.","robots":{"index":"index","follow":"follow","max-snippet":"max-snippet:-1","max-image-preview":"max-image-preview:large","max-video-preview":"max-video-preview:-1"},"canonical":"https:\/\/www.acetaiamarchi.com\/de\/produkt\/bio-sus-sauer-sauce-feigen-balsamico-essig-aus-modena-igp-bio\/","og_locale":"de_DE","og_type":"article","og_title":"Salsa agrodolce Biologica Fichi & Aceto Balsamico di Modena IGP","og_description":"Salsa Agrodolce Biologica Fichi & Aceto Balsamico di Modena IGP Biologico preparata con frutti scelti e fatti cuocere secondo il metodo artigianale.","og_url":"https:\/\/www.acetaiamarchi.com\/de\/produkt\/bio-sus-sauer-sauce-feigen-balsamico-essig-aus-modena-igp-bio\/","og_site_name":"Acetaia Marchi","article_modified_time":"2025-11-19T11:40:21+00:00","og_image":[{"width":1600,"height":1600,"url":"https:\/\/www.acetaiamarchi.com\/wp-content\/uploads\/2025\/03\/salsa-fichi-e-aceto.jpg","type":"image\/jpeg"}],"twitter_card":"summary_large_image","twitter_misc":{"Gesch\u00e4tzte Lesezeit":"2\u00a0Minuten"},"schema":{"@context":"https:\/\/schema.org","@graph":[{"@type":"WebPage","@id":"https:\/\/www.acetaiamarchi.com\/de\/produkt\/bio-sus-sauer-sauce-feigen-balsamico-essig-aus-modena-igp-bio\/","url":"https:\/\/www.acetaiamarchi.com\/de\/produkt\/bio-sus-sauer-sauce-feigen-balsamico-essig-aus-modena-igp-bio\/","name":"Salsa agrodolce Biologica Fichi & Aceto Balsamico di Modena IGP","isPartOf":{"@id":"https:\/\/www.acetaiamarchi.com\/de\/#website"},"primaryImageOfPage":{"@id":"https:\/\/www.acetaiamarchi.com\/de\/produkt\/bio-sus-sauer-sauce-feigen-balsamico-essig-aus-modena-igp-bio\/#primaryimage"},"image":{"@id":"https:\/\/www.acetaiamarchi.com\/de\/produkt\/bio-sus-sauer-sauce-feigen-balsamico-essig-aus-modena-igp-bio\/#primaryimage"},"thumbnailUrl":"https:\/\/www.acetaiamarchi.com\/wp-content\/uploads\/2025\/03\/salsa-fichi-e-aceto.jpg","datePublished":"2025-03-26T14:30:17+00:00","dateModified":"2025-11-19T11:40:21+00:00","description":"Salsa Agrodolce Biologica Fichi & Aceto Balsamico di Modena IGP Biologico preparata con frutti scelti e fatti cuocere secondo il metodo artigianale.","breadcrumb":{"@id":"https:\/\/www.acetaiamarchi.com\/de\/produkt\/bio-sus-sauer-sauce-feigen-balsamico-essig-aus-modena-igp-bio\/#breadcrumb"},"inLanguage":"de","potentialAction":[{"@type":"ReadAction","target":["https:\/\/www.acetaiamarchi.com\/de\/produkt\/bio-sus-sauer-sauce-feigen-balsamico-essig-aus-modena-igp-bio\/"]}]},{"@type":"ImageObject","inLanguage":"de","@id":"https:\/\/www.acetaiamarchi.com\/de\/produkt\/bio-sus-sauer-sauce-feigen-balsamico-essig-aus-modena-igp-bio\/#primaryimage","url":"https:\/\/www.acetaiamarchi.com\/wp-content\/uploads\/2025\/03\/salsa-fichi-e-aceto.jpg","contentUrl":"https:\/\/www.acetaiamarchi.com\/wp-content\/uploads\/2025\/03\/salsa-fichi-e-aceto.jpg","width":1600,"height":1600,"caption":"Salsa agrodolce biologica di Fichi e Aceto Balsamico di Modena IGP"},{"@type":"BreadcrumbList","@id":"https:\/\/www.acetaiamarchi.com\/de\/produkt\/bio-sus-sauer-sauce-feigen-balsamico-essig-aus-modena-igp-bio\/#breadcrumb","itemListElement":[{"@type":"ListItem","position":1,"name":"Home","item":"https:\/\/www.acetaiamarchi.com\/de\/"},{"@type":"ListItem","position":2,"name":"Produkte","item":"https:\/\/www.acetaiamarchi.com\/de\/shop\/"},{"@type":"ListItem","position":3,"name":"Bio-S\u00fc\u00df-Sauer-Sauce Feigen &#038; Balsamico-Essig aus Modena IGP Bio"}]},{"@type":"WebSite","@id":"https:\/\/www.acetaiamarchi.com\/de\/#website","url":"https:\/\/www.acetaiamarchi.com\/de\/","name":"Acetaia Marchi Srl","description":"","publisher":{"@id":"https:\/\/www.acetaiamarchi.com\/de\/#organization"},"potentialAction":[{"@type":"SearchAction","target":{"@type":"EntryPoint","urlTemplate":"https:\/\/www.acetaiamarchi.com\/de\/?s={search_term_string}"},"query-input":{"@type":"PropertyValueSpecification","valueRequired":true,"valueName":"search_term_string"}}],"inLanguage":"de"},{"@type":"Organization","@id":"https:\/\/www.acetaiamarchi.com\/de\/#organization","name":"Acetaia Marchi Srl","url":"https:\/\/www.acetaiamarchi.com\/de\/","logo":{"@type":"ImageObject","inLanguage":"de","@id":"https:\/\/www.acetaiamarchi.com\/de\/#\/schema\/logo\/image\/","url":"https:\/\/acetaiamarchi.com\/wp-content\/uploads\/2025\/03\/Acetaia-Marchi-Srl-Logo.png","contentUrl":"https:\/\/acetaiamarchi.com\/wp-content\/uploads\/2025\/03\/Acetaia-Marchi-Srl-Logo.png","width":2000,"height":2000,"caption":"Acetaia Marchi Srl"},"image":{"@id":"https:\/\/www.acetaiamarchi.com\/de\/#\/schema\/logo\/image\/"}}]}},"_links":{"self":[{"href":"https:\/\/www.acetaiamarchi.com\/de\/wp-json\/wp\/v2\/product\/10216","targetHints":{"allow":["GET"]}}],"collection":[{"href":"https:\/\/www.acetaiamarchi.com\/de\/wp-json\/wp\/v2\/product"}],"about":[{"href":"https:\/\/www.acetaiamarchi.com\/de\/wp-json\/wp\/v2\/types\/product"}],"version-history":[{"count":2,"href":"https:\/\/www.acetaiamarchi.com\/de\/wp-json\/wp\/v2\/product\/10216\/revisions"}],"predecessor-version":[{"id":11533,"href":"https:\/\/www.acetaiamarchi.com\/de\/wp-json\/wp\/v2\/product\/10216\/revisions\/11533"}],"wp:featuredmedia":[{"embeddable":true,"href":"https:\/\/www.acetaiamarchi.com\/de\/wp-json\/wp\/v2\/media\/1296"}],"wp:attachment":[{"href":"https:\/\/www.acetaiamarchi.com\/de\/wp-json\/wp\/v2\/media?parent=10216"}],"wp:term":[{"taxonomy":"product_brand","embeddable":true,"href":"https:\/\/www.acetaiamarchi.com\/de\/wp-json\/wp\/v2\/product_brand?post=10216"},{"taxonomy":"product_cat","embeddable":true,"href":"https:\/\/www.acetaiamarchi.com\/de\/wp-json\/wp\/v2\/product_cat?post=10216"},{"taxonomy":"product_tag","embeddable":true,"href":"https:\/\/www.acetaiamarchi.com\/de\/wp-json\/wp\/v2\/product_tag?post=10216"}],"curies":[{"name":"wp","href":"https:\/\/api.w.org\/{rel}","templated":true}]}}