{"id":10210,"date":"2025-03-26T14:52:17","date_gmt":"2025-03-26T13:52:17","guid":{"rendered":"https:\/\/www.acetaiamarchi.com\/de\/?post_type=product&#038;p=10210"},"modified":"2025-11-19T17:00:02","modified_gmt":"2025-11-19T16:00:02","slug":"bio-sus-sauer-sauce-aus-sauerkirschen-bio-balsamico-essig-aus-modena-igp","status":"publish","type":"product","link":"https:\/\/www.acetaiamarchi.com\/de\/produkt\/bio-sus-sauer-sauce-aus-sauerkirschen-bio-balsamico-essig-aus-modena-igp\/","title":{"rendered":"Bio-S\u00fc\u00df-Sauer-Sauce aus Sauerkirschen &#038; Bio-Balsamico-Essig aus Modena IGP"},"content":{"rendered":"<p>Auch bei unserer <strong>Bio-S\u00fc\u00df-Sauren Sauce aus Sauerkirschen &amp; Bio-Balsamico-Essig aus Modena IGP<\/strong> garantiert die Qualit\u00e4t die Echtheit der verwendeten Rohstoffe. Das Obst stammt aus biologischem Anbau und wird sorgf\u00e4ltig ausgew\u00e4hlt. Anschlie\u00dfend wird es einigen langsamen Kochprozessen unterzogen, die die traditionellen b\u00e4uerlichen Verfahren nachahmen.<\/p>\n<p>Die Fr\u00fcchte werden in offenen Kesseln \u00fcber direktem Feuer schonend gekocht, gem\u00e4\u00df der <strong>handwerklichen Methode<\/strong>. So beh\u00e4lt das Obst seinen unverf\u00e4lschten Geschmack. Wir bevorzugen die einfachsten Rezepte und legen Wert auf Tradition.<\/p>\n<p>Um unsere Saucen noch besser zu machen, verwenden wir unseren Bio-Balsamico-Essig aus Modena IGP, mit dem wir einen herrlichen Kontrast zwischen der S\u00e4ure und der S\u00fc\u00dfe der Fr\u00fcchte schaffen k\u00f6nnen. Diese Kombination erm\u00f6glicht es uns, Produkte mit einzigartigen Geschmacks- und Duftnoten zu garantieren, die den Gaumen voll und ganz zufriedenstellen.<\/p>\n<p><em><strong>In der K\u00fcche<\/strong><\/em>: Unsere Bio-S\u00fc\u00df-Saure Sauce aus Sauerkirschen &amp; Bio-Balsamico-Essig aus Modena IGP wird sehr gesch\u00e4tzt, wenn sie mit Parmigiano und\/oder gereiftem Pecorino serviert wird. Sie ist ideal auf Polenta-Crostini und eignet sich f\u00fcr Fleisch (insbesondere Wild) sowie zur Hervorhebung des zarten Geschmacks von Ricotta.<\/p>\n<p>Einzelproduktgr\u00f6\u00dfe: 120 g.<\/p>\n","protected":false},"excerpt":{"rendered":"<p>F\u00fcr unsere Marmeladen verwenden wir nur ausgew\u00e4hlte Fr\u00fcchte aus biologischem Anbau.<br \/>\nDie Fr\u00fcchte werden in offenen Kesseln \u00fcber direktem Feuer schonend nach traditioneller Art gekocht, um ihren Geschmack unver\u00e4ndert zu bewahren.<\/p>\n<p><b>Einzelproduktgr\u00f6\u00dfe:<\/b> 120 g.<\/p>\n","protected":false},"featured_media":1292,"template":"","meta":[],"product_brand":[],"product_cat":[501],"product_tag":[],"class_list":{"0":"post-10210","1":"product","2":"type-product","3":"status-publish","4":"has-post-thumbnail","6":"product_cat-suess-saure-konfitueren","8":"first","9":"instock","10":"featured","11":"shipping-taxable","12":"purchasable","13":"product-type-simple"},"yoast_head":"<!-- This site is optimized with the Yoast SEO plugin v27.4 - https:\/\/yoast.com\/product\/yoast-seo-wordpress\/ -->\n<title>Salsa agrodolce Biologica Amarene &amp; Aceto Balsamico di Modena IGP<\/title>\n<meta name=\"description\" content=\"Salsa agrodolce Biologica Amarene e Aceto Balsamico di Modena IGP Biologico. Preparazione artigianale con i soli zuccheri della frutta Biologica\" \/>\n<meta name=\"robots\" content=\"index, follow, max-snippet:-1, max-image-preview:large, max-video-preview:-1\" \/>\n<link rel=\"canonical\" href=\"https:\/\/www.acetaiamarchi.com\/de\/produkt\/bio-sus-sauer-sauce-aus-sauerkirschen-bio-balsamico-essig-aus-modena-igp\/\" \/>\n<meta property=\"og:locale\" content=\"de_DE\" \/>\n<meta property=\"og:type\" content=\"article\" \/>\n<meta property=\"og:title\" content=\"Salsa agrodolce Biologica Amarene &amp; Aceto Balsamico di Modena IGP\" \/>\n<meta property=\"og:description\" content=\"Salsa agrodolce Biologica Amarene e Aceto Balsamico di Modena IGP Biologico. Preparazione artigianale con i soli zuccheri della frutta Biologica\" \/>\n<meta property=\"og:url\" content=\"https:\/\/www.acetaiamarchi.com\/de\/produkt\/bio-sus-sauer-sauce-aus-sauerkirschen-bio-balsamico-essig-aus-modena-igp\/\" \/>\n<meta property=\"og:site_name\" content=\"Acetaia Marchi\" \/>\n<meta property=\"article:modified_time\" content=\"2025-11-19T16:00:02+00:00\" \/>\n<meta property=\"og:image\" content=\"https:\/\/www.acetaiamarchi.com\/wp-content\/uploads\/2025\/03\/salsa-amarene-e-aceto-copia.jpg\" \/>\n\t<meta property=\"og:image:width\" content=\"1600\" \/>\n\t<meta property=\"og:image:height\" content=\"1600\" \/>\n\t<meta property=\"og:image:type\" content=\"image\/jpeg\" \/>\n<meta name=\"twitter:card\" content=\"summary_large_image\" \/>\n<meta name=\"twitter:label1\" content=\"Gesch\u00e4tzte Lesezeit\" \/>\n\t<meta name=\"twitter:data1\" content=\"2\u00a0Minuten\" \/>\n<script type=\"application\/ld+json\" class=\"yoast-schema-graph\">{\"@context\":\"https:\\\/\\\/schema.org\",\"@graph\":[{\"@type\":\"WebPage\",\"@id\":\"https:\\\/\\\/www.acetaiamarchi.com\\\/de\\\/produkt\\\/bio-sus-sauer-sauce-aus-sauerkirschen-bio-balsamico-essig-aus-modena-igp\\\/\",\"url\":\"https:\\\/\\\/www.acetaiamarchi.com\\\/de\\\/produkt\\\/bio-sus-sauer-sauce-aus-sauerkirschen-bio-balsamico-essig-aus-modena-igp\\\/\",\"name\":\"Salsa agrodolce Biologica Amarene & Aceto Balsamico di Modena IGP\",\"isPartOf\":{\"@id\":\"https:\\\/\\\/www.acetaiamarchi.com\\\/de\\\/#website\"},\"primaryImageOfPage\":{\"@id\":\"https:\\\/\\\/www.acetaiamarchi.com\\\/de\\\/produkt\\\/bio-sus-sauer-sauce-aus-sauerkirschen-bio-balsamico-essig-aus-modena-igp\\\/#primaryimage\"},\"image\":{\"@id\":\"https:\\\/\\\/www.acetaiamarchi.com\\\/de\\\/produkt\\\/bio-sus-sauer-sauce-aus-sauerkirschen-bio-balsamico-essig-aus-modena-igp\\\/#primaryimage\"},\"thumbnailUrl\":\"https:\\\/\\\/www.acetaiamarchi.com\\\/wp-content\\\/uploads\\\/2025\\\/03\\\/salsa-amarene-e-aceto-copia.jpg\",\"datePublished\":\"2025-03-26T13:52:17+00:00\",\"dateModified\":\"2025-11-19T16:00:02+00:00\",\"description\":\"Salsa agrodolce Biologica Amarene e Aceto Balsamico di Modena IGP Biologico. Preparazione artigianale con i soli zuccheri della frutta Biologica\",\"breadcrumb\":{\"@id\":\"https:\\\/\\\/www.acetaiamarchi.com\\\/de\\\/produkt\\\/bio-sus-sauer-sauce-aus-sauerkirschen-bio-balsamico-essig-aus-modena-igp\\\/#breadcrumb\"},\"inLanguage\":\"de\",\"potentialAction\":[{\"@type\":\"ReadAction\",\"target\":[\"https:\\\/\\\/www.acetaiamarchi.com\\\/de\\\/produkt\\\/bio-sus-sauer-sauce-aus-sauerkirschen-bio-balsamico-essig-aus-modena-igp\\\/\"]}]},{\"@type\":\"ImageObject\",\"inLanguage\":\"de\",\"@id\":\"https:\\\/\\\/www.acetaiamarchi.com\\\/de\\\/produkt\\\/bio-sus-sauer-sauce-aus-sauerkirschen-bio-balsamico-essig-aus-modena-igp\\\/#primaryimage\",\"url\":\"https:\\\/\\\/www.acetaiamarchi.com\\\/wp-content\\\/uploads\\\/2025\\\/03\\\/salsa-amarene-e-aceto-copia.jpg\",\"contentUrl\":\"https:\\\/\\\/www.acetaiamarchi.com\\\/wp-content\\\/uploads\\\/2025\\\/03\\\/salsa-amarene-e-aceto-copia.jpg\",\"width\":1600,\"height\":1600,\"caption\":\"Amarene & Aceto Balsamico di Modena IGP Biologico\"},{\"@type\":\"BreadcrumbList\",\"@id\":\"https:\\\/\\\/www.acetaiamarchi.com\\\/de\\\/produkt\\\/bio-sus-sauer-sauce-aus-sauerkirschen-bio-balsamico-essig-aus-modena-igp\\\/#breadcrumb\",\"itemListElement\":[{\"@type\":\"ListItem\",\"position\":1,\"name\":\"Home\",\"item\":\"https:\\\/\\\/www.acetaiamarchi.com\\\/de\\\/\"},{\"@type\":\"ListItem\",\"position\":2,\"name\":\"Produkte\",\"item\":\"https:\\\/\\\/www.acetaiamarchi.com\\\/de\\\/shop\\\/\"},{\"@type\":\"ListItem\",\"position\":3,\"name\":\"Bio-S\u00fc\u00df-Sauer-Sauce aus Sauerkirschen &#038; Bio-Balsamico-Essig aus Modena IGP\"}]},{\"@type\":\"WebSite\",\"@id\":\"https:\\\/\\\/www.acetaiamarchi.com\\\/de\\\/#website\",\"url\":\"https:\\\/\\\/www.acetaiamarchi.com\\\/de\\\/\",\"name\":\"Acetaia Marchi Srl\",\"description\":\"\",\"publisher\":{\"@id\":\"https:\\\/\\\/www.acetaiamarchi.com\\\/de\\\/#organization\"},\"potentialAction\":[{\"@type\":\"SearchAction\",\"target\":{\"@type\":\"EntryPoint\",\"urlTemplate\":\"https:\\\/\\\/www.acetaiamarchi.com\\\/de\\\/?s={search_term_string}\"},\"query-input\":{\"@type\":\"PropertyValueSpecification\",\"valueRequired\":true,\"valueName\":\"search_term_string\"}}],\"inLanguage\":\"de\"},{\"@type\":\"Organization\",\"@id\":\"https:\\\/\\\/www.acetaiamarchi.com\\\/de\\\/#organization\",\"name\":\"Acetaia Marchi Srl\",\"url\":\"https:\\\/\\\/www.acetaiamarchi.com\\\/de\\\/\",\"logo\":{\"@type\":\"ImageObject\",\"inLanguage\":\"de\",\"@id\":\"https:\\\/\\\/www.acetaiamarchi.com\\\/de\\\/#\\\/schema\\\/logo\\\/image\\\/\",\"url\":\"https:\\\/\\\/acetaiamarchi.com\\\/wp-content\\\/uploads\\\/2025\\\/03\\\/Acetaia-Marchi-Srl-Logo.png\",\"contentUrl\":\"https:\\\/\\\/acetaiamarchi.com\\\/wp-content\\\/uploads\\\/2025\\\/03\\\/Acetaia-Marchi-Srl-Logo.png\",\"width\":2000,\"height\":2000,\"caption\":\"Acetaia Marchi Srl\"},\"image\":{\"@id\":\"https:\\\/\\\/www.acetaiamarchi.com\\\/de\\\/#\\\/schema\\\/logo\\\/image\\\/\"}}]}<\/script>\n<!-- \/ Yoast SEO plugin. -->","yoast_head_json":{"title":"Salsa agrodolce Biologica Amarene & Aceto Balsamico di Modena IGP","description":"Salsa agrodolce Biologica Amarene e Aceto Balsamico di Modena IGP Biologico. Preparazione artigianale con i soli zuccheri della frutta Biologica","robots":{"index":"index","follow":"follow","max-snippet":"max-snippet:-1","max-image-preview":"max-image-preview:large","max-video-preview":"max-video-preview:-1"},"canonical":"https:\/\/www.acetaiamarchi.com\/de\/produkt\/bio-sus-sauer-sauce-aus-sauerkirschen-bio-balsamico-essig-aus-modena-igp\/","og_locale":"de_DE","og_type":"article","og_title":"Salsa agrodolce Biologica Amarene & Aceto Balsamico di Modena IGP","og_description":"Salsa agrodolce Biologica Amarene e Aceto Balsamico di Modena IGP Biologico. Preparazione artigianale con i soli zuccheri della frutta Biologica","og_url":"https:\/\/www.acetaiamarchi.com\/de\/produkt\/bio-sus-sauer-sauce-aus-sauerkirschen-bio-balsamico-essig-aus-modena-igp\/","og_site_name":"Acetaia Marchi","article_modified_time":"2025-11-19T16:00:02+00:00","og_image":[{"width":1600,"height":1600,"url":"https:\/\/www.acetaiamarchi.com\/wp-content\/uploads\/2025\/03\/salsa-amarene-e-aceto-copia.jpg","type":"image\/jpeg"}],"twitter_card":"summary_large_image","twitter_misc":{"Gesch\u00e4tzte Lesezeit":"2\u00a0Minuten"},"schema":{"@context":"https:\/\/schema.org","@graph":[{"@type":"WebPage","@id":"https:\/\/www.acetaiamarchi.com\/de\/produkt\/bio-sus-sauer-sauce-aus-sauerkirschen-bio-balsamico-essig-aus-modena-igp\/","url":"https:\/\/www.acetaiamarchi.com\/de\/produkt\/bio-sus-sauer-sauce-aus-sauerkirschen-bio-balsamico-essig-aus-modena-igp\/","name":"Salsa agrodolce Biologica Amarene & Aceto Balsamico di Modena IGP","isPartOf":{"@id":"https:\/\/www.acetaiamarchi.com\/de\/#website"},"primaryImageOfPage":{"@id":"https:\/\/www.acetaiamarchi.com\/de\/produkt\/bio-sus-sauer-sauce-aus-sauerkirschen-bio-balsamico-essig-aus-modena-igp\/#primaryimage"},"image":{"@id":"https:\/\/www.acetaiamarchi.com\/de\/produkt\/bio-sus-sauer-sauce-aus-sauerkirschen-bio-balsamico-essig-aus-modena-igp\/#primaryimage"},"thumbnailUrl":"https:\/\/www.acetaiamarchi.com\/wp-content\/uploads\/2025\/03\/salsa-amarene-e-aceto-copia.jpg","datePublished":"2025-03-26T13:52:17+00:00","dateModified":"2025-11-19T16:00:02+00:00","description":"Salsa agrodolce Biologica Amarene e Aceto Balsamico di Modena IGP Biologico. Preparazione artigianale con i soli zuccheri della frutta Biologica","breadcrumb":{"@id":"https:\/\/www.acetaiamarchi.com\/de\/produkt\/bio-sus-sauer-sauce-aus-sauerkirschen-bio-balsamico-essig-aus-modena-igp\/#breadcrumb"},"inLanguage":"de","potentialAction":[{"@type":"ReadAction","target":["https:\/\/www.acetaiamarchi.com\/de\/produkt\/bio-sus-sauer-sauce-aus-sauerkirschen-bio-balsamico-essig-aus-modena-igp\/"]}]},{"@type":"ImageObject","inLanguage":"de","@id":"https:\/\/www.acetaiamarchi.com\/de\/produkt\/bio-sus-sauer-sauce-aus-sauerkirschen-bio-balsamico-essig-aus-modena-igp\/#primaryimage","url":"https:\/\/www.acetaiamarchi.com\/wp-content\/uploads\/2025\/03\/salsa-amarene-e-aceto-copia.jpg","contentUrl":"https:\/\/www.acetaiamarchi.com\/wp-content\/uploads\/2025\/03\/salsa-amarene-e-aceto-copia.jpg","width":1600,"height":1600,"caption":"Amarene & Aceto Balsamico di Modena IGP Biologico"},{"@type":"BreadcrumbList","@id":"https:\/\/www.acetaiamarchi.com\/de\/produkt\/bio-sus-sauer-sauce-aus-sauerkirschen-bio-balsamico-essig-aus-modena-igp\/#breadcrumb","itemListElement":[{"@type":"ListItem","position":1,"name":"Home","item":"https:\/\/www.acetaiamarchi.com\/de\/"},{"@type":"ListItem","position":2,"name":"Produkte","item":"https:\/\/www.acetaiamarchi.com\/de\/shop\/"},{"@type":"ListItem","position":3,"name":"Bio-S\u00fc\u00df-Sauer-Sauce aus Sauerkirschen &#038; Bio-Balsamico-Essig aus Modena IGP"}]},{"@type":"WebSite","@id":"https:\/\/www.acetaiamarchi.com\/de\/#website","url":"https:\/\/www.acetaiamarchi.com\/de\/","name":"Acetaia Marchi Srl","description":"","publisher":{"@id":"https:\/\/www.acetaiamarchi.com\/de\/#organization"},"potentialAction":[{"@type":"SearchAction","target":{"@type":"EntryPoint","urlTemplate":"https:\/\/www.acetaiamarchi.com\/de\/?s={search_term_string}"},"query-input":{"@type":"PropertyValueSpecification","valueRequired":true,"valueName":"search_term_string"}}],"inLanguage":"de"},{"@type":"Organization","@id":"https:\/\/www.acetaiamarchi.com\/de\/#organization","name":"Acetaia Marchi Srl","url":"https:\/\/www.acetaiamarchi.com\/de\/","logo":{"@type":"ImageObject","inLanguage":"de","@id":"https:\/\/www.acetaiamarchi.com\/de\/#\/schema\/logo\/image\/","url":"https:\/\/acetaiamarchi.com\/wp-content\/uploads\/2025\/03\/Acetaia-Marchi-Srl-Logo.png","contentUrl":"https:\/\/acetaiamarchi.com\/wp-content\/uploads\/2025\/03\/Acetaia-Marchi-Srl-Logo.png","width":2000,"height":2000,"caption":"Acetaia Marchi Srl"},"image":{"@id":"https:\/\/www.acetaiamarchi.com\/de\/#\/schema\/logo\/image\/"}}]}},"_links":{"self":[{"href":"https:\/\/www.acetaiamarchi.com\/de\/wp-json\/wp\/v2\/product\/10210","targetHints":{"allow":["GET"]}}],"collection":[{"href":"https:\/\/www.acetaiamarchi.com\/de\/wp-json\/wp\/v2\/product"}],"about":[{"href":"https:\/\/www.acetaiamarchi.com\/de\/wp-json\/wp\/v2\/types\/product"}],"version-history":[{"count":2,"href":"https:\/\/www.acetaiamarchi.com\/de\/wp-json\/wp\/v2\/product\/10210\/revisions"}],"predecessor-version":[{"id":11543,"href":"https:\/\/www.acetaiamarchi.com\/de\/wp-json\/wp\/v2\/product\/10210\/revisions\/11543"}],"wp:featuredmedia":[{"embeddable":true,"href":"https:\/\/www.acetaiamarchi.com\/de\/wp-json\/wp\/v2\/media\/1292"}],"wp:attachment":[{"href":"https:\/\/www.acetaiamarchi.com\/de\/wp-json\/wp\/v2\/media?parent=10210"}],"wp:term":[{"taxonomy":"product_brand","embeddable":true,"href":"https:\/\/www.acetaiamarchi.com\/de\/wp-json\/wp\/v2\/product_brand?post=10210"},{"taxonomy":"product_cat","embeddable":true,"href":"https:\/\/www.acetaiamarchi.com\/de\/wp-json\/wp\/v2\/product_cat?post=10210"},{"taxonomy":"product_tag","embeddable":true,"href":"https:\/\/www.acetaiamarchi.com\/de\/wp-json\/wp\/v2\/product_tag?post=10210"}],"curies":[{"name":"wp","href":"https:\/\/api.w.org\/{rel}","templated":true}]}}