{"id":10163,"date":"2025-03-25T14:54:44","date_gmt":"2025-03-25T13:54:44","guid":{"rendered":"https:\/\/www.acetaiamarchi.com\/de\/?post_type=product&#038;p=10163"},"modified":"2025-11-19T23:40:38","modified_gmt":"2025-11-19T22:40:38","slug":"balsamico-dressing-eccellente-28","status":"publish","type":"product","link":"https:\/\/www.acetaiamarchi.com\/de\/produkt\/balsamico-dressing-eccellente-28\/","title":{"rendered":"Balsamico-Dressing \u201eEccellente 28\u201c"},"content":{"rendered":"<p>Lange gereift in edlen Holzf\u00e4ssern, verleiht das Balsamico-Dressing \u201eEccellente 28\u201c ein <strong>intensives und anhaltendes Aroma<\/strong>, gepr\u00e4gt von <strong>fruchtigen Noten<\/strong>, die es einzigartig und au\u00dfergew\u00f6hnlich machen. Mit seiner tiefschwarzen, klaren und gl\u00e4nzenden Farbe besticht es durch seine optisch sirupartige Konsistenz. Schon beim ersten Probieren entfaltet es die Qualit\u00e4t, die unsere Essigmanufaktur mit ihren Produkten garantiert.<\/p>\n<p>Wir k\u00f6nnen dieses Balsamico-Dressing als echtes Aush\u00e4ngeschild der Kollektionen der Familie Marchi bezeichnen. Sein harmonischer, voller, runder, intensiver und umh\u00fcllender Geschmack wertet jede Art von Gericht auf und verleiht dem Teller stets einen Hauch von Eleganz. Das Produkt wird in der eleganten 100 ml Provetta Sferica Flasche angeboten.<\/p>\n<div class=\"row-container\">\n<div class=\"row row-parent style- no-top-padding no-h-padding no-bottom-padding\">\n<div class=\"tab-container wootabs\">\n<div class=\"tab-content\">\n<div id=\"tab-ingredienti-522\" class=\"tab-pane fade single-h-padding half-internal-gutter single-block-padding active in\">\n<p><em><strong>In der K\u00fcche<\/strong><\/em>: Dieses Balsamico-Dressing eignet sich besonders gut zur Kombination mit Krustentieren, frischem Obst und Halbgefrorenem.<\/p>\n<\/div>\n<\/div>\n<\/div>\n<\/div>\n<\/div>\n","protected":false},"excerpt":{"rendered":"<p>Erh\u00e4ltlich in der eleganten Provetta Sferica Flasche mit 100 ml.<\/p>\n","protected":false},"featured_media":1087,"template":"","meta":[],"product_brand":[],"product_cat":[494],"product_tag":[],"class_list":{"0":"post-10163","1":"product","2":"type-product","3":"status-publish","4":"has-post-thumbnail","6":"product_cat-balsamische-wuerzmittel","8":"first","9":"instock","10":"featured","11":"shipping-taxable","12":"purchasable","13":"product-type-simple"},"yoast_head":"<!-- This site is optimized with the Yoast SEO plugin v27.4 - https:\/\/yoast.com\/product\/yoast-seo-wordpress\/ -->\n<title>Balsamico-Dressing \u201eEccellente 28\u201c - Acetaia Marchi<\/title>\n<meta name=\"description\" content=\"Maturato per molto tempo in botticelle di legno pregiato, il Condimento Balsamico \u201cEccellente 28\u201d si abbina bene a crostacei, frutta fresca e semifreddi.\" \/>\n<meta name=\"robots\" content=\"index, follow, max-snippet:-1, max-image-preview:large, max-video-preview:-1\" \/>\n<link rel=\"canonical\" href=\"https:\/\/www.acetaiamarchi.com\/de\/produkt\/balsamico-dressing-eccellente-28\/\" \/>\n<meta property=\"og:locale\" content=\"de_DE\" \/>\n<meta property=\"og:type\" content=\"article\" \/>\n<meta property=\"og:title\" content=\"Balsamico-Dressing \u201eEccellente 28\u201c - Acetaia Marchi\" \/>\n<meta property=\"og:description\" content=\"Maturato per molto tempo in botticelle di legno pregiato, il Condimento Balsamico \u201cEccellente 28\u201d si abbina bene a crostacei, frutta fresca e semifreddi.\" \/>\n<meta property=\"og:url\" content=\"https:\/\/www.acetaiamarchi.com\/de\/produkt\/balsamico-dressing-eccellente-28\/\" \/>\n<meta property=\"og:site_name\" content=\"Acetaia Marchi\" \/>\n<meta property=\"article:modified_time\" content=\"2025-11-19T22:40:38+00:00\" \/>\n<meta property=\"og:image\" content=\"https:\/\/www.acetaiamarchi.com\/wp-content\/uploads\/2025\/03\/Condimento-Balsamico-Eccellente.jpg\" \/>\n\t<meta property=\"og:image:width\" content=\"1600\" \/>\n\t<meta property=\"og:image:height\" content=\"1600\" \/>\n\t<meta property=\"og:image:type\" content=\"image\/jpeg\" \/>\n<meta name=\"twitter:card\" content=\"summary_large_image\" \/>\n<meta name=\"twitter:label1\" content=\"Gesch\u00e4tzte Lesezeit\" \/>\n\t<meta name=\"twitter:data1\" content=\"1\u00a0Minute\" \/>\n<script type=\"application\/ld+json\" class=\"yoast-schema-graph\">{\"@context\":\"https:\\\/\\\/schema.org\",\"@graph\":[{\"@type\":\"WebPage\",\"@id\":\"https:\\\/\\\/www.acetaiamarchi.com\\\/de\\\/produkt\\\/balsamico-dressing-eccellente-28\\\/\",\"url\":\"https:\\\/\\\/www.acetaiamarchi.com\\\/de\\\/produkt\\\/balsamico-dressing-eccellente-28\\\/\",\"name\":\"Balsamico-Dressing \u201eEccellente 28\u201c - Acetaia Marchi\",\"isPartOf\":{\"@id\":\"https:\\\/\\\/www.acetaiamarchi.com\\\/de\\\/#website\"},\"primaryImageOfPage\":{\"@id\":\"https:\\\/\\\/www.acetaiamarchi.com\\\/de\\\/produkt\\\/balsamico-dressing-eccellente-28\\\/#primaryimage\"},\"image\":{\"@id\":\"https:\\\/\\\/www.acetaiamarchi.com\\\/de\\\/produkt\\\/balsamico-dressing-eccellente-28\\\/#primaryimage\"},\"thumbnailUrl\":\"https:\\\/\\\/www.acetaiamarchi.com\\\/wp-content\\\/uploads\\\/2025\\\/03\\\/Condimento-Balsamico-Eccellente.jpg\",\"datePublished\":\"2025-03-25T13:54:44+00:00\",\"dateModified\":\"2025-11-19T22:40:38+00:00\",\"description\":\"Maturato per molto tempo in botticelle di legno pregiato, il Condimento Balsamico \u201cEccellente 28\u201d si abbina bene a crostacei, frutta fresca e semifreddi.\",\"breadcrumb\":{\"@id\":\"https:\\\/\\\/www.acetaiamarchi.com\\\/de\\\/produkt\\\/balsamico-dressing-eccellente-28\\\/#breadcrumb\"},\"inLanguage\":\"de\",\"potentialAction\":[{\"@type\":\"ReadAction\",\"target\":[\"https:\\\/\\\/www.acetaiamarchi.com\\\/de\\\/produkt\\\/balsamico-dressing-eccellente-28\\\/\"]}]},{\"@type\":\"ImageObject\",\"inLanguage\":\"de\",\"@id\":\"https:\\\/\\\/www.acetaiamarchi.com\\\/de\\\/produkt\\\/balsamico-dressing-eccellente-28\\\/#primaryimage\",\"url\":\"https:\\\/\\\/www.acetaiamarchi.com\\\/wp-content\\\/uploads\\\/2025\\\/03\\\/Condimento-Balsamico-Eccellente.jpg\",\"contentUrl\":\"https:\\\/\\\/www.acetaiamarchi.com\\\/wp-content\\\/uploads\\\/2025\\\/03\\\/Condimento-Balsamico-Eccellente.jpg\",\"width\":1600,\"height\":1600,\"caption\":\"Eccellente 28\"},{\"@type\":\"BreadcrumbList\",\"@id\":\"https:\\\/\\\/www.acetaiamarchi.com\\\/de\\\/produkt\\\/balsamico-dressing-eccellente-28\\\/#breadcrumb\",\"itemListElement\":[{\"@type\":\"ListItem\",\"position\":1,\"name\":\"Home\",\"item\":\"https:\\\/\\\/www.acetaiamarchi.com\\\/de\\\/\"},{\"@type\":\"ListItem\",\"position\":2,\"name\":\"Produkte\",\"item\":\"https:\\\/\\\/www.acetaiamarchi.com\\\/de\\\/shop\\\/\"},{\"@type\":\"ListItem\",\"position\":3,\"name\":\"Balsamico-Dressing \u201eEccellente 28\u201c\"}]},{\"@type\":\"WebSite\",\"@id\":\"https:\\\/\\\/www.acetaiamarchi.com\\\/de\\\/#website\",\"url\":\"https:\\\/\\\/www.acetaiamarchi.com\\\/de\\\/\",\"name\":\"Acetaia Marchi Srl\",\"description\":\"\",\"publisher\":{\"@id\":\"https:\\\/\\\/www.acetaiamarchi.com\\\/de\\\/#organization\"},\"potentialAction\":[{\"@type\":\"SearchAction\",\"target\":{\"@type\":\"EntryPoint\",\"urlTemplate\":\"https:\\\/\\\/www.acetaiamarchi.com\\\/de\\\/?s={search_term_string}\"},\"query-input\":{\"@type\":\"PropertyValueSpecification\",\"valueRequired\":true,\"valueName\":\"search_term_string\"}}],\"inLanguage\":\"de\"},{\"@type\":\"Organization\",\"@id\":\"https:\\\/\\\/www.acetaiamarchi.com\\\/de\\\/#organization\",\"name\":\"Acetaia Marchi Srl\",\"url\":\"https:\\\/\\\/www.acetaiamarchi.com\\\/de\\\/\",\"logo\":{\"@type\":\"ImageObject\",\"inLanguage\":\"de\",\"@id\":\"https:\\\/\\\/www.acetaiamarchi.com\\\/de\\\/#\\\/schema\\\/logo\\\/image\\\/\",\"url\":\"https:\\\/\\\/acetaiamarchi.com\\\/wp-content\\\/uploads\\\/2025\\\/03\\\/Acetaia-Marchi-Srl-Logo.png\",\"contentUrl\":\"https:\\\/\\\/acetaiamarchi.com\\\/wp-content\\\/uploads\\\/2025\\\/03\\\/Acetaia-Marchi-Srl-Logo.png\",\"width\":2000,\"height\":2000,\"caption\":\"Acetaia Marchi Srl\"},\"image\":{\"@id\":\"https:\\\/\\\/www.acetaiamarchi.com\\\/de\\\/#\\\/schema\\\/logo\\\/image\\\/\"}}]}<\/script>\n<!-- \/ Yoast SEO plugin. -->","yoast_head_json":{"title":"Balsamico-Dressing \u201eEccellente 28\u201c - Acetaia Marchi","description":"Maturato per molto tempo in botticelle di legno pregiato, il Condimento Balsamico \u201cEccellente 28\u201d si abbina bene a crostacei, frutta fresca e semifreddi.","robots":{"index":"index","follow":"follow","max-snippet":"max-snippet:-1","max-image-preview":"max-image-preview:large","max-video-preview":"max-video-preview:-1"},"canonical":"https:\/\/www.acetaiamarchi.com\/de\/produkt\/balsamico-dressing-eccellente-28\/","og_locale":"de_DE","og_type":"article","og_title":"Balsamico-Dressing \u201eEccellente 28\u201c - Acetaia Marchi","og_description":"Maturato per molto tempo in botticelle di legno pregiato, il Condimento Balsamico \u201cEccellente 28\u201d si abbina bene a crostacei, frutta fresca e semifreddi.","og_url":"https:\/\/www.acetaiamarchi.com\/de\/produkt\/balsamico-dressing-eccellente-28\/","og_site_name":"Acetaia Marchi","article_modified_time":"2025-11-19T22:40:38+00:00","og_image":[{"width":1600,"height":1600,"url":"https:\/\/www.acetaiamarchi.com\/wp-content\/uploads\/2025\/03\/Condimento-Balsamico-Eccellente.jpg","type":"image\/jpeg"}],"twitter_card":"summary_large_image","twitter_misc":{"Gesch\u00e4tzte Lesezeit":"1\u00a0Minute"},"schema":{"@context":"https:\/\/schema.org","@graph":[{"@type":"WebPage","@id":"https:\/\/www.acetaiamarchi.com\/de\/produkt\/balsamico-dressing-eccellente-28\/","url":"https:\/\/www.acetaiamarchi.com\/de\/produkt\/balsamico-dressing-eccellente-28\/","name":"Balsamico-Dressing \u201eEccellente 28\u201c - Acetaia Marchi","isPartOf":{"@id":"https:\/\/www.acetaiamarchi.com\/de\/#website"},"primaryImageOfPage":{"@id":"https:\/\/www.acetaiamarchi.com\/de\/produkt\/balsamico-dressing-eccellente-28\/#primaryimage"},"image":{"@id":"https:\/\/www.acetaiamarchi.com\/de\/produkt\/balsamico-dressing-eccellente-28\/#primaryimage"},"thumbnailUrl":"https:\/\/www.acetaiamarchi.com\/wp-content\/uploads\/2025\/03\/Condimento-Balsamico-Eccellente.jpg","datePublished":"2025-03-25T13:54:44+00:00","dateModified":"2025-11-19T22:40:38+00:00","description":"Maturato per molto tempo in botticelle di legno pregiato, il Condimento Balsamico \u201cEccellente 28\u201d si abbina bene a crostacei, frutta fresca e semifreddi.","breadcrumb":{"@id":"https:\/\/www.acetaiamarchi.com\/de\/produkt\/balsamico-dressing-eccellente-28\/#breadcrumb"},"inLanguage":"de","potentialAction":[{"@type":"ReadAction","target":["https:\/\/www.acetaiamarchi.com\/de\/produkt\/balsamico-dressing-eccellente-28\/"]}]},{"@type":"ImageObject","inLanguage":"de","@id":"https:\/\/www.acetaiamarchi.com\/de\/produkt\/balsamico-dressing-eccellente-28\/#primaryimage","url":"https:\/\/www.acetaiamarchi.com\/wp-content\/uploads\/2025\/03\/Condimento-Balsamico-Eccellente.jpg","contentUrl":"https:\/\/www.acetaiamarchi.com\/wp-content\/uploads\/2025\/03\/Condimento-Balsamico-Eccellente.jpg","width":1600,"height":1600,"caption":"Eccellente 28"},{"@type":"BreadcrumbList","@id":"https:\/\/www.acetaiamarchi.com\/de\/produkt\/balsamico-dressing-eccellente-28\/#breadcrumb","itemListElement":[{"@type":"ListItem","position":1,"name":"Home","item":"https:\/\/www.acetaiamarchi.com\/de\/"},{"@type":"ListItem","position":2,"name":"Produkte","item":"https:\/\/www.acetaiamarchi.com\/de\/shop\/"},{"@type":"ListItem","position":3,"name":"Balsamico-Dressing \u201eEccellente 28\u201c"}]},{"@type":"WebSite","@id":"https:\/\/www.acetaiamarchi.com\/de\/#website","url":"https:\/\/www.acetaiamarchi.com\/de\/","name":"Acetaia Marchi Srl","description":"","publisher":{"@id":"https:\/\/www.acetaiamarchi.com\/de\/#organization"},"potentialAction":[{"@type":"SearchAction","target":{"@type":"EntryPoint","urlTemplate":"https:\/\/www.acetaiamarchi.com\/de\/?s={search_term_string}"},"query-input":{"@type":"PropertyValueSpecification","valueRequired":true,"valueName":"search_term_string"}}],"inLanguage":"de"},{"@type":"Organization","@id":"https:\/\/www.acetaiamarchi.com\/de\/#organization","name":"Acetaia Marchi Srl","url":"https:\/\/www.acetaiamarchi.com\/de\/","logo":{"@type":"ImageObject","inLanguage":"de","@id":"https:\/\/www.acetaiamarchi.com\/de\/#\/schema\/logo\/image\/","url":"https:\/\/acetaiamarchi.com\/wp-content\/uploads\/2025\/03\/Acetaia-Marchi-Srl-Logo.png","contentUrl":"https:\/\/acetaiamarchi.com\/wp-content\/uploads\/2025\/03\/Acetaia-Marchi-Srl-Logo.png","width":2000,"height":2000,"caption":"Acetaia Marchi Srl"},"image":{"@id":"https:\/\/www.acetaiamarchi.com\/de\/#\/schema\/logo\/image\/"}}]}},"_links":{"self":[{"href":"https:\/\/www.acetaiamarchi.com\/de\/wp-json\/wp\/v2\/product\/10163","targetHints":{"allow":["GET"]}}],"collection":[{"href":"https:\/\/www.acetaiamarchi.com\/de\/wp-json\/wp\/v2\/product"}],"about":[{"href":"https:\/\/www.acetaiamarchi.com\/de\/wp-json\/wp\/v2\/types\/product"}],"version-history":[{"count":3,"href":"https:\/\/www.acetaiamarchi.com\/de\/wp-json\/wp\/v2\/product\/10163\/revisions"}],"predecessor-version":[{"id":11663,"href":"https:\/\/www.acetaiamarchi.com\/de\/wp-json\/wp\/v2\/product\/10163\/revisions\/11663"}],"wp:featuredmedia":[{"embeddable":true,"href":"https:\/\/www.acetaiamarchi.com\/de\/wp-json\/wp\/v2\/media\/1087"}],"wp:attachment":[{"href":"https:\/\/www.acetaiamarchi.com\/de\/wp-json\/wp\/v2\/media?parent=10163"}],"wp:term":[{"taxonomy":"product_brand","embeddable":true,"href":"https:\/\/www.acetaiamarchi.com\/de\/wp-json\/wp\/v2\/product_brand?post=10163"},{"taxonomy":"product_cat","embeddable":true,"href":"https:\/\/www.acetaiamarchi.com\/de\/wp-json\/wp\/v2\/product_cat?post=10163"},{"taxonomy":"product_tag","embeddable":true,"href":"https:\/\/www.acetaiamarchi.com\/de\/wp-json\/wp\/v2\/product_tag?post=10163"}],"curies":[{"name":"wp","href":"https:\/\/api.w.org\/{rel}","templated":true}]}}